{"id":1674,"date":"2024-06-03T08:11:06","date_gmt":"2024-06-03T08:11:06","guid":{"rendered":"https:\/\/moroccodesertlines.com\/a-propos-de-nous\/"},"modified":"2024-10-06T08:42:38","modified_gmt":"2024-10-06T08:42:38","slug":"a-propos-de-nous","status":"publish","type":"page","link":"https:\/\/moroccodesertlines.com\/fr\/a-propos-de-nous\/","title":{"rendered":"\u00c0 propos de Nous"},"content":{"rendered":"\t\t<div data-elementor-type=\"wp-page\" data-elementor-id=\"1674\" class=\"elementor elementor-1674 elementor-565\" data-elementor-post-type=\"page\">\n\t\t\t\t<div class=\"elementor-element elementor-element-4d5f140 e-flex e-con-boxed e-con e-parent\" data-id=\"4d5f140\" data-element_type=\"container\" data-e-type=\"container\" data-settings=\"{&quot;background_background&quot;:&quot;classic&quot;}\">\n\t\t\t\t\t<div class=\"e-con-inner\">\n\t\t\t\t<div class=\"elementor-element elementor-element-f18924d elementor-widget elementor-widget-heading\" data-id=\"f18924d\" data-element_type=\"widget\" data-e-type=\"widget\" data-widget_type=\"heading.default\">\n\t\t\t\t<div class=\"elementor-widget-container\">\n\t\t\t\t\t<h1 class=\"elementor-heading-title elementor-size-default\">\u00c0 propos de Nous<\/h1>\t\t\t\t<\/div>\n\t\t\t\t<\/div>\n\t\t\t\t<div class=\"elementor-element elementor-element-87ab090 elementor-widget elementor-widget-shortcode\" data-id=\"87ab090\" data-element_type=\"widget\" data-e-type=\"widget\" data-widget_type=\"shortcode.default\">\n\t\t\t\t<div class=\"elementor-widget-container\">\n\t\t\t\t\t\t\t<div class=\"elementor-shortcode\"><nav aria-label=\"breadcrumbs\" class=\"rank-math-breadcrumb\"><p><span class=\"last\">Home<\/span><\/p><\/nav><\/div>\n\t\t\t\t\t\t<\/div>\n\t\t\t\t<\/div>\n\t\t\t\t\t<\/div>\n\t\t\t\t<\/div>\n\t\t<div class=\"elementor-element elementor-element-5b6acd6 e-flex e-con-boxed e-con e-parent\" data-id=\"5b6acd6\" data-element_type=\"container\" data-e-type=\"container\">\n\t\t\t\t\t<div class=\"e-con-inner\">\n\t\t<div class=\"elementor-element elementor-element-5b00241 e-con-full e-flex e-con e-child\" data-id=\"5b00241\" data-element_type=\"container\" data-e-type=\"container\">\n\t\t<div class=\"elementor-element elementor-element-dd0b493 e-con-full e-flex e-con e-child\" data-id=\"dd0b493\" data-element_type=\"container\" data-e-type=\"container\">\n\t\t\t\t<div class=\"elementor-element elementor-element-41fe6864 elementor-widget elementor-widget-heading\" data-id=\"41fe6864\" data-element_type=\"widget\" data-e-type=\"widget\" data-widget_type=\"heading.default\">\n\t\t\t\t<div class=\"elementor-widget-container\">\n\t\t\t\t\t<h3 class=\"elementor-heading-title elementor-size-default\">Informations de contact<\/h3>\t\t\t\t<\/div>\n\t\t\t\t<\/div>\n\t\t\t\t<div class=\"elementor-element elementor-element-166b3bc9 elementor-icon-list--layout-traditional elementor-list-item-link-full_width elementor-widget elementor-widget-icon-list\" data-id=\"166b3bc9\" data-element_type=\"widget\" data-e-type=\"widget\" data-widget_type=\"icon-list.default\">\n\t\t\t\t<div class=\"elementor-widget-container\">\n\t\t\t\t\t\t\t<ul class=\"elementor-icon-list-items\">\n\t\t\t\t\t\t\t<li class=\"elementor-icon-list-item\">\n\t\t\t\t\t\t\t\t\t\t\t<span class=\"elementor-icon-list-icon\">\n\t\t\t\t\t\t\t<svg aria-hidden=\"true\" class=\"e-font-icon-svg e-fas-phone-square-alt\" viewBox=\"0 0 448 512\" xmlns=\"http:\/\/www.w3.org\/2000\/svg\"><path d=\"M400 32H48A48 48 0 0 0 0 80v352a48 48 0 0 0 48 48h352a48 48 0 0 0 48-48V80a48 48 0 0 0-48-48zm-16.39 307.37l-15 65A15 15 0 0 1 354 416C194 416 64 286.29 64 126a15.7 15.7 0 0 1 11.63-14.61l65-15A18.23 18.23 0 0 1 144 96a16.27 16.27 0 0 1 13.79 9.09l30 70A17.9 17.9 0 0 1 189 181a17 17 0 0 1-5.5 11.61l-37.89 31a231.91 231.91 0 0 0 110.78 110.78l31-37.89A17 17 0 0 1 299 291a17.85 17.85 0 0 1 5.91 1.21l70 30A16.25 16.25 0 0 1 384 336a17.41 17.41 0 0 1-.39 3.37z\"><\/path><\/svg>\t\t\t\t\t\t<\/span>\n\t\t\t\t\t\t\t\t\t\t<span class=\"elementor-icon-list-text\"><b>Youssef :<\/b> (+212) 666 486 171<\/span>\n\t\t\t\t\t\t\t\t\t<\/li>\n\t\t\t\t\t\t\t\t<li class=\"elementor-icon-list-item\">\n\t\t\t\t\t\t\t\t\t\t\t<span class=\"elementor-icon-list-icon\">\n\t\t\t\t\t\t\t<svg aria-hidden=\"true\" class=\"e-font-icon-svg e-fas-phone-square-alt\" viewBox=\"0 0 448 512\" xmlns=\"http:\/\/www.w3.org\/2000\/svg\"><path d=\"M400 32H48A48 48 0 0 0 0 80v352a48 48 0 0 0 48 48h352a48 48 0 0 0 48-48V80a48 48 0 0 0-48-48zm-16.39 307.37l-15 65A15 15 0 0 1 354 416C194 416 64 286.29 64 126a15.7 15.7 0 0 1 11.63-14.61l65-15A18.23 18.23 0 0 1 144 96a16.27 16.27 0 0 1 13.79 9.09l30 70A17.9 17.9 0 0 1 189 181a17 17 0 0 1-5.5 11.61l-37.89 31a231.91 231.91 0 0 0 110.78 110.78l31-37.89A17 17 0 0 1 299 291a17.85 17.85 0 0 1 5.91 1.21l70 30A16.25 16.25 0 0 1 384 336a17.41 17.41 0 0 1-.39 3.37z\"><\/path><\/svg>\t\t\t\t\t\t<\/span>\n\t\t\t\t\t\t\t\t\t\t<span class=\"elementor-icon-list-text\"><b>Omar :<\/b> (+212) 676 466 592<\/span>\n\t\t\t\t\t\t\t\t\t<\/li>\n\t\t\t\t\t\t\t\t<li class=\"elementor-icon-list-item\">\n\t\t\t\t\t\t\t\t\t\t\t<span class=\"elementor-icon-list-icon\">\n\t\t\t\t\t\t\t<svg aria-hidden=\"true\" class=\"e-font-icon-svg e-fas-envelope-open-text\" viewBox=\"0 0 512 512\" xmlns=\"http:\/\/www.w3.org\/2000\/svg\"><path d=\"M176 216h160c8.84 0 16-7.16 16-16v-16c0-8.84-7.16-16-16-16H176c-8.84 0-16 7.16-16 16v16c0 8.84 7.16 16 16 16zm-16 80c0 8.84 7.16 16 16 16h160c8.84 0 16-7.16 16-16v-16c0-8.84-7.16-16-16-16H176c-8.84 0-16 7.16-16 16v16zm96 121.13c-16.42 0-32.84-5.06-46.86-15.19L0 250.86V464c0 26.51 21.49 48 48 48h416c26.51 0 48-21.49 48-48V250.86L302.86 401.94c-14.02 10.12-30.44 15.19-46.86 15.19zm237.61-254.18c-8.85-6.94-17.24-13.47-29.61-22.81V96c0-26.51-21.49-48-48-48h-77.55c-3.04-2.2-5.87-4.26-9.04-6.56C312.6 29.17 279.2-.35 256 0c-23.2-.35-56.59 29.17-73.41 41.44-3.17 2.3-6 4.36-9.04 6.56H96c-26.51 0-48 21.49-48 48v44.14c-12.37 9.33-20.76 15.87-29.61 22.81A47.995 47.995 0 0 0 0 200.72v10.65l96 69.35V96h320v184.72l96-69.35v-10.65c0-14.74-6.78-28.67-18.39-37.77z\"><\/path><\/svg>\t\t\t\t\t\t<\/span>\n\t\t\t\t\t\t\t\t\t\t<span class=\"elementor-icon-list-text\">moroccodesertlines@gmail.com<\/span>\n\t\t\t\t\t\t\t\t\t<\/li>\n\t\t\t\t\t\t\t\t<li class=\"elementor-icon-list-item\">\n\t\t\t\t\t\t\t\t\t\t\t<span class=\"elementor-icon-list-icon\">\n\t\t\t\t\t\t\t<svg aria-hidden=\"true\" class=\"e-font-icon-svg e-fas-map-marker-alt\" viewBox=\"0 0 384 512\" xmlns=\"http:\/\/www.w3.org\/2000\/svg\"><path d=\"M172.268 501.67C26.97 291.031 0 269.413 0 192 0 85.961 85.961 0 192 0s192 85.961 192 192c0 77.413-26.97 99.031-172.268 309.67-9.535 13.774-29.93 13.773-39.464 0zM192 272c44.183 0 80-35.817 80-80s-35.817-80-80-80-80 35.817-80 80 35.817 80 80 80z\"><\/path><\/svg>\t\t\t\t\t\t<\/span>\n\t\t\t\t\t\t\t\t\t\t<span class=\"elementor-icon-list-text\">Ksar Hassi Labied 52202, Maroc<\/span>\n\t\t\t\t\t\t\t\t\t<\/li>\n\t\t\t\t\t\t<\/ul>\n\t\t\t\t\t\t<\/div>\n\t\t\t\t<\/div>\n\t\t\t\t<\/div>\n\t\t\t\t<\/div>\n\t\t<div class=\"elementor-element elementor-element-3a8b667 e-con-full e-flex e-con e-child\" data-id=\"3a8b667\" data-element_type=\"container\" data-e-type=\"container\">\n\t\t\t\t<div class=\"elementor-element elementor-element-5958df9 elementor-widget elementor-widget-text-editor\" data-id=\"5958df9\" data-element_type=\"widget\" data-e-type=\"widget\" data-widget_type=\"text-editor.default\">\n\t\t\t\t<div class=\"elementor-widget-container\">\n\t\t\t\t\t\t\t\t\t<b>Morocco Desert Lines<\/b><span style=\"font-weight: 400;\">:<\/span>\r\n\r\nnous sommes une \u00e9quipe de jeunes fr\u00e8res berb\u00e8res, nous sommes n\u00e9s dans le sud-est du Maroc o\u00f9 nous avons men\u00e9 une vie nomade jusqu&rsquo;en 2001 quand notre famille s&rsquo;est install\u00e9e pr\u00e8s des dunes de l&rsquo;Erg Chebbi dans le village de Hassi-Labied, Merzouga, et a quitt\u00e9 le mode de vie traditionnel. D\u00e8s lors, nous avons commenc\u00e9 une nouvelle vie en travaillant dans le tourisme.\r\n\r\nLa vie nous a fait l&rsquo;immense cadeau de pouvoir parler, en plus de notre langue m\u00e8re, le berb\u00e8re appel\u00e9 Tamazight (langue officielle au Maroc), l&rsquo;arabe, l&rsquo;espagnol, le fran\u00e7ais et l&rsquo;anglais. De plus, nous avons travaill\u00e9 dans le secteur du tourisme pendant toutes ces ann\u00e9es et nous travaillons encore aujourd&rsquo;hui.\r\n\r\n<strong>Notre objectif:<\/strong> est de cr\u00e9er un environnement accueillant, confortable et passionnant pour nos clients. En outre, notre \u00e9quipe offre toujours la possibilit\u00e9 de d\u00e9couvrir la profondeur de notre culture et de nos traditions diverses, ainsi que des safaris photo \u00e0 des prix raisonnables.\r\n\r\nDe plus, nous traitons nos clients comme s&rsquo;ils \u00e9taient des membres de notre famille et nous voulons partager avec eux la chaleur de l&rsquo;hospitalit\u00e9 marocaine. Ensuite, nous vous invitons \u00e0 explorer notre beau pays, le Maroc, o\u00f9 vous d\u00e9couvrirez notre mode de vie simple, le m\u00e9lange des cultures arabe et berb\u00e8re ainsi que la beaut\u00e9 cach\u00e9e de chaque endroit que nous visitons.\r\n\r\n<strong>Nous organisons des circuits:<\/strong> nous organisons des circuits sur mesure dans le pays en fonction du budget de chacun, aussi bien pour les particuliers que pour les petits groupes priv\u00e9s, les groupes d&rsquo;amis, les couples et les familles avec enfants. Nous organisons des circuits dans des voitures 4&#215;4 enti\u00e8rement \u00e9quip\u00e9es, confortables et climatis\u00e9es. De plus, nous organisons des circuits et des excursions dans le d\u00e9sert qui vous permettront de d\u00e9couvrir la vie de la population berb\u00e8re du Haut Atlas et du d\u00e9sert du Sahara, les villes imp\u00e9riales et historiques. Par cons\u00e9quent, vous d\u00e9couvrirez des paysages de r\u00eave, des couleurs, des odeurs qui \u00e9veilleront des sensations inoubliables et vous rencontrerez des gens accueillants et nous aurons l&rsquo;occasion de partager de nombreux moments avec des familles nomades dans le d\u00e9sert, o\u00f9 nous d\u00e9couvrirons le secret du d\u00e9sert du Sahara, nos traditions, notre gastronomie, et des paysages incroyables parfaits pour des rallyes photographiques, des paysages de nature aussi spectaculaires qu&rsquo;inconnus de la plupart des visiteurs puisque les paquets touristiques r\u00e9p\u00e8tent tous les m\u00eames circuits et formules. Enfin, l&rsquo;objectif fondamental de Morocco Desert Lines est de montrer une vision diff\u00e9rente, loin des lieux communs du beau et inconnu pays marocain, tout en ayant le plaisir de vous faire ressentir profond\u00e9ment la vie des nomades et la valeur de la vie naturelle et mill\u00e9naire du peuple berb\u00e8re dont je fais partie.\r\n\r\n<strong>Notre engagement:<\/strong> pour notre r\u00e9gion nous a amen\u00e9 \u00e0 participer \u00e0 des campagnes annuelles sur la vue avec l&rsquo;ONGS espagnole \u00a0\u00bbVisio Sense Fronteres\u00a0\u00bb depuis 2007 et avec l&rsquo;ONG Altair, dont nous sommes membres, depuis sa fondation en 2014.\t\t\t\t\t\t\t\t<\/div>\n\t\t\t\t<\/div>\n\t\t\t\t<\/div>\n\t\t\t\t\t<\/div>\n\t\t\t\t<\/div>\n\t\t\t\t<\/div>\n\t\t","protected":false},"excerpt":{"rendered":"<p>\u00c0 propos de Nous Informations de contact Youssef : (+212) 666 486 171 Omar : (+212) 676 466 592 moroccodesertlines@gmail.com Ksar Hassi Labied 52202, Maroc Morocco Desert Lines: nous sommes une \u00e9quipe de jeunes fr\u00e8res berb\u00e8res, nous sommes n\u00e9s dans le sud-est du Maroc o\u00f9 nous avons men\u00e9 une vie nomade jusqu&rsquo;en 2001 quand notre [&hellip;]<\/p>\n","protected":false},"author":1,"featured_media":0,"parent":0,"menu_order":0,"comment_status":"closed","ping_status":"closed","template":"elementor_header_footer","meta":{"footnotes":""},"class_list":["post-1674","page","type-page","status-publish","hentry"],"blocksy_meta":[],"_links":{"self":[{"href":"https:\/\/moroccodesertlines.com\/fr\/wp-json\/wp\/v2\/pages\/1674","targetHints":{"allow":["GET"]}}],"collection":[{"href":"https:\/\/moroccodesertlines.com\/fr\/wp-json\/wp\/v2\/pages"}],"about":[{"href":"https:\/\/moroccodesertlines.com\/fr\/wp-json\/wp\/v2\/types\/page"}],"author":[{"embeddable":true,"href":"https:\/\/moroccodesertlines.com\/fr\/wp-json\/wp\/v2\/users\/1"}],"replies":[{"embeddable":true,"href":"https:\/\/moroccodesertlines.com\/fr\/wp-json\/wp\/v2\/comments?post=1674"}],"version-history":[{"count":2,"href":"https:\/\/moroccodesertlines.com\/fr\/wp-json\/wp\/v2\/pages\/1674\/revisions"}],"predecessor-version":[{"id":1879,"href":"https:\/\/moroccodesertlines.com\/fr\/wp-json\/wp\/v2\/pages\/1674\/revisions\/1879"}],"wp:attachment":[{"href":"https:\/\/moroccodesertlines.com\/fr\/wp-json\/wp\/v2\/media?parent=1674"}],"curies":[{"name":"wp","href":"https:\/\/api.w.org\/{rel}","templated":true}]}}