{"id":1672,"date":"2024-06-01T11:29:58","date_gmt":"2024-06-01T11:29:58","guid":{"rendered":"https:\/\/moroccodesertlines.com\/ville-de-agadir\/"},"modified":"2024-07-12T10:34:22","modified_gmt":"2024-07-12T10:34:22","slug":"ville-de-agadir","status":"publish","type":"page","link":"https:\/\/moroccodesertlines.com\/fr\/ville-de-agadir\/","title":{"rendered":"Ville de Agadir"},"content":{"rendered":"\t\t<div data-elementor-type=\"wp-page\" data-elementor-id=\"1672\" class=\"elementor elementor-1672 elementor-471\" data-elementor-post-type=\"page\">\n\t\t\t\t<div class=\"elementor-element elementor-element-4d5f140 e-flex e-con-boxed e-con e-parent\" data-id=\"4d5f140\" data-element_type=\"container\" data-e-type=\"container\" data-settings=\"{&quot;background_background&quot;:&quot;classic&quot;}\">\n\t\t\t\t\t<div class=\"e-con-inner\">\n\t\t\t\t<div class=\"elementor-element elementor-element-f18924d elementor-widget elementor-widget-heading\" data-id=\"f18924d\" data-element_type=\"widget\" data-e-type=\"widget\" data-widget_type=\"heading.default\">\n\t\t\t\t<div class=\"elementor-widget-container\">\n\t\t\t\t\t<h1 class=\"elementor-heading-title elementor-size-default\">Ville de Agadir<\/h1>\t\t\t\t<\/div>\n\t\t\t\t<\/div>\n\t\t\t\t<div class=\"elementor-element elementor-element-87ab090 elementor-widget elementor-widget-shortcode\" data-id=\"87ab090\" data-element_type=\"widget\" data-e-type=\"widget\" data-widget_type=\"shortcode.default\">\n\t\t\t\t<div class=\"elementor-widget-container\">\n\t\t\t\t\t\t\t<div class=\"elementor-shortcode\"><nav aria-label=\"breadcrumbs\" class=\"rank-math-breadcrumb\"><p><span class=\"last\">Home<\/span><\/p><\/nav><\/div>\n\t\t\t\t\t\t<\/div>\n\t\t\t\t<\/div>\n\t\t\t\t\t<\/div>\n\t\t\t\t<\/div>\n\t\t<div class=\"elementor-element elementor-element-5b6acd6 e-flex e-con-boxed e-con e-parent\" data-id=\"5b6acd6\" data-element_type=\"container\" data-e-type=\"container\">\n\t\t\t\t\t<div class=\"e-con-inner\">\n\t\t<div class=\"elementor-element elementor-element-5b00241 e-con-full e-flex e-con e-child\" data-id=\"5b00241\" data-element_type=\"container\" data-e-type=\"container\">\n\t\t\t\t<\/div>\n\t\t<div class=\"elementor-element elementor-element-3a8b667 e-con-full e-flex e-con e-child\" data-id=\"3a8b667\" data-element_type=\"container\" data-e-type=\"container\">\n\t\t\t\t<div class=\"elementor-element elementor-element-5958df9 elementor-widget elementor-widget-text-editor\" data-id=\"5958df9\" data-element_type=\"widget\" data-e-type=\"widget\" data-widget_type=\"text-editor.default\">\n\t\t\t\t<div class=\"elementor-widget-container\">\n\t\t\t\t\t\t\t\t\t<p><strong>AGADIR<\/strong>: La ville n&rsquo;a pas les charmes des autres villes marocaines, une vieille m\u00e9dina, des monuments, tout a \u00e9t\u00e9 d\u00e9truit lors du tremblement de terre de 1960, \u00e0 c\u00f4t\u00e9 une autre ville a \u00e9t\u00e9 con\u00e7ue, mais ce manque de patrimoine n&rsquo;a pas emp\u00each\u00e9 cette ville moderne de devenir la deuxi\u00e8me ville la plus touristique de tout le pays juste derri\u00e8re Marrakech.<\/p>\n<p>La renomm\u00e9e et l&rsquo;importance touristique viendront des 9 km de son incroyable plage bien abrit\u00e9e, s\u00fbre et de son climat des plus incroyables qui fait passer les temp\u00e9ratures d&rsquo;un peu plus de z\u00e9ro \u00e0 pas plus de 30, \u00e0 cela il faut ajouter une des offres gastronomiques et h\u00f4teli\u00e8res les plus puissantes de tout le pays.<\/p>\n<p>Dans ses rues et ses avenues, on peut entendre toutes les langues de la vieille Europe et toutes les caract\u00e9ristiques physiques europ\u00e9ennes.<\/p>\n<p>On peut y visiter le mus\u00e9e municipal du patrimoine amazigh (berb\u00e8re), ainsi que les vestiges des murailles de l&rsquo;ancienne m\u00e9dina d\u00e9vast\u00e9e par le tremblement de terre. Agadir est aussi la porte d&rsquo;entr\u00e9e du grand d\u00e9sert qui s&rsquo;ouvre sur sa fa\u00e7ade sud, l&rsquo;oc\u00e9an de sable s&rsquo;ouvre pr\u00e8s de ses avenues en bord de mer, ses bars, ses restaurants, ses h\u00f4tels.<\/p>\n\t\t\t\t\t\t\t\t<\/div>\n\t\t\t\t<\/div>\n\t\t\t\t<\/div>\n\t\t\t\t\t<\/div>\n\t\t\t\t<\/div>\n\t\t\t\t<\/div>\n\t\t","protected":false},"excerpt":{"rendered":"<p>Ville de Agadir AGADIR: La ville n&rsquo;a pas les charmes des autres villes marocaines, une vieille m\u00e9dina, des monuments, tout a \u00e9t\u00e9 d\u00e9truit lors du tremblement de terre de 1960, \u00e0 c\u00f4t\u00e9 une autre ville a \u00e9t\u00e9 con\u00e7ue, mais ce manque de patrimoine n&rsquo;a pas emp\u00each\u00e9 cette ville moderne de devenir la deuxi\u00e8me ville la [&hellip;]<\/p>\n","protected":false},"author":1,"featured_media":0,"parent":0,"menu_order":0,"comment_status":"closed","ping_status":"closed","template":"elementor_header_footer","meta":{"footnotes":""},"class_list":["post-1672","page","type-page","status-publish","hentry"],"blocksy_meta":[],"_links":{"self":[{"href":"https:\/\/moroccodesertlines.com\/fr\/wp-json\/wp\/v2\/pages\/1672","targetHints":{"allow":["GET"]}}],"collection":[{"href":"https:\/\/moroccodesertlines.com\/fr\/wp-json\/wp\/v2\/pages"}],"about":[{"href":"https:\/\/moroccodesertlines.com\/fr\/wp-json\/wp\/v2\/types\/page"}],"author":[{"embeddable":true,"href":"https:\/\/moroccodesertlines.com\/fr\/wp-json\/wp\/v2\/users\/1"}],"replies":[{"embeddable":true,"href":"https:\/\/moroccodesertlines.com\/fr\/wp-json\/wp\/v2\/comments?post=1672"}],"version-history":[{"count":1,"href":"https:\/\/moroccodesertlines.com\/fr\/wp-json\/wp\/v2\/pages\/1672\/revisions"}],"predecessor-version":[{"id":1673,"href":"https:\/\/moroccodesertlines.com\/fr\/wp-json\/wp\/v2\/pages\/1672\/revisions\/1673"}],"wp:attachment":[{"href":"https:\/\/moroccodesertlines.com\/fr\/wp-json\/wp\/v2\/media?parent=1672"}],"curies":[{"name":"wp","href":"https:\/\/api.w.org\/{rel}","templated":true}]}}