{"id":1670,"date":"2024-06-01T11:31:51","date_gmt":"2024-06-01T11:31:51","guid":{"rendered":"https:\/\/moroccodesertlines.com\/ville-de-casablanca\/"},"modified":"2024-07-12T10:33:14","modified_gmt":"2024-07-12T10:33:14","slug":"ville-de-casablanca","status":"publish","type":"page","link":"https:\/\/moroccodesertlines.com\/fr\/ville-de-casablanca\/","title":{"rendered":"Ville de Casablanca"},"content":{"rendered":"\t\t<div data-elementor-type=\"wp-page\" data-elementor-id=\"1670\" class=\"elementor elementor-1670 elementor-476\" data-elementor-post-type=\"page\">\n\t\t\t\t<div class=\"elementor-element elementor-element-4d5f140 e-flex e-con-boxed e-con e-parent\" data-id=\"4d5f140\" data-element_type=\"container\" data-e-type=\"container\" data-settings=\"{&quot;background_background&quot;:&quot;classic&quot;}\">\n\t\t\t\t\t<div class=\"e-con-inner\">\n\t\t\t\t<div class=\"elementor-element elementor-element-f18924d elementor-widget elementor-widget-heading\" data-id=\"f18924d\" data-element_type=\"widget\" data-e-type=\"widget\" data-widget_type=\"heading.default\">\n\t\t\t\t<div class=\"elementor-widget-container\">\n\t\t\t\t\t<h1 class=\"elementor-heading-title elementor-size-default\">Ville de Casablanca<\/h1>\t\t\t\t<\/div>\n\t\t\t\t<\/div>\n\t\t\t\t<div class=\"elementor-element elementor-element-87ab090 elementor-widget elementor-widget-shortcode\" data-id=\"87ab090\" data-element_type=\"widget\" data-e-type=\"widget\" data-widget_type=\"shortcode.default\">\n\t\t\t\t<div class=\"elementor-widget-container\">\n\t\t\t\t\t\t\t<div class=\"elementor-shortcode\"><nav aria-label=\"breadcrumbs\" class=\"rank-math-breadcrumb\"><p><span class=\"last\">Home<\/span><\/p><\/nav><\/div>\n\t\t\t\t\t\t<\/div>\n\t\t\t\t<\/div>\n\t\t\t\t\t<\/div>\n\t\t\t\t<\/div>\n\t\t<div class=\"elementor-element elementor-element-5b6acd6 e-flex e-con-boxed e-con e-parent\" data-id=\"5b6acd6\" data-element_type=\"container\" data-e-type=\"container\">\n\t\t\t\t\t<div class=\"e-con-inner\">\n\t\t<div class=\"elementor-element elementor-element-5b00241 e-con-full e-flex e-con e-child\" data-id=\"5b00241\" data-element_type=\"container\" data-e-type=\"container\">\n\t\t\t\t<\/div>\n\t\t<div class=\"elementor-element elementor-element-3a8b667 e-con-full e-flex e-con e-child\" data-id=\"3a8b667\" data-element_type=\"container\" data-e-type=\"container\">\n\t\t\t\t<div class=\"elementor-element elementor-element-5958df9 elementor-widget elementor-widget-text-editor\" data-id=\"5958df9\" data-element_type=\"widget\" data-e-type=\"widget\" data-widget_type=\"text-editor.default\">\n\t\t\t\t<div class=\"elementor-widget-container\">\n\t\t\t\t\t\t\t\t\tCasablanca, en arabe Dar-al-Beida, son nom ne vient pas de l&rsquo;espagnol, mais du portugais, car en 1770 un tremblement de terre a d\u00e9truit une colonie portugaise voisine appel\u00e9e Casa Branca, puis les habitants se sont d\u00e9plac\u00e9s vers la nouvelle colonie cr\u00e9\u00e9e par le sultan Mohammed III et ont gard\u00e9 le nom, plus tard les Espagnols ont cr\u00e9\u00e9 un port et ont donn\u00e9 le nom de Casablanca \u00e0 la ville. Il s&rsquo;agit donc d&rsquo;une ville sans pass\u00e9 puissant, la population de la ville en 1860 \u00e9tait de 8 000 habitants. 20 000 en 1907 en 1930 sont d\u00e9j\u00e0 106 000, aujourd&rsquo;hui c&rsquo;est la plus grande ville marocaine avec plus de 4 millions.\r\n\r\nLe visiteur qui ne s&rsquo;attend pas \u00e0 trouver une grande m\u00e9dina la trouvera, mais minuscule et sans int\u00e9r\u00eat, Casablanca est le moteur \u00e9conomique du pays, le plus grand port d&rsquo;Afrique, la grande ville industrielle. Casablanca fuit les th\u00e8mes de ce que l&rsquo;on attend d&rsquo;une ville marocaine, et souvent on ne sait pas de quel c\u00f4t\u00e9 du d\u00e9troit on se trouve.\r\n\r\nLes grandes art\u00e8res et les avenues bord\u00e9es d&rsquo;arbres dessinent la contemporan\u00e9it\u00e9 des gratte-ciel et des b\u00e2timents d&rsquo;architecture contemporaine. Casablanca est compos\u00e9e de trois modules, la petite m\u00e9dina, qui va du port \u00e0 la place des Nations Unies, m\u00e9dina qui vous montre comment \u00e9tait la ville lorsque les Fran\u00e7ais ont pens\u00e9 \u00e0 elle et l&rsquo;ont agrandie pour en faire le plus grand port marocain pendant le protectorat.\r\n\r\nC&rsquo;est pr\u00e9cis\u00e9ment le protectorat qui a dot\u00e9 cette ville de son deuxi\u00e8me module, le plus attractif en termes de tourisme, la ville cr\u00e9\u00e9e par les Fran\u00e7ais. Bien que cela puisse para\u00eetre \u00e9trange, Casablanca est l&rsquo;une des villes qui poss\u00e8de le plus grand patrimoine architectural et ornemental au monde.\r\n\r\nLes grands architectes fran\u00e7ais n&rsquo;ont pas os\u00e9 construire avec le b\u00e9ton arm\u00e9 nouvellement d\u00e9couvert, ils ne l&rsquo;ont pas vu comme pratique dans les grandes villes fran\u00e7aises pleines d&rsquo;histoire et ont d\u00e9cid\u00e9 d&rsquo;exp\u00e9rimenter avec l&rsquo;expansion de Casablanca, a \u00e9t\u00e9 une grande chance pour cette ville blanche, est devenu pendant des ann\u00e9es dans le grand laboratoire de recherche pour les meilleurs architectes et urbanistes de la France et les meilleurs designers italiens. Des avenues a\u00e9r\u00e9es et rationnelles, des immeubles de d\u00e9coration artistique de diff\u00e9rentes hauteurs, de belles rues et places, un espace administratif central impeccable avec tous les besoins d&rsquo;une ville moderne du d\u00e9but du vingti\u00e8me si\u00e8cle avec le march\u00e9, la poste, l&rsquo;h\u00f4tel de ville, le palais de justice, une \u00e9glise imposante, autrefois d\u00e9di\u00e9e au C\u0153ur de J\u00e9sus et aujourd&rsquo;hui \u00e0 usage d&rsquo;exposition, le tout en art design !\r\n\r\nSe promener dans cette ville, c&rsquo;est visiter un mus\u00e9e de ce style architectural, et le regard se pose sur les fa\u00e7ades, les garde-corps, les dessins des portes, les \u00e9l\u00e9ments d\u00e9coratifs, le tout dans un style artistique impeccable. \u00c0 l&rsquo;\u00e9cart du centre, un autre immense b\u00e2timent d&rsquo;\u00e9poque est l&rsquo;ancien abattoir.\r\n\r\nEnfin, il y a la ville cr\u00e9\u00e9e apr\u00e8s l&rsquo;ind\u00e9pendance, avec des rues interminables encombr\u00e9es de voitures comme n&rsquo;importe quelle ville europ\u00e9enne, avec la pr\u00e9sence de grandes marques, de galeries d&rsquo;art contemporain et de bars o\u00f9 l&rsquo;on peut boire de l&rsquo;alcool. Dans cette ville, beaucoup d&rsquo;hommes d&rsquo;affaires europ\u00e9ens se pr\u00e9cipitent avec leurs voitures aux vitres teint\u00e9es pour participer \u00e0 une r\u00e9union, assister \u00e0 une rencontre internationale ou visiter une foire.\r\n\r\nA Casablanca, comme nous l&rsquo;avons d\u00e9j\u00e0 indiqu\u00e9, ce qui est impos\u00e9 au touriste est de se promener dans la ville cr\u00e9\u00e9e par les Fran\u00e7ais entre 1912 et 1940, de se promener dans le grand parc appel\u00e9 Ligue Arabe, de visiter le Mus\u00e9e du Juda\u00efsme, le seul mus\u00e9e de culture juive dans un pays musulman, de regarder la Vila des Arts, un charmant espace d&rsquo;exposition pour la diffusion de l&rsquo;avant-garde artistique dans le conteneur d&rsquo;une villa Art D\u00e9co.\r\n\r\nUn autre Casablanca peut \u00e9galement int\u00e9resser le visiteur, le nouveau m\u00e9dia connu sous le nom de Hubus, il s&rsquo;agit d&rsquo;une cr\u00e9ation des ann\u00e9es 1920 mais avec un ar\u00f4me r\u00e9ussi de m\u00e9dina traditionnelle. A Casablanca, ce qui est offert au visiteur, c&rsquo;est un regard inattendu sur le pays en dehors des clich\u00e9s, le visage le plus contemporain de tout le Maroc.\r\n\r\nPour les touristes, il y a quelques ann\u00e9es un nouvel \u00e9l\u00e9ment est venu s&rsquo;ajouter \u00e0 la visite, la nouvelle et immense mosqu\u00e9e Hassan II juste au bord de la mer avec un immense faisceau de lumi\u00e8re laser qui indique la direction vers la Mecque, c&rsquo;est l&rsquo;une des tr\u00e8s rares mosqu\u00e9es visitables par les non-musulmans dans tout le Maroc, le reste en raison d&rsquo;une interdiction, non pas coranique, mais de la puissance coloniale fran\u00e7aise, emp\u00eache les non-musulmans d&rsquo;y acc\u00e9der.\r\n\r\nLa mosqu\u00e9e Hassan II est autoris\u00e9e aux non-musulmans \u00e0 condition de ne pas co\u00efncider avec les heures de pri\u00e8re. Enfin, il est \u00e9galement conseill\u00e9 de se promener le long des nombreuses plages et falaises des environs et de go\u00fbter \u00e0 l&rsquo;excellente cuisine de poisson de son offre gastronomique imbattable.\t\t\t\t\t\t\t\t<\/div>\n\t\t\t\t<\/div>\n\t\t\t\t<\/div>\n\t\t\t\t\t<\/div>\n\t\t\t\t<\/div>\n\t\t\t\t<\/div>\n\t\t","protected":false},"excerpt":{"rendered":"<p>Ville de Casablanca Casablanca, en arabe Dar-al-Beida, son nom ne vient pas de l&rsquo;espagnol, mais du portugais, car en 1770 un tremblement de terre a d\u00e9truit une colonie portugaise voisine appel\u00e9e Casa Branca, puis les habitants se sont d\u00e9plac\u00e9s vers la nouvelle colonie cr\u00e9\u00e9e par le sultan Mohammed III et ont gard\u00e9 le nom, plus [&hellip;]<\/p>\n","protected":false},"author":1,"featured_media":0,"parent":0,"menu_order":0,"comment_status":"closed","ping_status":"closed","template":"elementor_header_footer","meta":{"footnotes":""},"class_list":["post-1670","page","type-page","status-publish","hentry"],"blocksy_meta":[],"_links":{"self":[{"href":"https:\/\/moroccodesertlines.com\/fr\/wp-json\/wp\/v2\/pages\/1670","targetHints":{"allow":["GET"]}}],"collection":[{"href":"https:\/\/moroccodesertlines.com\/fr\/wp-json\/wp\/v2\/pages"}],"about":[{"href":"https:\/\/moroccodesertlines.com\/fr\/wp-json\/wp\/v2\/types\/page"}],"author":[{"embeddable":true,"href":"https:\/\/moroccodesertlines.com\/fr\/wp-json\/wp\/v2\/users\/1"}],"replies":[{"embeddable":true,"href":"https:\/\/moroccodesertlines.com\/fr\/wp-json\/wp\/v2\/comments?post=1670"}],"version-history":[{"count":1,"href":"https:\/\/moroccodesertlines.com\/fr\/wp-json\/wp\/v2\/pages\/1670\/revisions"}],"predecessor-version":[{"id":1671,"href":"https:\/\/moroccodesertlines.com\/fr\/wp-json\/wp\/v2\/pages\/1670\/revisions\/1671"}],"wp:attachment":[{"href":"https:\/\/moroccodesertlines.com\/fr\/wp-json\/wp\/v2\/media?parent=1670"}],"curies":[{"name":"wp","href":"https:\/\/api.w.org\/{rel}","templated":true}]}}