{"id":1659,"date":"2024-06-01T11:35:36","date_gmt":"2024-06-01T11:35:36","guid":{"rendered":"https:\/\/moroccodesertlines.com\/vlle-de-chefchaouen\/"},"modified":"2024-07-12T09:37:47","modified_gmt":"2024-07-12T09:37:47","slug":"vlle-de-chefchaouen","status":"publish","type":"page","link":"https:\/\/moroccodesertlines.com\/fr\/vlle-de-chefchaouen\/","title":{"rendered":"Vlle de Chefchaouen"},"content":{"rendered":"\t\t<div data-elementor-type=\"wp-page\" data-elementor-id=\"1659\" class=\"elementor elementor-1659 elementor-484\" data-elementor-post-type=\"page\">\n\t\t\t\t<div class=\"elementor-element elementor-element-4d5f140 e-flex e-con-boxed e-con e-parent\" data-id=\"4d5f140\" data-element_type=\"container\" data-e-type=\"container\" data-settings=\"{&quot;background_background&quot;:&quot;classic&quot;}\">\n\t\t\t\t\t<div class=\"e-con-inner\">\n\t\t\t\t<div class=\"elementor-element elementor-element-f18924d elementor-widget elementor-widget-heading\" data-id=\"f18924d\" data-element_type=\"widget\" data-e-type=\"widget\" data-widget_type=\"heading.default\">\n\t\t\t\t<div class=\"elementor-widget-container\">\n\t\t\t\t\t<h1 class=\"elementor-heading-title elementor-size-default\">Vlle de Chefchaouen<\/h1>\t\t\t\t<\/div>\n\t\t\t\t<\/div>\n\t\t\t\t<div class=\"elementor-element elementor-element-87ab090 elementor-widget elementor-widget-shortcode\" data-id=\"87ab090\" data-element_type=\"widget\" data-e-type=\"widget\" data-widget_type=\"shortcode.default\">\n\t\t\t\t<div class=\"elementor-widget-container\">\n\t\t\t\t\t\t\t<div class=\"elementor-shortcode\"><nav aria-label=\"breadcrumbs\" class=\"rank-math-breadcrumb\"><p><span class=\"last\">Home<\/span><\/p><\/nav><\/div>\n\t\t\t\t\t\t<\/div>\n\t\t\t\t<\/div>\n\t\t\t\t\t<\/div>\n\t\t\t\t<\/div>\n\t\t<div class=\"elementor-element elementor-element-5b6acd6 e-flex e-con-boxed e-con e-parent\" data-id=\"5b6acd6\" data-element_type=\"container\" data-e-type=\"container\">\n\t\t\t\t\t<div class=\"e-con-inner\">\n\t\t<div class=\"elementor-element elementor-element-5b00241 e-con-full e-flex e-con e-child\" data-id=\"5b00241\" data-element_type=\"container\" data-e-type=\"container\">\n\t\t\t\t<\/div>\n\t\t<div class=\"elementor-element elementor-element-3a8b667 e-con-full e-flex e-con e-child\" data-id=\"3a8b667\" data-element_type=\"container\" data-e-type=\"container\">\n\t\t\t\t<div class=\"elementor-element elementor-element-5958df9 elementor-widget elementor-widget-text-editor\" data-id=\"5958df9\" data-element_type=\"widget\" data-e-type=\"widget\" data-widget_type=\"text-editor.default\">\n\t\t\t\t<div class=\"elementor-widget-container\">\n\t\t\t\t\t\t\t\t\t<p>La Perle du Rif : une petite ville enti\u00e8rement blanchie \u00e0 la chaux, avec son bleu typique qui l&rsquo;a rendue c\u00e9l\u00e8bre dans le monde entier, \u00e9galement la seule ville de tout le Maroc avec des toits de tuiles h\u00e9rit\u00e9s de son pass\u00e9, ce qui en fait la plus andalouse de toutes les villes marocaines. En outre, elle conserve le p\u00e9rim\u00e8tre des murs m\u00e9di\u00e9vaux de sa m\u00e9dina avec diff\u00e9rentes portes, dont la plus importante est Bab la Ain, une Kasbah du 15\u00e8me-17\u00e8me si\u00e8cle qui est actuellement visitable et qui contient le mus\u00e9e ethnographique de la ville.<\/p>\n<p>la place Uta el-Hammam, au c\u0153ur de la ville, qui abrite \u00e9galement une mosqu\u00e9e du XVe si\u00e8cle avec un minaret octogonal, pr\u00e8s de cette place se trouve une formidable place (espace traditionnel dans les m\u00e9dinas arabes avec des pi\u00e8ces autour de la cour, celles du rez-de-chauss\u00e9e pour les chevaux et les marchandises, cependant, l&rsquo;\u00e9tage sup\u00e9rieur pour les invit\u00e9s) actuellement utilis\u00e9e comme espace de vente de l&rsquo;artisanat local.<\/p>\n<p>Chefchaouen a \u00e9t\u00e9 fond\u00e9e au XVe si\u00e8cle par la dynastie des Idrissides et a connu une forte croissance avec la population maure et juive fuyant l&rsquo;actuelle Espagne au XVe si\u00e8cle apr\u00e8s la chute de Grenade. La ville poss\u00e8de d&rsquo;innombrables m\u00e9tiers \u00e0 tisser qui lui ont donn\u00e9 sa renomm\u00e9e dans la fabrication de tissus pour les djellabas, ainsi que de nombreuses ruelles charmantes vers chaque mosqu\u00e9e plus \u00e9vocatrice et plus belle. Pr\u00e8s de la porte Bab el Ansar se trouve le Ras el Ma o\u00f9 la rivi\u00e8re Lau prend sa source.<\/p>\n<p>La ville a eu une importance majeure pendant le protectorat espagnol, \u00e0 partir de cette \u00e9poque le quartier espagnol a \u00e9t\u00e9 discr\u00e8tement s\u00e9par\u00e9 de la m\u00e9dina traditionnelle. Aujourd&rsquo;hui, c&rsquo;est un centre touristique majeur pour la population marocaine et \u00e9trang\u00e8re. Aussi incompr\u00e9hensible que cela puisse para\u00eetre, la ville n&rsquo;a pas encore \u00e9t\u00e9 class\u00e9e au patrimoine mondial de l&rsquo;humanit\u00e9.<\/p>\n\t\t\t\t\t\t\t\t<\/div>\n\t\t\t\t<\/div>\n\t\t\t\t<\/div>\n\t\t\t\t\t<\/div>\n\t\t\t\t<\/div>\n\t\t\t\t<\/div>\n\t\t","protected":false},"excerpt":{"rendered":"<p>Vlle de Chefchaouen La Perle du Rif : une petite ville enti\u00e8rement blanchie \u00e0 la chaux, avec son bleu typique qui l&rsquo;a rendue c\u00e9l\u00e8bre dans le monde entier, \u00e9galement la seule ville de tout le Maroc avec des toits de tuiles h\u00e9rit\u00e9s de son pass\u00e9, ce qui en fait la plus andalouse de toutes les [&hellip;]<\/p>\n","protected":false},"author":1,"featured_media":0,"parent":0,"menu_order":0,"comment_status":"closed","ping_status":"closed","template":"elementor_header_footer","meta":{"footnotes":""},"class_list":["post-1659","page","type-page","status-publish","hentry"],"blocksy_meta":[],"_links":{"self":[{"href":"https:\/\/moroccodesertlines.com\/fr\/wp-json\/wp\/v2\/pages\/1659","targetHints":{"allow":["GET"]}}],"collection":[{"href":"https:\/\/moroccodesertlines.com\/fr\/wp-json\/wp\/v2\/pages"}],"about":[{"href":"https:\/\/moroccodesertlines.com\/fr\/wp-json\/wp\/v2\/types\/page"}],"author":[{"embeddable":true,"href":"https:\/\/moroccodesertlines.com\/fr\/wp-json\/wp\/v2\/users\/1"}],"replies":[{"embeddable":true,"href":"https:\/\/moroccodesertlines.com\/fr\/wp-json\/wp\/v2\/comments?post=1659"}],"version-history":[{"count":1,"href":"https:\/\/moroccodesertlines.com\/fr\/wp-json\/wp\/v2\/pages\/1659\/revisions"}],"predecessor-version":[{"id":1660,"href":"https:\/\/moroccodesertlines.com\/fr\/wp-json\/wp\/v2\/pages\/1659\/revisions\/1660"}],"wp:attachment":[{"href":"https:\/\/moroccodesertlines.com\/fr\/wp-json\/wp\/v2\/media?parent=1659"}],"curies":[{"name":"wp","href":"https:\/\/api.w.org\/{rel}","templated":true}]}}