{"id":1653,"date":"2024-06-01T11:39:01","date_gmt":"2024-06-01T11:39:01","guid":{"rendered":"https:\/\/moroccodesertlines.com\/ville-de-essaouira\/"},"modified":"2024-07-12T09:23:32","modified_gmt":"2024-07-12T09:23:32","slug":"ville-de-essaouira","status":"publish","type":"page","link":"https:\/\/moroccodesertlines.com\/fr\/ville-de-essaouira\/","title":{"rendered":"Ville de Essaouira"},"content":{"rendered":"\t\t<div data-elementor-type=\"wp-page\" data-elementor-id=\"1653\" class=\"elementor elementor-1653 elementor-500\" data-elementor-post-type=\"page\">\n\t\t\t\t<div class=\"elementor-element elementor-element-4d5f140 e-flex e-con-boxed e-con e-parent\" data-id=\"4d5f140\" data-element_type=\"container\" data-e-type=\"container\" data-settings=\"{&quot;background_background&quot;:&quot;classic&quot;}\">\n\t\t\t\t\t<div class=\"e-con-inner\">\n\t\t\t\t<div class=\"elementor-element elementor-element-f18924d elementor-widget elementor-widget-heading\" data-id=\"f18924d\" data-element_type=\"widget\" data-e-type=\"widget\" data-widget_type=\"heading.default\">\n\t\t\t\t<div class=\"elementor-widget-container\">\n\t\t\t\t\t<h1 class=\"elementor-heading-title elementor-size-default\">Ville de Essaouira<\/h1>\t\t\t\t<\/div>\n\t\t\t\t<\/div>\n\t\t\t\t<div class=\"elementor-element elementor-element-87ab090 elementor-widget elementor-widget-shortcode\" data-id=\"87ab090\" data-element_type=\"widget\" data-e-type=\"widget\" data-widget_type=\"shortcode.default\">\n\t\t\t\t<div class=\"elementor-widget-container\">\n\t\t\t\t\t\t\t<div class=\"elementor-shortcode\"><nav aria-label=\"breadcrumbs\" class=\"rank-math-breadcrumb\"><p><span class=\"last\">Home<\/span><\/p><\/nav><\/div>\n\t\t\t\t\t\t<\/div>\n\t\t\t\t<\/div>\n\t\t\t\t\t<\/div>\n\t\t\t\t<\/div>\n\t\t<div class=\"elementor-element elementor-element-5b6acd6 e-flex e-con-boxed e-con e-parent\" data-id=\"5b6acd6\" data-element_type=\"container\" data-e-type=\"container\">\n\t\t\t\t\t<div class=\"e-con-inner\">\n\t\t<div class=\"elementor-element elementor-element-5b00241 e-con-full e-flex e-con e-child\" data-id=\"5b00241\" data-element_type=\"container\" data-e-type=\"container\">\n\t\t\t\t<\/div>\n\t\t<div class=\"elementor-element elementor-element-3a8b667 e-con-full e-flex e-con e-child\" data-id=\"3a8b667\" data-element_type=\"container\" data-e-type=\"container\">\n\t\t\t\t<div class=\"elementor-element elementor-element-5958df9 elementor-widget elementor-widget-text-editor\" data-id=\"5958df9\" data-element_type=\"widget\" data-e-type=\"widget\" data-widget_type=\"text-editor.default\">\n\t\t\t\t<div class=\"elementor-widget-container\">\n\t\t\t\t\t\t\t\t\t<p>ESSAOUIRA : L&rsquo;histoire de cette ville remonte au 7\u00e8me si\u00e8cle lorsque les Ph\u00e9niciens fond\u00e8rent une enclave, au 15\u00e8me si\u00e8cle les Portugais s&rsquo;install\u00e8rent dans cette enclave fondant la ville de Mogador comme point strat\u00e9gique de contr\u00f4le militaire, mais la conception de la ville actuelle est due au sultan de la dynastie alaouite Sidi Mohammed Abd Allah qui d\u00e9cida de construire une base navale, mais c&rsquo;est l\u00e0 que commence la grande particularit\u00e9 urbaine d&rsquo;Asilah, l&rsquo;urbaniste charg\u00e9 de concevoir la ville fut le fran\u00e7ais, T. Cornut qui en fit une ville avec sa trame urbaine et ses bastions d\u00e9fensifs typiques d&rsquo;une ville europ\u00e9enne.<\/p>\n<p>Les rues du centre ville sont rectilignes comme dans une ville europ\u00e9enne et toutes les tours, les murs et les portes sont construits dans le style de n&rsquo;importe quelle ville europ\u00e9enne du XVIIIe si\u00e8cle, ce qui produit chez le visiteur une \u00e9trange sensation de ne pas savoir o\u00f9 il se trouve, que ce soit en Europe ou au Maroc.<\/p>\n<p>De plus, les contrastes de cette belle ville maritime se poursuivent, la premi\u00e8re enceinte de murs est purement europ\u00e9enne, la seconde enceinte est d\u00e9j\u00e0 purement marocaine, et les art\u00e8res principales sont occidentales ; \u00e0 celles-ci se superposent les ruelles d&rsquo;une m\u00e9dina<\/p>\n<p>La ville conserve toute l&rsquo;enceinte fortifi\u00e9e du XVIIIe si\u00e8cle avec trois portes, Bab Sebta, Bab Marrakech, et Bab Dukhala auxquelles il faut ajouter les imposantes tours appel\u00e9es Sqalas, le port, et la ville ancienne. \u00c0 partir du XVIIIe si\u00e8cle, 40 % du trafic maritime passe par Essaouira, c&rsquo;est l\u00e0 que les marchandises arrivent d&rsquo;Afrique noire pour \u00eatre exp\u00e9di\u00e9es vers les grands pays europ\u00e9ens.<\/p>\n<p>Depuis la fondation de la ville jusqu&rsquo;\u00e0 la cr\u00e9ation de l&rsquo;Etat d&rsquo;Isra\u00ebl, Essaouira a eu une communaut\u00e9 juive importante et active, ce que l&rsquo;on peut v\u00e9rifier en visitant son c\u00e9l\u00e8bre cimeti\u00e8re. Autrefois, au centre du Mellah (quartier juif), les c\u00e9l\u00e8bres bijoux \u00e9taient fabriqu\u00e9s par cette communaut\u00e9.<\/p>\n<p>Mais bient\u00f4t l&rsquo;\u00e9clat de la ville dispara\u00eetra, Essaurira, \u00ab\u00a0la belle endormie\u00a0\u00bb comme on l&rsquo;appellera plus tard attendait un \u00ab\u00a0r\u00e9veil\u00a0\u00bb, une \u00e9nergie pour la mettre \u00e0 la place qu&rsquo;elle m\u00e9ritait&#8230; tant de beaut\u00e9 blanche de la chaux et du bleu des fen\u00eatres, des portes, et de l&rsquo;oc\u00e9an<\/p>\n<p>Le premier r\u00e9veil se fera avec les communaut\u00e9s hippies anglaises et am\u00e9ricaines, ils parleront et feront de la publicit\u00e9 pour la ville, ce que le grand guitariste Jimi Hendrix a fait comme personne d&rsquo;autre, un habitu\u00e9 de la ville.<\/p>\n<p>De cette \u00e9poque date aussi l&rsquo;\u00e9mergence d&rsquo;un style pictural particulier, \u00e0 mi-chemin entre le monde (na\u00eff), l&rsquo;art (brut), et un certain \u00e9sot\u00e9risme, certains de ces peintres disent travailler sous les effets \u00ab\u00a0narcotisants\u00a0\u00bb des sons enivrants de la musique gnaoua d&rsquo;origine africaine, l&rsquo;une des grandes musiques marocaines consid\u00e9r\u00e9e comme une musique de gu\u00e9rison.<\/p>\n<p>Un autre \u00e9l\u00e9ment qui a donn\u00e9 une renomm\u00e9e \u00e9ternelle \u00e0 la ville sont ses \u00e9b\u00e9nistes, avant l&rsquo;arriv\u00e9e du tourisme, c&rsquo;\u00e9tait la principale source de revenus. Ils sont tr\u00e8s c\u00e9l\u00e8bres pour leur travail magistral suivant l&rsquo;ancienne technique de la marqueterie andalouse, ils fabriquent des coffres, des cadres, et des instruments de musique \u00e0 base de bois de thuya et d&rsquo;\u00e9b\u00e8ne, de nacre, etc.<\/p>\n<p>Actuellement, la ville est un paradis pour les surfeurs, la ville est nich\u00e9e dans une situation g\u00e9ographique o\u00f9 les vents sont constants ce qui provoque des vagues appr\u00e9ci\u00e9es par les surfeurs qui viennent de tous les coins de la plan\u00e8te. La bonne communication avec la ville voisine de Marrakech a permis \u00e0 l&rsquo;ancienne \u00ab\u00a0belle endormie\u00a0\u00bb de se r\u00e9veiller et de montrer ses fabuleux charmes \u00e0 d&rsquo;innombrables touristes venus de tous les coins et de tous les pays.<\/p>\n<p>Outre sa m\u00e9dina blanchie \u00e0 la chaux, ses remparts du XVIIIe si\u00e8cle, ses deux tours, le petit mus\u00e9e ethnographique Sidi Mohammed ben Abd Allah, la galerie Damgaard et ses belles plages m\u00e9ritent d&rsquo;\u00eatre mentionn\u00e9s. A noter \u00e9galement le grand nombre de bons restaurants sp\u00e9cialis\u00e9s dans le poisson, et enfin signaler l&rsquo;anecdote que pr\u00e8s du port il y a une \u00e9glise o\u00f9 le dimanche on fait sonner les cloches pour appeler les paroissiens \u00e0 la messe dominicale, suivant un ordre scrupuleux, un dimanche en fran\u00e7ais, un autre en anglais, un autre en allemand.<\/p>\n\t\t\t\t\t\t\t\t<\/div>\n\t\t\t\t<\/div>\n\t\t\t\t<\/div>\n\t\t\t\t\t<\/div>\n\t\t\t\t<\/div>\n\t\t\t\t<\/div>\n\t\t","protected":false},"excerpt":{"rendered":"<p>Ville de Essaouira ESSAOUIRA : L&rsquo;histoire de cette ville remonte au 7\u00e8me si\u00e8cle lorsque les Ph\u00e9niciens fond\u00e8rent une enclave, au 15\u00e8me si\u00e8cle les Portugais s&rsquo;install\u00e8rent dans cette enclave fondant la ville de Mogador comme point strat\u00e9gique de contr\u00f4le militaire, mais la conception de la ville actuelle est due au sultan de la dynastie alaouite Sidi [&hellip;]<\/p>\n","protected":false},"author":1,"featured_media":0,"parent":0,"menu_order":0,"comment_status":"closed","ping_status":"closed","template":"elementor_header_footer","meta":{"footnotes":""},"class_list":["post-1653","page","type-page","status-publish","hentry"],"blocksy_meta":[],"_links":{"self":[{"href":"https:\/\/moroccodesertlines.com\/fr\/wp-json\/wp\/v2\/pages\/1653","targetHints":{"allow":["GET"]}}],"collection":[{"href":"https:\/\/moroccodesertlines.com\/fr\/wp-json\/wp\/v2\/pages"}],"about":[{"href":"https:\/\/moroccodesertlines.com\/fr\/wp-json\/wp\/v2\/types\/page"}],"author":[{"embeddable":true,"href":"https:\/\/moroccodesertlines.com\/fr\/wp-json\/wp\/v2\/users\/1"}],"replies":[{"embeddable":true,"href":"https:\/\/moroccodesertlines.com\/fr\/wp-json\/wp\/v2\/comments?post=1653"}],"version-history":[{"count":1,"href":"https:\/\/moroccodesertlines.com\/fr\/wp-json\/wp\/v2\/pages\/1653\/revisions"}],"predecessor-version":[{"id":1654,"href":"https:\/\/moroccodesertlines.com\/fr\/wp-json\/wp\/v2\/pages\/1653\/revisions\/1654"}],"wp:attachment":[{"href":"https:\/\/moroccodesertlines.com\/fr\/wp-json\/wp\/v2\/media?parent=1653"}],"curies":[{"name":"wp","href":"https:\/\/api.w.org\/{rel}","templated":true}]}}