{"id":1638,"date":"2024-06-01T11:45:45","date_gmt":"2024-06-01T11:45:45","guid":{"rendered":"https:\/\/moroccodesertlines.com\/ville-difrane\/"},"modified":"2024-07-11T12:38:04","modified_gmt":"2024-07-11T12:38:04","slug":"ville-difrane","status":"publish","type":"page","link":"https:\/\/moroccodesertlines.com\/fr\/ville-difrane\/","title":{"rendered":"Ville d&rsquo;Ifrane"},"content":{"rendered":"\t\t<div data-elementor-type=\"wp-page\" data-elementor-id=\"1638\" class=\"elementor elementor-1638 elementor-516\" data-elementor-post-type=\"page\">\n\t\t\t\t<div class=\"elementor-element elementor-element-4d5f140 e-flex e-con-boxed e-con e-parent\" data-id=\"4d5f140\" data-element_type=\"container\" data-e-type=\"container\" data-settings=\"{&quot;background_background&quot;:&quot;classic&quot;}\">\n\t\t\t\t\t<div class=\"e-con-inner\">\n\t\t\t\t<div class=\"elementor-element elementor-element-f18924d elementor-widget elementor-widget-heading\" data-id=\"f18924d\" data-element_type=\"widget\" data-e-type=\"widget\" data-widget_type=\"heading.default\">\n\t\t\t\t<div class=\"elementor-widget-container\">\n\t\t\t\t\t<h1 class=\"elementor-heading-title elementor-size-default\">Ville d'Ifrane<\/h1>\t\t\t\t<\/div>\n\t\t\t\t<\/div>\n\t\t\t\t<div class=\"elementor-element elementor-element-87ab090 elementor-widget elementor-widget-shortcode\" data-id=\"87ab090\" data-element_type=\"widget\" data-e-type=\"widget\" data-widget_type=\"shortcode.default\">\n\t\t\t\t<div class=\"elementor-widget-container\">\n\t\t\t\t\t\t\t<div class=\"elementor-shortcode\"><nav aria-label=\"breadcrumbs\" class=\"rank-math-breadcrumb\"><p><span class=\"last\">Home<\/span><\/p><\/nav><\/div>\n\t\t\t\t\t\t<\/div>\n\t\t\t\t<\/div>\n\t\t\t\t\t<\/div>\n\t\t\t\t<\/div>\n\t\t<div class=\"elementor-element elementor-element-5b6acd6 e-flex e-con-boxed e-con e-parent\" data-id=\"5b6acd6\" data-element_type=\"container\" data-e-type=\"container\">\n\t\t\t\t\t<div class=\"e-con-inner\">\n\t\t<div class=\"elementor-element elementor-element-5b00241 e-con-full e-flex e-con e-child\" data-id=\"5b00241\" data-element_type=\"container\" data-e-type=\"container\">\n\t\t\t\t<\/div>\n\t\t<div class=\"elementor-element elementor-element-3a8b667 e-con-full e-flex e-con e-child\" data-id=\"3a8b667\" data-element_type=\"container\" data-e-type=\"container\">\n\t\t\t\t<div class=\"elementor-element elementor-element-5958df9 elementor-widget elementor-widget-text-editor\" data-id=\"5958df9\" data-element_type=\"widget\" data-e-type=\"widget\" data-widget_type=\"text-editor.default\">\n\t\t\t\t<div class=\"elementor-widget-container\">\n\t\t\t\t\t\t\t\t\t<p>Ifrane : Arrivant sur la route, si le voyageur s&rsquo;est endormi quelques kilom\u00e8tres avant d&rsquo;arriver \u00e0 Ifrane, il aura l&rsquo;impression, en se r\u00e9veillant, d&rsquo;avoir \u00e9t\u00e9 transport\u00e9 comme par magie en Europe centrale, en Suisse. Les toits sont \u00e0 forte pente et en ardoise noire, la v\u00e9g\u00e9tation typique de ces pays et la propret\u00e9 soign\u00e9e aussi, si c&rsquo;est en hiver vous verrez les c\u00e8dres enneig\u00e9s et les toits d&rsquo;ardoise \u00e9galement habill\u00e9s de blanc, ce n&rsquo;est pas en vain qu&rsquo;Ifrane est situ\u00e9e \u00e0 1650 m\u00e8tres au-dessus du niveau de la mer.<\/p>\n<p>Elle a \u00e9t\u00e9 cr\u00e9\u00e9e par les Fran\u00e7ais en 1929 et est actuellement une ville de services, un lieu de r\u00e9sidence pour les familles ais\u00e9es qui s&rsquo;y installent pour passer le chaud \u00e9t\u00e9 marocain.<\/p>\n<p>Il y a quelques ann\u00e9es a \u00e9t\u00e9 cr\u00e9\u00e9e l&rsquo;Universit\u00e9 Al Akhawayn (la plus importante de tout le pays et o\u00f9 l&rsquo;on trouve des \u00e9tudiants du monde entier) dans ses environs on peut voir les belles for\u00eats de c\u00e8dres.<\/p>\n\t\t\t\t\t\t\t\t<\/div>\n\t\t\t\t<\/div>\n\t\t\t\t<\/div>\n\t\t\t\t\t<\/div>\n\t\t\t\t<\/div>\n\t\t\t\t<\/div>\n\t\t","protected":false},"excerpt":{"rendered":"<p>Ville d&rsquo;Ifrane Ifrane : Arrivant sur la route, si le voyageur s&rsquo;est endormi quelques kilom\u00e8tres avant d&rsquo;arriver \u00e0 Ifrane, il aura l&rsquo;impression, en se r\u00e9veillant, d&rsquo;avoir \u00e9t\u00e9 transport\u00e9 comme par magie en Europe centrale, en Suisse. Les toits sont \u00e0 forte pente et en ardoise noire, la v\u00e9g\u00e9tation typique de ces pays et la propret\u00e9 [&hellip;]<\/p>\n","protected":false},"author":1,"featured_media":0,"parent":0,"menu_order":0,"comment_status":"closed","ping_status":"closed","template":"elementor_header_footer","meta":{"footnotes":""},"class_list":["post-1638","page","type-page","status-publish","hentry"],"blocksy_meta":[],"_links":{"self":[{"href":"https:\/\/moroccodesertlines.com\/fr\/wp-json\/wp\/v2\/pages\/1638","targetHints":{"allow":["GET"]}}],"collection":[{"href":"https:\/\/moroccodesertlines.com\/fr\/wp-json\/wp\/v2\/pages"}],"about":[{"href":"https:\/\/moroccodesertlines.com\/fr\/wp-json\/wp\/v2\/types\/page"}],"author":[{"embeddable":true,"href":"https:\/\/moroccodesertlines.com\/fr\/wp-json\/wp\/v2\/users\/1"}],"replies":[{"embeddable":true,"href":"https:\/\/moroccodesertlines.com\/fr\/wp-json\/wp\/v2\/comments?post=1638"}],"version-history":[{"count":1,"href":"https:\/\/moroccodesertlines.com\/fr\/wp-json\/wp\/v2\/pages\/1638\/revisions"}],"predecessor-version":[{"id":1639,"href":"https:\/\/moroccodesertlines.com\/fr\/wp-json\/wp\/v2\/pages\/1638\/revisions\/1639"}],"wp:attachment":[{"href":"https:\/\/moroccodesertlines.com\/fr\/wp-json\/wp\/v2\/media?parent=1638"}],"curies":[{"name":"wp","href":"https:\/\/api.w.org\/{rel}","templated":true}]}}