{"id":1634,"date":"2024-06-01T11:47:35","date_gmt":"2024-06-01T11:47:35","guid":{"rendered":"https:\/\/moroccodesertlines.com\/ville-de-marrakech\/"},"modified":"2024-07-11T12:35:48","modified_gmt":"2024-07-11T12:35:48","slug":"ville-de-marrakech","status":"publish","type":"page","link":"https:\/\/moroccodesertlines.com\/fr\/ville-de-marrakech\/","title":{"rendered":"Ville de Marrakech"},"content":{"rendered":"\t\t<div data-elementor-type=\"wp-page\" data-elementor-id=\"1634\" class=\"elementor elementor-1634 elementor-527\" data-elementor-post-type=\"page\">\n\t\t\t\t<div class=\"elementor-element elementor-element-4d5f140 e-flex e-con-boxed e-con e-parent\" data-id=\"4d5f140\" data-element_type=\"container\" data-e-type=\"container\" data-settings=\"{&quot;background_background&quot;:&quot;classic&quot;}\">\n\t\t\t\t\t<div class=\"e-con-inner\">\n\t\t\t\t<div class=\"elementor-element elementor-element-f18924d elementor-widget elementor-widget-heading\" data-id=\"f18924d\" data-element_type=\"widget\" data-e-type=\"widget\" data-widget_type=\"heading.default\">\n\t\t\t\t<div class=\"elementor-widget-container\">\n\t\t\t\t\t<h1 class=\"elementor-heading-title elementor-size-default\">Ville de Marrakech<\/h1>\t\t\t\t<\/div>\n\t\t\t\t<\/div>\n\t\t\t\t<div class=\"elementor-element elementor-element-87ab090 elementor-widget elementor-widget-shortcode\" data-id=\"87ab090\" data-element_type=\"widget\" data-e-type=\"widget\" data-widget_type=\"shortcode.default\">\n\t\t\t\t<div class=\"elementor-widget-container\">\n\t\t\t\t\t\t\t<div class=\"elementor-shortcode\"><nav aria-label=\"breadcrumbs\" class=\"rank-math-breadcrumb\"><p><span class=\"last\">Home<\/span><\/p><\/nav><\/div>\n\t\t\t\t\t\t<\/div>\n\t\t\t\t<\/div>\n\t\t\t\t\t<\/div>\n\t\t\t\t<\/div>\n\t\t<div class=\"elementor-element elementor-element-5b6acd6 e-flex e-con-boxed e-con e-parent\" data-id=\"5b6acd6\" data-element_type=\"container\" data-e-type=\"container\">\n\t\t\t\t\t<div class=\"e-con-inner\">\n\t\t<div class=\"elementor-element elementor-element-5b00241 e-con-full e-flex e-con e-child\" data-id=\"5b00241\" data-element_type=\"container\" data-e-type=\"container\">\n\t\t\t\t<\/div>\n\t\t<div class=\"elementor-element elementor-element-3a8b667 e-con-full e-flex e-con e-child\" data-id=\"3a8b667\" data-element_type=\"container\" data-e-type=\"container\">\n\t\t\t\t<div class=\"elementor-element elementor-element-5958df9 elementor-widget elementor-widget-text-editor\" data-id=\"5958df9\" data-element_type=\"widget\" data-e-type=\"widget\" data-widget_type=\"text-editor.default\">\n\t\t\t\t<div class=\"elementor-widget-container\">\n\t\t\t\t\t\t\t\t\t<p>La ville a \u00e9t\u00e9 fond\u00e9e en 1062 par la dynastie des Almoravides et est connue sous le nom de \u00ab\u00a0Al Madina al Hamra\u00a0\u00bb (la ville rouge) et a donn\u00e9 son nom \u00e0 tout le pays. Plus tard, elle passa \u00e0 la dynastie almohade, puis connut une p\u00e9riode de d\u00e9clin jusqu&rsquo;au XVIe si\u00e8cle, lorsqu&rsquo;elle redevint la capitale sous la dynastie saadienne, p\u00e9riode qui s&rsquo;acheva au XVIIIe si\u00e8cle avec le transfert de la capitale \u00e0 F\u00e8s. Marrakech est donc consid\u00e9r\u00e9e comme la capitale touristique du Maroc.<\/p>\n<p><strong>LA MEDINA:<\/strong> D\u00e9clar\u00e9e patrimoine culturel de l&rsquo;humanit\u00e9 par l&rsquo;UNESCO et bien pr\u00e9serv\u00e9e, on distingue deux zones, le centre et les souks, toutes deux \u00e0 visiter absolument.<\/p>\n<p><strong>JAMAA EL FNA:<\/strong> le c\u0153ur authentique de la ville et l&rsquo;image la plus connue du tourisme marocain. Tout un spectacle s&rsquo;ouvre devant vous, charmeurs de serpents, conteurs, musiciens berb\u00e8res, lanceurs de cartes, un spectacle d\u00e9clar\u00e9 patrimoine oral de l&rsquo;humanit\u00e9 par l&rsquo;UNESCO. Aujourd&rsquo;hui, le soir, une multitude de restaurants de rue ouvrent sur la place. Son nom Jama\u00e2 el Fna (Le rassemblement des morts) fait r\u00e9f\u00e9rence soit au fait que c&rsquo;est l\u00e0 que l&rsquo;on exposait les t\u00eates des ex\u00e9cut\u00e9s, soit \u00e0 une mosqu\u00e9e du quartier qui s&rsquo;est effondr\u00e9e.<\/p>\n<p><strong>Les murailles:<\/strong> D&rsquo;une longueur de 19 km, d&rsquo;une \u00e9paisseur de deux m\u00e8tres et d&rsquo;une hauteur de 9 m\u00e8tres, elles ont \u00e9t\u00e9 construites en terre battue par les Almoravides, les Almohades et les Saadiens. Elle conserve \u00e9galement plusieurs portes telles que Bab el-Khemis, Aghmat et Agnaou.<\/p>\n<p><strong>KUBA B\u00c2DIYN:<\/strong> Seul vestige de la cit\u00e9 almoravide, il s&rsquo;agit du bassin d&rsquo;ablutions d&rsquo;une ancienne mosqu\u00e9e et sa coupole pr\u00e9sente des influences marqu\u00e9es de la coupole du mihrab de la mosqu\u00e9e de Cordoue.<\/p>\n<p><strong>Mosqu\u00e9e Koutoubia:<\/strong> le principal monument de la ville et son symbole, avec la mosqu\u00e9e du m\u00eame nom, a \u00e9t\u00e9 construit par la dynastie almohade au XIIe si\u00e8cle et est la s\u0153ur de la Giralda de S\u00e9ville et de la Tour Hassan de Rabat.<\/p>\n<p><strong>JARDIN DE MENARA:<\/strong> Immense \u00e9tang almohade qui servait \u00e0 irriguer de vastes champs d&rsquo;oliviers et d&rsquo;autres arbres, belle image. Au coucher du soleil, les couleurs se refl\u00e8tent dans l&rsquo;eau.<\/p>\n<p><strong>PALAIS BADI:<\/strong> Construit par le sultan Saadi Ahmed al Mansur au XVIIe si\u00e8cle. La cour s&rsquo;inspire de celle des lions de l&rsquo;Alhambra. Apr\u00e8s la chute de la dynastie, elle fut d\u00e9pouill\u00e9e de ses colonnes, de son marbre, etc. Aujourd&rsquo;hui, les grands murs sont encore visibles.<\/p>\n<p><strong>MADRASA BEN YOUSSEF:<\/strong> La meilleure \u00e9cole coranique de tout le pays, construite au XVIIe si\u00e8cle par les Sa\u00e2diens autour d&rsquo;une cour avec un bassin au milieu et une petite et belle mosqu\u00e9e. Les \u00e9l\u00e8ves, dans des salles autour de cette cour, ont \u00e9tudi\u00e9 le Coran jusque dans les ann\u00e9es 1960.<\/p>\n<p><strong>TOMBES SAADIENNES:<\/strong> Mausol\u00e9e de la dynastie saadienne fortement influenc\u00e9e par l&rsquo;art nasride, les tombes sont situ\u00e9es \u00e0 c\u00f4t\u00e9 de la mosqu\u00e9e de la Kasbah, dont le minaret almohade a servi de mod\u00e8le au prototype du minaret marocain,<\/p>\n<p><strong>PALAIS DE BAHIA:<\/strong> Construit \u00e0 la fin du XIXe si\u00e8cle, bien conserv\u00e9, avec deux cours et la pr\u00e9sence de nombreux \u00e9l\u00e9ments du riche artisanat marocain, plafonds, carreaux et stucs en pl\u00e2tre.<\/p>\n<p><strong>JARDIN MAJORELLE:<\/strong> Construit au XIXe si\u00e8cle, il fut la r\u00e9sidence du peintre Jacques Majorelle dans les ann\u00e9es<\/p>\n<p>puis du couturier Yves Saint Laurent. Aujourd&rsquo;hui, il abrite un beau jardin et un mus\u00e9e consacr\u00e9 \u00e0 l&rsquo;artisanat berb\u00e8re.<\/p>\n\t\t\t\t\t\t\t\t<\/div>\n\t\t\t\t<\/div>\n\t\t\t\t<\/div>\n\t\t\t\t\t<\/div>\n\t\t\t\t<\/div>\n\t\t\t\t<\/div>\n\t\t","protected":false},"excerpt":{"rendered":"<p>Ville de Marrakech La ville a \u00e9t\u00e9 fond\u00e9e en 1062 par la dynastie des Almoravides et est connue sous le nom de \u00ab\u00a0Al Madina al Hamra\u00a0\u00bb (la ville rouge) et a donn\u00e9 son nom \u00e0 tout le pays. Plus tard, elle passa \u00e0 la dynastie almohade, puis connut une p\u00e9riode de d\u00e9clin jusqu&rsquo;au XVIe si\u00e8cle, [&hellip;]<\/p>\n","protected":false},"author":1,"featured_media":0,"parent":0,"menu_order":0,"comment_status":"closed","ping_status":"closed","template":"elementor_header_footer","meta":{"footnotes":""},"class_list":["post-1634","page","type-page","status-publish","hentry"],"blocksy_meta":[],"_links":{"self":[{"href":"https:\/\/moroccodesertlines.com\/fr\/wp-json\/wp\/v2\/pages\/1634","targetHints":{"allow":["GET"]}}],"collection":[{"href":"https:\/\/moroccodesertlines.com\/fr\/wp-json\/wp\/v2\/pages"}],"about":[{"href":"https:\/\/moroccodesertlines.com\/fr\/wp-json\/wp\/v2\/types\/page"}],"author":[{"embeddable":true,"href":"https:\/\/moroccodesertlines.com\/fr\/wp-json\/wp\/v2\/users\/1"}],"replies":[{"embeddable":true,"href":"https:\/\/moroccodesertlines.com\/fr\/wp-json\/wp\/v2\/comments?post=1634"}],"version-history":[{"count":3,"href":"https:\/\/moroccodesertlines.com\/fr\/wp-json\/wp\/v2\/pages\/1634\/revisions"}],"predecessor-version":[{"id":1637,"href":"https:\/\/moroccodesertlines.com\/fr\/wp-json\/wp\/v2\/pages\/1634\/revisions\/1637"}],"wp:attachment":[{"href":"https:\/\/moroccodesertlines.com\/fr\/wp-json\/wp\/v2\/media?parent=1634"}],"curies":[{"name":"wp","href":"https:\/\/api.w.org\/{rel}","templated":true}]}}