{"id":1632,"date":"2024-06-01T11:49:27","date_gmt":"2024-06-01T11:49:27","guid":{"rendered":"https:\/\/moroccodesertlines.com\/ville-de-ouarzazate\/"},"modified":"2024-07-11T12:28:23","modified_gmt":"2024-07-11T12:28:23","slug":"ville-de-ouarzazate","status":"publish","type":"page","link":"https:\/\/moroccodesertlines.com\/fr\/ville-de-ouarzazate\/","title":{"rendered":"Ville de Ouarzazate"},"content":{"rendered":"\t\t<div data-elementor-type=\"wp-page\" data-elementor-id=\"1632\" class=\"elementor elementor-1632 elementor-532\" data-elementor-post-type=\"page\">\n\t\t\t\t<div class=\"elementor-element elementor-element-4d5f140 e-flex e-con-boxed e-con e-parent\" data-id=\"4d5f140\" data-element_type=\"container\" data-e-type=\"container\" data-settings=\"{&quot;background_background&quot;:&quot;classic&quot;}\">\n\t\t\t\t\t<div class=\"e-con-inner\">\n\t\t\t\t<div class=\"elementor-element elementor-element-f18924d elementor-widget elementor-widget-heading\" data-id=\"f18924d\" data-element_type=\"widget\" data-e-type=\"widget\" data-widget_type=\"heading.default\">\n\t\t\t\t<div class=\"elementor-widget-container\">\n\t\t\t\t\t<h1 class=\"elementor-heading-title elementor-size-default\">Ville de Ouarzazate<\/h1>\t\t\t\t<\/div>\n\t\t\t\t<\/div>\n\t\t\t\t<div class=\"elementor-element elementor-element-87ab090 elementor-widget elementor-widget-shortcode\" data-id=\"87ab090\" data-element_type=\"widget\" data-e-type=\"widget\" data-widget_type=\"shortcode.default\">\n\t\t\t\t<div class=\"elementor-widget-container\">\n\t\t\t\t\t\t\t<div class=\"elementor-shortcode\"><nav aria-label=\"breadcrumbs\" class=\"rank-math-breadcrumb\"><p><span class=\"last\">Home<\/span><\/p><\/nav><\/div>\n\t\t\t\t\t\t<\/div>\n\t\t\t\t<\/div>\n\t\t\t\t\t<\/div>\n\t\t\t\t<\/div>\n\t\t<div class=\"elementor-element elementor-element-5b6acd6 e-flex e-con-boxed e-con e-parent\" data-id=\"5b6acd6\" data-element_type=\"container\" data-e-type=\"container\">\n\t\t\t\t\t<div class=\"e-con-inner\">\n\t\t<div class=\"elementor-element elementor-element-5b00241 e-con-full e-flex e-con e-child\" data-id=\"5b00241\" data-element_type=\"container\" data-e-type=\"container\">\n\t\t\t\t<\/div>\n\t\t<div class=\"elementor-element elementor-element-3a8b667 e-con-full e-flex e-con e-child\" data-id=\"3a8b667\" data-element_type=\"container\" data-e-type=\"container\">\n\t\t\t\t<div class=\"elementor-element elementor-element-5958df9 elementor-widget elementor-widget-text-editor\" data-id=\"5958df9\" data-element_type=\"widget\" data-e-type=\"widget\" data-widget_type=\"text-editor.default\">\n\t\t\t\t<div class=\"elementor-widget-container\">\n\t\t\t\t\t\t\t\t\tWARZAZAT &#8211; OUARZAZATE : Cette ville situ\u00e9e dans de magnifiques paysages sahariens, est la capitale du cin\u00e9ma marocain. C&rsquo;est pr\u00e9cis\u00e9ment dans ces paysages qu&rsquo;ont \u00e9t\u00e9 tourn\u00e9es d&rsquo;innombrables grandes productions, des th\u00e8mes bibliques, l&rsquo;histoire de J\u00e9sus, l&rsquo;Egypte ancienne ou la Rome imp\u00e9riale entre autres sujets, qu&rsquo;ont \u00e9t\u00e9 tourn\u00e9s Le ciel protecteur de Bernardo Bertolucci, Kundun de Martin Scorsese, etc. Les studios se trouvent \u00e0 environ 6 km avant d&rsquo;atteindre la ville en venant de Marrakech.\r\n\r\nCette ville a \u00e9t\u00e9 fond\u00e9e en 1928 par la L\u00e9gion \u00e9trang\u00e8re fran\u00e7aise comme point de contr\u00f4le et de ma\u00eetrise coloniale du territoire. Elle est situ\u00e9e une fois travers\u00e9 le Haut Atlas, au d\u00e9but des circuits touristiques vers les gorges du Dad\u00e8s et du Todra, vers les dunes de Merzouga ou de Zagora. Le principal monument de la ville est l&rsquo;immense kasbah de Taourirt du chef berb\u00e8re influent, soumis \u00e0 l&rsquo;autorit\u00e9 coloniale, le Glaoui. Plus tard avec l&rsquo;ind\u00e9pendance du Maroc tomb\u00e9 en disgr\u00e2ce, la kasbah est donc de construction r\u00e9cente et a \u00e9t\u00e9 r\u00e9cemment restaur\u00e9e.\r\n\r\nLa ville est dot\u00e9e d&rsquo;importantes infrastructures h\u00f4teli\u00e8res et d&rsquo;un r\u00e9pertoire tr\u00e8s vari\u00e9 de restaurants, dispose d&rsquo;un a\u00e9roport national, devenu aujourd&rsquo;hui international. A quelques kilom\u00e8tres \u00e9galement, une autre des merveilles marocaines, A\u00eft Benhadou, ville enti\u00e8rement faite de boue et d\u00e9clar\u00e9e patrimoine culturel de l&rsquo;humanit\u00e9 qui a \u00e9galement servi de d\u00e9cor \u00e0 d&rsquo;innombrables films.\t\t\t\t\t\t\t\t<\/div>\n\t\t\t\t<\/div>\n\t\t\t\t<\/div>\n\t\t\t\t\t<\/div>\n\t\t\t\t<\/div>\n\t\t\t\t<\/div>\n\t\t","protected":false},"excerpt":{"rendered":"<p>Ville de Ouarzazate WARZAZAT &#8211; OUARZAZATE : Cette ville situ\u00e9e dans de magnifiques paysages sahariens, est la capitale du cin\u00e9ma marocain. C&rsquo;est pr\u00e9cis\u00e9ment dans ces paysages qu&rsquo;ont \u00e9t\u00e9 tourn\u00e9es d&rsquo;innombrables grandes productions, des th\u00e8mes bibliques, l&rsquo;histoire de J\u00e9sus, l&rsquo;Egypte ancienne ou la Rome imp\u00e9riale entre autres sujets, qu&rsquo;ont \u00e9t\u00e9 tourn\u00e9s Le ciel protecteur de Bernardo [&hellip;]<\/p>\n","protected":false},"author":1,"featured_media":0,"parent":0,"menu_order":0,"comment_status":"closed","ping_status":"closed","template":"elementor_header_footer","meta":{"footnotes":""},"class_list":["post-1632","page","type-page","status-publish","hentry"],"blocksy_meta":[],"_links":{"self":[{"href":"https:\/\/moroccodesertlines.com\/fr\/wp-json\/wp\/v2\/pages\/1632","targetHints":{"allow":["GET"]}}],"collection":[{"href":"https:\/\/moroccodesertlines.com\/fr\/wp-json\/wp\/v2\/pages"}],"about":[{"href":"https:\/\/moroccodesertlines.com\/fr\/wp-json\/wp\/v2\/types\/page"}],"author":[{"embeddable":true,"href":"https:\/\/moroccodesertlines.com\/fr\/wp-json\/wp\/v2\/users\/1"}],"replies":[{"embeddable":true,"href":"https:\/\/moroccodesertlines.com\/fr\/wp-json\/wp\/v2\/comments?post=1632"}],"version-history":[{"count":1,"href":"https:\/\/moroccodesertlines.com\/fr\/wp-json\/wp\/v2\/pages\/1632\/revisions"}],"predecessor-version":[{"id":1633,"href":"https:\/\/moroccodesertlines.com\/fr\/wp-json\/wp\/v2\/pages\/1632\/revisions\/1633"}],"wp:attachment":[{"href":"https:\/\/moroccodesertlines.com\/fr\/wp-json\/wp\/v2\/media?parent=1632"}],"curies":[{"name":"wp","href":"https:\/\/api.w.org\/{rel}","templated":true}]}}