{"id":1624,"date":"2024-06-01T11:52:54","date_gmt":"2024-06-01T11:52:54","guid":{"rendered":"https:\/\/moroccodesertlines.com\/ville-de-rissani\/"},"modified":"2024-07-11T11:59:06","modified_gmt":"2024-07-11T11:59:06","slug":"ville-de-rissani","status":"publish","type":"page","link":"https:\/\/moroccodesertlines.com\/fr\/ville-de-rissani\/","title":{"rendered":"Ville de Rissani"},"content":{"rendered":"\t\t<div data-elementor-type=\"wp-page\" data-elementor-id=\"1624\" class=\"elementor elementor-1624 elementor-542\" data-elementor-post-type=\"page\">\n\t\t\t\t<div class=\"elementor-element elementor-element-4d5f140 e-flex e-con-boxed e-con e-parent\" data-id=\"4d5f140\" data-element_type=\"container\" data-e-type=\"container\" data-settings=\"{&quot;background_background&quot;:&quot;classic&quot;}\">\n\t\t\t\t\t<div class=\"e-con-inner\">\n\t\t\t\t<div class=\"elementor-element elementor-element-f18924d elementor-widget elementor-widget-heading\" data-id=\"f18924d\" data-element_type=\"widget\" data-e-type=\"widget\" data-widget_type=\"heading.default\">\n\t\t\t\t<div class=\"elementor-widget-container\">\n\t\t\t\t\t<h1 class=\"elementor-heading-title elementor-size-default\">Ville de Rissani<\/h1>\t\t\t\t<\/div>\n\t\t\t\t<\/div>\n\t\t\t\t<div class=\"elementor-element elementor-element-87ab090 elementor-widget elementor-widget-shortcode\" data-id=\"87ab090\" data-element_type=\"widget\" data-e-type=\"widget\" data-widget_type=\"shortcode.default\">\n\t\t\t\t<div class=\"elementor-widget-container\">\n\t\t\t\t\t\t\t<div class=\"elementor-shortcode\"><nav aria-label=\"breadcrumbs\" class=\"rank-math-breadcrumb\"><p><span class=\"last\">Home<\/span><\/p><\/nav><\/div>\n\t\t\t\t\t\t<\/div>\n\t\t\t\t<\/div>\n\t\t\t\t\t<\/div>\n\t\t\t\t<\/div>\n\t\t<div class=\"elementor-element elementor-element-5b6acd6 e-flex e-con-boxed e-con e-parent\" data-id=\"5b6acd6\" data-element_type=\"container\" data-e-type=\"container\">\n\t\t\t\t\t<div class=\"e-con-inner\">\n\t\t<div class=\"elementor-element elementor-element-5b00241 e-con-full e-flex e-con e-child\" data-id=\"5b00241\" data-element_type=\"container\" data-e-type=\"container\">\n\t\t\t\t<\/div>\n\t\t<div class=\"elementor-element elementor-element-3a8b667 e-con-full e-flex e-con e-child\" data-id=\"3a8b667\" data-element_type=\"container\" data-e-type=\"container\">\n\t\t\t\t<div class=\"elementor-element elementor-element-5958df9 elementor-widget elementor-widget-text-editor\" data-id=\"5958df9\" data-element_type=\"widget\" data-e-type=\"widget\" data-widget_type=\"text-editor.default\">\n\t\t\t\t<div class=\"elementor-widget-container\">\n\t\t\t\t\t\t\t\t\tCapitale de la r\u00e9gion du Tafilalt, n\u00e9e au XVIIe si\u00e8cle de la dynastie actuelle, les Alaouites, et incroyablement \u00e9loign\u00e9e du tourisme, ce qui lui a permis de conserver toute sa saveur ancienne. Elle est l&rsquo;h\u00e9riti\u00e8re de l&rsquo;ancienne ville de Sigilmassa.\r\n\r\nTrois fois par semaine, un march\u00e9 extraordinaire se tient dans le souk de la ville et rassemble une grande population venue des environs. La visite du souk est vivement conseill\u00e9e, pas du tout charg\u00e9e de st\u00e9r\u00e9otypes touristiques, tout \u00e0 Rissani sent l&rsquo;authenticit\u00e9 ! Le grand patrimoine du Tafilalt, outre les paysages spectaculaires, peut-\u00eatre les plus impressionnants du sud marocain, est qu&rsquo;il conserve un tr\u00e8s riche patrimoine architectural sur le terrain qui peut \u00eatre visit\u00e9 dans toute la r\u00e9gion mais compl\u00e8tement oubli\u00e9 lors des voyages dans la r\u00e9gion.\r\n\r\nPALMERAIE DE TAFILALT\r\n\r\nAppel\u00e9e aussi la M\u00e9sopotamie marocaine, au fond d&rsquo;un canyon coule la rivi\u00e8re Ziz avec la plus grande oasis du pays, 800 000 mille palmiers. La vue depuis la route nationale d&rsquo;Errachidia \u00e0 Rissani est spectaculaire.\r\n\r\nSIJILMASSA\r\n\r\nLa capitale historique du Tafilalt comptait 20 000 h. Fond\u00e9e au VIIe si\u00e8cle, elle fut la capitale du premier royaume musulman du Maroc, la capitale caravani\u00e8re du circuit qui, de l&rsquo;autre c\u00f4t\u00e9 du Sahara, rejoignait la M\u00e9diterran\u00e9e. Elle faisait le commerce des esclaves, de l&rsquo;or, de l&rsquo;ivoire, du sel et des armes. Elle est tomb\u00e9e au XVe si\u00e8cle, entre autres \u00e0 cause de la d\u00e9couverte de l&rsquo;or en Am\u00e9rique.\t\t\t\t\t\t\t\t<\/div>\n\t\t\t\t<\/div>\n\t\t\t\t<\/div>\n\t\t\t\t\t<\/div>\n\t\t\t\t<\/div>\n\t\t\t\t<\/div>\n\t\t","protected":false},"excerpt":{"rendered":"<p>Ville de Rissani Capitale de la r\u00e9gion du Tafilalt, n\u00e9e au XVIIe si\u00e8cle de la dynastie actuelle, les Alaouites, et incroyablement \u00e9loign\u00e9e du tourisme, ce qui lui a permis de conserver toute sa saveur ancienne. Elle est l&rsquo;h\u00e9riti\u00e8re de l&rsquo;ancienne ville de Sigilmassa. Trois fois par semaine, un march\u00e9 extraordinaire se tient dans le souk [&hellip;]<\/p>\n","protected":false},"author":1,"featured_media":0,"parent":0,"menu_order":0,"comment_status":"closed","ping_status":"closed","template":"elementor_header_footer","meta":{"footnotes":""},"class_list":["post-1624","page","type-page","status-publish","hentry"],"blocksy_meta":[],"_links":{"self":[{"href":"https:\/\/moroccodesertlines.com\/fr\/wp-json\/wp\/v2\/pages\/1624","targetHints":{"allow":["GET"]}}],"collection":[{"href":"https:\/\/moroccodesertlines.com\/fr\/wp-json\/wp\/v2\/pages"}],"about":[{"href":"https:\/\/moroccodesertlines.com\/fr\/wp-json\/wp\/v2\/types\/page"}],"author":[{"embeddable":true,"href":"https:\/\/moroccodesertlines.com\/fr\/wp-json\/wp\/v2\/users\/1"}],"replies":[{"embeddable":true,"href":"https:\/\/moroccodesertlines.com\/fr\/wp-json\/wp\/v2\/comments?post=1624"}],"version-history":[{"count":1,"href":"https:\/\/moroccodesertlines.com\/fr\/wp-json\/wp\/v2\/pages\/1624\/revisions"}],"predecessor-version":[{"id":1625,"href":"https:\/\/moroccodesertlines.com\/fr\/wp-json\/wp\/v2\/pages\/1624\/revisions\/1625"}],"wp:attachment":[{"href":"https:\/\/moroccodesertlines.com\/fr\/wp-json\/wp\/v2\/media?parent=1624"}],"curies":[{"name":"wp","href":"https:\/\/api.w.org\/{rel}","templated":true}]}}