{"id":1622,"date":"2024-06-01T11:17:19","date_gmt":"2024-06-01T11:17:19","guid":{"rendered":"https:\/\/moroccodesertlines.com\/ville-de-tanger\/"},"modified":"2024-07-11T11:57:15","modified_gmt":"2024-07-11T11:57:15","slug":"ville-de-tanger","status":"publish","type":"page","link":"https:\/\/moroccodesertlines.com\/fr\/ville-de-tanger\/","title":{"rendered":"Ville de Tanger"},"content":{"rendered":"\t\t<div data-elementor-type=\"wp-page\" data-elementor-id=\"1622\" class=\"elementor elementor-1622 elementor-448\" data-elementor-post-type=\"page\">\n\t\t\t\t<div class=\"elementor-element elementor-element-4d5f140 e-flex e-con-boxed e-con e-parent\" data-id=\"4d5f140\" data-element_type=\"container\" data-e-type=\"container\" data-settings=\"{&quot;background_background&quot;:&quot;classic&quot;}\">\n\t\t\t\t\t<div class=\"e-con-inner\">\n\t\t\t\t<div class=\"elementor-element elementor-element-f18924d elementor-widget elementor-widget-heading\" data-id=\"f18924d\" data-element_type=\"widget\" data-e-type=\"widget\" data-widget_type=\"heading.default\">\n\t\t\t\t<div class=\"elementor-widget-container\">\n\t\t\t\t\t<h1 class=\"elementor-heading-title elementor-size-default\">Ville de Tanger<\/h1>\t\t\t\t<\/div>\n\t\t\t\t<\/div>\n\t\t\t\t<div class=\"elementor-element elementor-element-87ab090 elementor-widget elementor-widget-shortcode\" data-id=\"87ab090\" data-element_type=\"widget\" data-e-type=\"widget\" data-widget_type=\"shortcode.default\">\n\t\t\t\t<div class=\"elementor-widget-container\">\n\t\t\t\t\t\t\t<div class=\"elementor-shortcode\"><nav aria-label=\"breadcrumbs\" class=\"rank-math-breadcrumb\"><p><span class=\"last\">Home<\/span><\/p><\/nav><\/div>\n\t\t\t\t\t\t<\/div>\n\t\t\t\t<\/div>\n\t\t\t\t\t<\/div>\n\t\t\t\t<\/div>\n\t\t<div class=\"elementor-element elementor-element-5b6acd6 e-flex e-con-boxed e-con e-parent\" data-id=\"5b6acd6\" data-element_type=\"container\" data-e-type=\"container\">\n\t\t\t\t\t<div class=\"e-con-inner\">\n\t\t<div class=\"elementor-element elementor-element-5b00241 e-con-full e-flex e-con e-child\" data-id=\"5b00241\" data-element_type=\"container\" data-e-type=\"container\">\n\t\t\t\t<\/div>\n\t\t<div class=\"elementor-element elementor-element-3a8b667 e-con-full e-flex e-con e-child\" data-id=\"3a8b667\" data-element_type=\"container\" data-e-type=\"container\">\n\t\t\t\t<div class=\"elementor-element elementor-element-5958df9 elementor-widget elementor-widget-text-editor\" data-id=\"5958df9\" data-element_type=\"widget\" data-e-type=\"widget\" data-widget_type=\"text-editor.default\">\n\t\t\t\t<div class=\"elementor-widget-container\">\n\t\t\t\t\t\t\t\t\tTanger est la porte d&rsquo;entr\u00e9e du Maroc depuis l&rsquo;Europe, o\u00f9 l&rsquo;on peut encore voir des vestiges de la ville internationale de l&rsquo;\u00e9poque du protectorat, qui avait la r\u00e9putation d&rsquo;\u00eatre une ville d&rsquo;espions, de trafiquants d&rsquo;\u00eatres humains et de drogues, \u00e0 cette \u00e9poque mythique et lib\u00e9rale de l&rsquo;internationalisme.\r\n\r\nLa ville a attir\u00e9 des peintres, Delacroix, Matisse, et des \u00e9crivains comme Samuel Becket, Truman Capote, T. Williams ou la Beat Generation, comme Paul Bowles, auteur de The Protective Sky, qui a r\u00e9sid\u00e9 de 1940 \u00e0 1999, et l&rsquo;\u00e9crivain Jane Bowles, tous deux d\u00e9c\u00e9d\u00e9s dans cette ville, qui comptait parmi ses r\u00e9sidents et amis le c\u00e9l\u00e8bre \u00e9crivain marocain Mohammed Chukri.\r\n\r\nL&rsquo;ancienne ville romaine de Tingis indique l&#8217;emplacement de la ville, sa m\u00e9dina, pas trop grande, sur la colline fait un point de vue sur la baie ou les vues du sud de l&rsquo;Espagne parfaitement visible comme les rares 20 kilom\u00e8tres les rendent visibles m\u00eame les lumi\u00e8res sur les deux c\u00f4t\u00e9s du d\u00e9troit.\r\n\r\nSa m\u00e9dina n&rsquo;est pas parmi les meilleures du pays, elle est petite et sans trop de choses \u00e0 mettre en valeur, poss\u00e8de une cath\u00e9drale et la ville est si\u00e8ge d&rsquo;\u00e9v\u00each\u00e9, mais ce qui n&rsquo;offre pas \u00e0 la ville de grands monuments ou une m\u00e9dina puissante est offert par ses plages c\u00e9l\u00e8bres et pour les Espagnols des souvenirs de l&rsquo;\u00e9poque du protectorat, de cette \u00e9poque est le th\u00e9\u00e2tre Cervant\u00e8s malheureusement ferm\u00e9 ou une ar\u00e8ne surr\u00e9aliste.\r\n\r\nCependant, Tanger rec\u00e8le de charmants mus\u00e9es tels que le mus\u00e9e Carmen Macein, qui abrite des \u0153uvres de Picasso, Max Erns et Georges Braque.\r\n\r\nLe mus\u00e9e des arts et antiquit\u00e9s marocains, install\u00e9 dans l&rsquo;ancien palais royal du XVIIe si\u00e8cle, passe en revue le riche patrimoine artisanal marocain et la riche histoire de la ville avec des \u0153uvres romaines. Tanger poss\u00e8de \u00e9galement un petit mus\u00e9e d&rsquo;art contemporain avec des \u0153uvres d&rsquo;auteurs marocains.\r\n\r\nIl est \u00e9galement int\u00e9ressant de visiter les pans de muraille entourant la citadelle, ainsi que l&rsquo;ancienne m\u00e9dina, dont les \u00e9l\u00e9ments \u00e0 visiter sont le petit souk, l&rsquo;h\u00f4tel Chejra, le caravans\u00e9rail indispensable dans une ville musulmane, autour d&rsquo;une cour, les pi\u00e8ces situ\u00e9es au premier \u00e9tage pour les animaux et les marchandises, au premier \u00e9tage les chambres pour les h\u00f4tes.\r\n\r\nDans la mesure du possible, le visiteur doit s&rsquo;accorder la joie de profiter de ses plages, qu&rsquo;elles soient du c\u00f4t\u00e9 de la M\u00e9diterran\u00e9e ou de l&rsquo;Atlantique. La ville dispose actuellement d&rsquo;une importante infrastructure h\u00f4teli\u00e8re et d&rsquo;un r\u00e9pertoire vivant de restaurants vari\u00e9s.\t\t\t\t\t\t\t\t<\/div>\n\t\t\t\t<\/div>\n\t\t\t\t<\/div>\n\t\t\t\t\t<\/div>\n\t\t\t\t<\/div>\n\t\t\t\t<\/div>\n\t\t","protected":false},"excerpt":{"rendered":"<p>Ville de Tanger Tanger est la porte d&rsquo;entr\u00e9e du Maroc depuis l&rsquo;Europe, o\u00f9 l&rsquo;on peut encore voir des vestiges de la ville internationale de l&rsquo;\u00e9poque du protectorat, qui avait la r\u00e9putation d&rsquo;\u00eatre une ville d&rsquo;espions, de trafiquants d&rsquo;\u00eatres humains et de drogues, \u00e0 cette \u00e9poque mythique et lib\u00e9rale de l&rsquo;internationalisme. La ville a attir\u00e9 des [&hellip;]<\/p>\n","protected":false},"author":1,"featured_media":0,"parent":0,"menu_order":0,"comment_status":"closed","ping_status":"closed","template":"elementor_header_footer","meta":{"footnotes":""},"class_list":["post-1622","page","type-page","status-publish","hentry"],"blocksy_meta":[],"_links":{"self":[{"href":"https:\/\/moroccodesertlines.com\/fr\/wp-json\/wp\/v2\/pages\/1622","targetHints":{"allow":["GET"]}}],"collection":[{"href":"https:\/\/moroccodesertlines.com\/fr\/wp-json\/wp\/v2\/pages"}],"about":[{"href":"https:\/\/moroccodesertlines.com\/fr\/wp-json\/wp\/v2\/types\/page"}],"author":[{"embeddable":true,"href":"https:\/\/moroccodesertlines.com\/fr\/wp-json\/wp\/v2\/users\/1"}],"replies":[{"embeddable":true,"href":"https:\/\/moroccodesertlines.com\/fr\/wp-json\/wp\/v2\/comments?post=1622"}],"version-history":[{"count":1,"href":"https:\/\/moroccodesertlines.com\/fr\/wp-json\/wp\/v2\/pages\/1622\/revisions"}],"predecessor-version":[{"id":1623,"href":"https:\/\/moroccodesertlines.com\/fr\/wp-json\/wp\/v2\/pages\/1622\/revisions\/1623"}],"wp:attachment":[{"href":"https:\/\/moroccodesertlines.com\/fr\/wp-json\/wp\/v2\/media?parent=1622"}],"curies":[{"name":"wp","href":"https:\/\/api.w.org\/{rel}","templated":true}]}}