{"id":1620,"date":"2024-06-01T11:57:27","date_gmt":"2024-06-01T11:57:27","guid":{"rendered":"https:\/\/moroccodesertlines.com\/ville-de-tetouan\/"},"modified":"2024-07-11T11:54:38","modified_gmt":"2024-07-11T11:54:38","slug":"ville-de-tetouan","status":"publish","type":"page","link":"https:\/\/moroccodesertlines.com\/fr\/ville-de-tetouan\/","title":{"rendered":"Ville de T\u00e9touan"},"content":{"rendered":"\t\t<div data-elementor-type=\"wp-page\" data-elementor-id=\"1620\" class=\"elementor elementor-1620 elementor-547\" data-elementor-post-type=\"page\">\n\t\t\t\t<div class=\"elementor-element elementor-element-4d5f140 e-flex e-con-boxed e-con e-parent\" data-id=\"4d5f140\" data-element_type=\"container\" data-e-type=\"container\" data-settings=\"{&quot;background_background&quot;:&quot;classic&quot;}\">\n\t\t\t\t\t<div class=\"e-con-inner\">\n\t\t\t\t<div class=\"elementor-element elementor-element-f18924d elementor-widget elementor-widget-heading\" data-id=\"f18924d\" data-element_type=\"widget\" data-e-type=\"widget\" data-widget_type=\"heading.default\">\n\t\t\t\t<div class=\"elementor-widget-container\">\n\t\t\t\t\t<h1 class=\"elementor-heading-title elementor-size-default\">Ville de T\u00e9touan<\/h1>\t\t\t\t<\/div>\n\t\t\t\t<\/div>\n\t\t\t\t<div class=\"elementor-element elementor-element-87ab090 elementor-widget elementor-widget-shortcode\" data-id=\"87ab090\" data-element_type=\"widget\" data-e-type=\"widget\" data-widget_type=\"shortcode.default\">\n\t\t\t\t<div class=\"elementor-widget-container\">\n\t\t\t\t\t\t\t<div class=\"elementor-shortcode\"><nav aria-label=\"breadcrumbs\" class=\"rank-math-breadcrumb\"><p><span class=\"last\">Home<\/span><\/p><\/nav><\/div>\n\t\t\t\t\t\t<\/div>\n\t\t\t\t<\/div>\n\t\t\t\t\t<\/div>\n\t\t\t\t<\/div>\n\t\t<div class=\"elementor-element elementor-element-5b6acd6 e-flex e-con-boxed e-con e-parent\" data-id=\"5b6acd6\" data-element_type=\"container\" data-e-type=\"container\">\n\t\t\t\t\t<div class=\"e-con-inner\">\n\t\t<div class=\"elementor-element elementor-element-5b00241 e-con-full e-flex e-con e-child\" data-id=\"5b00241\" data-element_type=\"container\" data-e-type=\"container\">\n\t\t\t\t<\/div>\n\t\t<div class=\"elementor-element elementor-element-3a8b667 e-con-full e-flex e-con e-child\" data-id=\"3a8b667\" data-element_type=\"container\" data-e-type=\"container\">\n\t\t\t\t<div class=\"elementor-element elementor-element-5958df9 elementor-widget elementor-widget-text-editor\" data-id=\"5958df9\" data-element_type=\"widget\" data-e-type=\"widget\" data-widget_type=\"text-editor.default\">\n\t\t\t\t<div class=\"elementor-widget-container\">\n\t\t\t\t\t\t\t\t\t<p>TETOUAN : La fille de Grenade, la blanche colombe, sont des noms qui d\u00e9signent la ville cubique, blanche, qui de 1913 \u00e0 1956, date de l&rsquo;ind\u00e9pendance, fut la capitale du protectorat espagnol, sa m\u00e9dina \u00e9blouissante avec celle de Chefchauen est la plus andalouse des m\u00e9dinas marocaines, sa m\u00e9dina est aussi l&rsquo;une des meilleures de tout le pays d\u00e9clar\u00e9e patrimoine culturel par l&rsquo;UNESCO.<\/p>\n<p>Depuis des ann\u00e9es, on trouve l&rsquo;espagnol dans ses rues, mais pas seulement lorsqu&rsquo;elle \u00e9tait la capitale du protectorat, il a \u00e9t\u00e9 parl\u00e9 lorsque l&rsquo;arriv\u00e9e massive de juifs \u00e0 partir de 1492 s&rsquo;est install\u00e9e dans la ville. Cette ville \u00e0 l&rsquo;ar\u00f4me andalou imp\u00e9rissable a accueilli l&rsquo;exil constant d&rsquo;Andalous fuyant le pouvoir chr\u00e9tien de l&rsquo;Espagne et du Portugal actuels, les r\u00e9fugi\u00e9s lui ont donn\u00e9 sa principale caract\u00e9ristique andalouse.<\/p>\n<p>Une premi\u00e8re vague a eu lieu au XVe si\u00e8cle et une autre au XVIe si\u00e8cle. La s\u0153ur de F\u00e8s, comme on l&rsquo;appelle aussi, se trouve \u00e0 30 km de Ceuta, avec de bonnes communications avec cette ville et Tanger, mais c&rsquo;est la grande inconnue, la ville oubli\u00e9e du tourisme et des voyageurs.<\/p>\n<p>La chose la plus importante \u00e0 souligner dans la ville blanche est sa belle m\u00e9dina qui descend doucement de la montagne Jbel Dersa, c&rsquo;est aussi une ville avec un riche artisanat, en particulier ses broderies qui suivent l&rsquo;inspiration andalouse, comme la musique cr\u00e9\u00e9e l\u00e0-bas et qui est l&rsquo;une des grandes branches de la musique andalouse, la cuisine, l&rsquo;architecture sont constamment rappel\u00e9s \u00e0 la proximit\u00e9 espagnole et le riche patrimoine andalou.<\/p>\n<p>T\u00e9touan fut \u00e9galement une grande ville de tradition juive s\u00e9pharade qui a laiss\u00e9 un h\u00e9ritage tr\u00e8s important de romances et de chants jud\u00e9o-espagnols cr\u00e9\u00e9s dans cette ville.<\/p>\n<p>Autour des murailles construites par les Espagnols pour la capitale du protectorat, se trouvent des maisons typiquement espagnoles avec un go\u00fbt ornemental pour le n\u00e9o-mud\u00e9jar. Sur la place, au bout de ce qui \u00e9tait la grande art\u00e8re pendant l&rsquo;occupation espagnole, se dresse une \u00e9glise dans laquelle, au coucher du soleil, on peut encore voir des gens qui assistent avec d\u00e9votion aux rites catholiques.<\/p>\n<p>Elle marque la fronti\u00e8re entre la ville europ\u00e9enne et la m\u00e9dina, connue sous le nom de place Fdan, officiellement place Hassan II. T\u00e9touan poss\u00e8de un petit mais int\u00e9ressant mus\u00e9e arch\u00e9ologique avec des pi\u00e8ces romaines de la ville de Thamuda, Lixus ou Volubilis, et un autre mus\u00e9e consacr\u00e9 \u00e0 l&rsquo;artisanat, pr\u00e8s de la porte bab el Okla, li\u00e9 \u00e0 un Grenadien qui a vu \u00e0 juste titre au d\u00e9but du XXe si\u00e8cle que le monde de l&rsquo;artisanat allait subir un d\u00e9clin et a cr\u00e9\u00e9 l&rsquo;\u00e9cole des artisans pour le pr\u00e9server, une \u00e9cole qui existe toujours, qui s&rsquo;appelait Bertuchi et qui est toujours regrett\u00e9e dans cette ville.<\/p>\n<p>Il a \u00e9galement cr\u00e9\u00e9 l&rsquo;Institut des beaux-arts, l&rsquo;institution de formation par excellence pour les \u00e9tudes des beaux-arts, qui a r\u00e9cemment install\u00e9 un petit mus\u00e9e d&rsquo;art contemporain dans l&rsquo;ancienne gare qui la reliait \u00e0 Ceuta.<\/p>\n<p>Les cimeti\u00e8res sont particuli\u00e8rement int\u00e9ressants : pr\u00e8s de bab Makbara (porte du cimeti\u00e8re) se trouve l&rsquo;ancien cimeti\u00e8re juif et, \u00e0 proximit\u00e9, le cimeti\u00e8re musulman.<\/p>\n<p>Enfin, \u00e0 proximit\u00e9 de cette ville se trouve la grande station de soleil et de plage de Rio Martil, ou les spectaculaires plages m\u00e9diterran\u00e9ennes qui entourent cette ville \u00e0 d\u00e9couvrir.<\/p>\n\t\t\t\t\t\t\t\t<\/div>\n\t\t\t\t<\/div>\n\t\t\t\t<\/div>\n\t\t\t\t\t<\/div>\n\t\t\t\t<\/div>\n\t\t\t\t<\/div>\n\t\t","protected":false},"excerpt":{"rendered":"<p>Ville de T\u00e9touan TETOUAN : La fille de Grenade, la blanche colombe, sont des noms qui d\u00e9signent la ville cubique, blanche, qui de 1913 \u00e0 1956, date de l&rsquo;ind\u00e9pendance, fut la capitale du protectorat espagnol, sa m\u00e9dina \u00e9blouissante avec celle de Chefchauen est la plus andalouse des m\u00e9dinas marocaines, sa m\u00e9dina est aussi l&rsquo;une des [&hellip;]<\/p>\n","protected":false},"author":1,"featured_media":0,"parent":0,"menu_order":0,"comment_status":"closed","ping_status":"closed","template":"elementor_header_footer","meta":{"footnotes":""},"class_list":["post-1620","page","type-page","status-publish","hentry"],"blocksy_meta":[],"_links":{"self":[{"href":"https:\/\/moroccodesertlines.com\/fr\/wp-json\/wp\/v2\/pages\/1620","targetHints":{"allow":["GET"]}}],"collection":[{"href":"https:\/\/moroccodesertlines.com\/fr\/wp-json\/wp\/v2\/pages"}],"about":[{"href":"https:\/\/moroccodesertlines.com\/fr\/wp-json\/wp\/v2\/types\/page"}],"author":[{"embeddable":true,"href":"https:\/\/moroccodesertlines.com\/fr\/wp-json\/wp\/v2\/users\/1"}],"replies":[{"embeddable":true,"href":"https:\/\/moroccodesertlines.com\/fr\/wp-json\/wp\/v2\/comments?post=1620"}],"version-history":[{"count":1,"href":"https:\/\/moroccodesertlines.com\/fr\/wp-json\/wp\/v2\/pages\/1620\/revisions"}],"predecessor-version":[{"id":1621,"href":"https:\/\/moroccodesertlines.com\/fr\/wp-json\/wp\/v2\/pages\/1620\/revisions\/1621"}],"wp:attachment":[{"href":"https:\/\/moroccodesertlines.com\/fr\/wp-json\/wp\/v2\/media?parent=1620"}],"curies":[{"name":"wp","href":"https:\/\/api.w.org\/{rel}","templated":true}]}}