{"id":1612,"date":"2024-07-02T07:50:35","date_gmt":"2024-07-02T07:50:35","guid":{"rendered":"https:\/\/moroccodesertlines.com\/circuits-de-marrakech\/"},"modified":"2024-10-22T11:45:20","modified_gmt":"2024-10-22T11:45:20","slug":"circuits-de-marrakech","status":"publish","type":"page","link":"https:\/\/moroccodesertlines.com\/fr\/circuits-de-marrakech\/","title":{"rendered":"Circuits de Marrakech"},"content":{"rendered":"\t\t<div data-elementor-type=\"wp-page\" data-elementor-id=\"1612\" class=\"elementor elementor-1612 elementor-934\" data-elementor-post-type=\"page\">\n\t\t\t\t<div class=\"elementor-element elementor-element-476c6bb6 e-flex e-con-boxed e-con e-parent\" data-id=\"476c6bb6\" data-element_type=\"container\" data-e-type=\"container\" data-settings=\"{&quot;background_background&quot;:&quot;classic&quot;}\">\n\t\t\t\t\t<div class=\"e-con-inner\">\n\t\t\t\t<div class=\"elementor-element elementor-element-4519f1aa elementor-widget elementor-widget-heading\" data-id=\"4519f1aa\" data-element_type=\"widget\" data-e-type=\"widget\" data-widget_type=\"heading.default\">\n\t\t\t\t<div class=\"elementor-widget-container\">\n\t\t\t\t\t<h1 class=\"elementor-heading-title elementor-size-default\">Circuits de Marrakech<\/h1>\t\t\t\t<\/div>\n\t\t\t\t<\/div>\n\t\t\t\t<div class=\"elementor-element elementor-element-6f265d61 elementor-widget elementor-widget-shortcode\" data-id=\"6f265d61\" data-element_type=\"widget\" data-e-type=\"widget\" data-widget_type=\"shortcode.default\">\n\t\t\t\t<div class=\"elementor-widget-container\">\n\t\t\t\t\t\t\t<div class=\"elementor-shortcode\"><nav aria-label=\"breadcrumbs\" class=\"rank-math-breadcrumb\"><p><span class=\"last\">Home<\/span><\/p><\/nav><\/div>\n\t\t\t\t\t\t<\/div>\n\t\t\t\t<\/div>\n\t\t\t\t\t<\/div>\n\t\t\t\t<\/div>\n\t\t<div class=\"elementor-element elementor-element-f168588 e-flex e-con-boxed e-con e-parent\" data-id=\"f168588\" data-element_type=\"container\" data-e-type=\"container\">\n\t\t\t\t\t<div class=\"e-con-inner\">\n\t\t\t\t<div class=\"elementor-element elementor-element-209ce83 elementor-widget elementor-widget-heading\" data-id=\"209ce83\" data-element_type=\"widget\" data-e-type=\"widget\" data-widget_type=\"heading.default\">\n\t\t\t\t<div class=\"elementor-widget-container\">\n\t\t\t\t\t<h2 class=\"elementor-heading-title elementor-size-default\">Circuits de Marrakech<\/h2>\t\t\t\t<\/div>\n\t\t\t\t<\/div>\n\t\t\t\t<div class=\"elementor-element elementor-element-8116a19 elementor-widget elementor-widget-text-editor\" data-id=\"8116a19\" data-element_type=\"widget\" data-e-type=\"widget\" data-widget_type=\"text-editor.default\">\n\t\t\t\t<div class=\"elementor-widget-container\">\n\t\t\t\t\t\t\t\t\t<p>L&rsquo;agence Morocco Desert Lines propose diff\u00e9rents circuits dans le d\u00e9sert qui partent de la ville color\u00e9e de Marrakech, menant \u00e0 une exp\u00e9rience inoubliable dans les divers paysages du Sahara marocain, y compris les montagnes de l&rsquo;Atlas, o\u00f9 vous pouvez voir des vues panoramiques \u00e0 couper le souffle, le d\u00e9sert de Merzouga, \u00e0 dos de chameau \u00e0 travers les dunes dor\u00e9es et profiter de la beaut\u00e9 paisible du d\u00e9sert, et une nuit dans un camp berb\u00e8re traditionnel, o\u00f9 vous pouvez dormir \u00e0 la belle \u00e9toile et profiter de la nourriture locale et de la musique traditionnelle amazighe. Enfin, les excursions dans le d\u00e9sert de Marrakech sont l&rsquo;occasion id\u00e9ale de profiter de la nature, de l&rsquo;aventure et de la tranquillit\u00e9, ce qui en fait un must pour tous ceux qui visitent le Maroc.<\/p>\n\t\t\t\t\t\t\t\t<\/div>\n\t\t\t\t<\/div>\n\t\t\t\t\t<\/div>\n\t\t\t\t<\/div>\n\t\t<div class=\"elementor-element elementor-element-e7bbfec e-flex e-con-boxed e-con e-parent\" data-id=\"e7bbfec\" data-element_type=\"container\" data-e-type=\"container\">\n\t\t\t\t\t<div class=\"e-con-inner\">\n\t\t<div class=\"elementor-element elementor-element-0902f37 e-con-full e-flex e-con e-child\" data-id=\"0902f37\" data-element_type=\"container\" data-e-type=\"container\">\n\t\t\t\t<div class=\"elementor-element elementor-element-13e892b elementor-widget elementor-widget-image\" data-id=\"13e892b\" data-element_type=\"widget\" data-e-type=\"widget\" data-widget_type=\"image.default\">\n\t\t\t\t<div class=\"elementor-widget-container\">\n\t\t\t\t\t\t\t\t\t\t\t\t\t\t\t<img decoding=\"async\" src=\"https:\/\/moroccodesertlines.com\/wp-content\/uploads\/2024\/06\/3-days-Marrakech-to-Merzouga-Desert-1.jpg\" title=\"\" alt=\"3 Days from Marrakech to Merzouga\" loading=\"lazy\" \/>\t\t\t\t\t\t\t\t\t\t\t\t\t\t\t<\/div>\n\t\t\t\t<\/div>\n\t\t\t\t<div class=\"elementor-element elementor-element-36fad4a elementor-widget elementor-widget-heading\" data-id=\"36fad4a\" data-element_type=\"widget\" data-e-type=\"widget\" data-widget_type=\"heading.default\">\n\t\t\t\t<div class=\"elementor-widget-container\">\n\t\t\t\t\t<h3 class=\"elementor-heading-title elementor-size-default\">3 jours de Marrakech \u00e0 Merzouga<\/h3>\t\t\t\t<\/div>\n\t\t\t\t<\/div>\n\t\t\t\t<div class=\"elementor-element elementor-element-e97dfe0 elementor-align-center elementor-widget elementor-widget-button\" data-id=\"e97dfe0\" data-element_type=\"widget\" data-e-type=\"widget\" data-widget_type=\"button.default\">\n\t\t\t\t<div class=\"elementor-widget-container\">\n\t\t\t\t\t\t\t\t\t<div class=\"elementor-button-wrapper\">\n\t\t\t\t\t<a class=\"elementor-button elementor-button-link elementor-size-sm\" href=\"https:\/\/moroccodesertlines.com\/fr\/3-jours-de-marrakech-a-merzouga\/\">\n\t\t\t\t\t\t<span class=\"elementor-button-content-wrapper\">\n\t\t\t\t\t\t<span class=\"elementor-button-icon\">\n\t\t\t\t<svg aria-hidden=\"true\" class=\"e-font-icon-svg e-fas-external-link-alt\" viewBox=\"0 0 512 512\" xmlns=\"http:\/\/www.w3.org\/2000\/svg\"><path d=\"M432,320H400a16,16,0,0,0-16,16V448H64V128H208a16,16,0,0,0,16-16V80a16,16,0,0,0-16-16H48A48,48,0,0,0,0,112V464a48,48,0,0,0,48,48H400a48,48,0,0,0,48-48V336A16,16,0,0,0,432,320ZM488,0h-128c-21.37,0-32.05,25.91-17,41l35.73,35.73L135,320.37a24,24,0,0,0,0,34L157.67,377a24,24,0,0,0,34,0L435.28,133.32,471,169c15,15,41,4.5,41-17V24A24,24,0,0,0,488,0Z\"><\/path><\/svg>\t\t\t<\/span>\n\t\t\t\t\t\t\t\t\t<span class=\"elementor-button-text\">Lire plus<\/span>\n\t\t\t\t\t<\/span>\n\t\t\t\t\t<\/a>\n\t\t\t\t<\/div>\n\t\t\t\t\t\t\t\t<\/div>\n\t\t\t\t<\/div>\n\t\t\t\t<\/div>\n\t\t<div class=\"elementor-element elementor-element-d2d5c04 e-con-full e-flex e-con e-child\" data-id=\"d2d5c04\" data-element_type=\"container\" data-e-type=\"container\">\n\t\t\t\t<div class=\"elementor-element elementor-element-093ef47 elementor-widget elementor-widget-image\" data-id=\"093ef47\" data-element_type=\"widget\" data-e-type=\"widget\" data-widget_type=\"image.default\">\n\t\t\t\t<div class=\"elementor-widget-container\">\n\t\t\t\t\t\t\t\t\t\t\t\t\t\t\t<img fetchpriority=\"high\" decoding=\"async\" width=\"1080\" height=\"720\" src=\"https:\/\/moroccodesertlines.com\/wp-content\/uploads\/2024\/06\/3-days-marrakech-to-fes-2.jpg\" class=\"attachment-full size-full wp-image-1246\" alt=\"\" srcset=\"https:\/\/moroccodesertlines.com\/wp-content\/uploads\/2024\/06\/3-days-marrakech-to-fes-2.jpg 1080w, https:\/\/moroccodesertlines.com\/wp-content\/uploads\/2024\/06\/3-days-marrakech-to-fes-2-300x200.jpg 300w, https:\/\/moroccodesertlines.com\/wp-content\/uploads\/2024\/06\/3-days-marrakech-to-fes-2-1024x683.jpg 1024w, https:\/\/moroccodesertlines.com\/wp-content\/uploads\/2024\/06\/3-days-marrakech-to-fes-2-768x512.jpg 768w\" sizes=\"(max-width: 1080px) 100vw, 1080px\" \/>\t\t\t\t\t\t\t\t\t\t\t\t\t\t\t<\/div>\n\t\t\t\t<\/div>\n\t\t\t\t<div class=\"elementor-element elementor-element-94a8f63 elementor-widget elementor-widget-heading\" data-id=\"94a8f63\" data-element_type=\"widget\" data-e-type=\"widget\" data-widget_type=\"heading.default\">\n\t\t\t\t<div class=\"elementor-widget-container\">\n\t\t\t\t\t<h3 class=\"elementor-heading-title elementor-size-default\">Circuit de 3 jours de Marrakech \u00e0 F\u00e8s<\/h3>\t\t\t\t<\/div>\n\t\t\t\t<\/div>\n\t\t\t\t<div class=\"elementor-element elementor-element-629314c elementor-align-center elementor-widget elementor-widget-button\" data-id=\"629314c\" data-element_type=\"widget\" data-e-type=\"widget\" data-widget_type=\"button.default\">\n\t\t\t\t<div class=\"elementor-widget-container\">\n\t\t\t\t\t\t\t\t\t<div class=\"elementor-button-wrapper\">\n\t\t\t\t\t<a class=\"elementor-button elementor-button-link elementor-size-sm\" href=\"https:\/\/moroccodesertlines.com\/fr\/3-jours-de-marrakech-a-fes\/\">\n\t\t\t\t\t\t<span class=\"elementor-button-content-wrapper\">\n\t\t\t\t\t\t<span class=\"elementor-button-icon\">\n\t\t\t\t<svg aria-hidden=\"true\" class=\"e-font-icon-svg e-fas-external-link-alt\" viewBox=\"0 0 512 512\" xmlns=\"http:\/\/www.w3.org\/2000\/svg\"><path d=\"M432,320H400a16,16,0,0,0-16,16V448H64V128H208a16,16,0,0,0,16-16V80a16,16,0,0,0-16-16H48A48,48,0,0,0,0,112V464a48,48,0,0,0,48,48H400a48,48,0,0,0,48-48V336A16,16,0,0,0,432,320ZM488,0h-128c-21.37,0-32.05,25.91-17,41l35.73,35.73L135,320.37a24,24,0,0,0,0,34L157.67,377a24,24,0,0,0,34,0L435.28,133.32,471,169c15,15,41,4.5,41-17V24A24,24,0,0,0,488,0Z\"><\/path><\/svg>\t\t\t<\/span>\n\t\t\t\t\t\t\t\t\t<span class=\"elementor-button-text\">Lire plus<\/span>\n\t\t\t\t\t<\/span>\n\t\t\t\t\t<\/a>\n\t\t\t\t<\/div>\n\t\t\t\t\t\t\t\t<\/div>\n\t\t\t\t<\/div>\n\t\t\t\t<\/div>\n\t\t<div class=\"elementor-element elementor-element-93eee09 e-con-full e-flex e-con e-child\" data-id=\"93eee09\" data-element_type=\"container\" data-e-type=\"container\">\n\t\t\t\t<div class=\"elementor-element elementor-element-26729e8 elementor-widget elementor-widget-image\" data-id=\"26729e8\" data-element_type=\"widget\" data-e-type=\"widget\" data-widget_type=\"image.default\">\n\t\t\t\t<div class=\"elementor-widget-container\">\n\t\t\t\t\t\t\t\t\t\t\t\t\t\t\t<img decoding=\"async\" width=\"1080\" height=\"720\" src=\"https:\/\/moroccodesertlines.com\/wp-content\/uploads\/2024\/06\/4-Days-Marrakech-to-Merzouga-Desert-3-.jpg\" class=\"attachment-full size-full wp-image-1260\" alt=\"\" srcset=\"https:\/\/moroccodesertlines.com\/wp-content\/uploads\/2024\/06\/4-Days-Marrakech-to-Merzouga-Desert-3-.jpg 1080w, https:\/\/moroccodesertlines.com\/wp-content\/uploads\/2024\/06\/4-Days-Marrakech-to-Merzouga-Desert-3--300x200.jpg 300w, https:\/\/moroccodesertlines.com\/wp-content\/uploads\/2024\/06\/4-Days-Marrakech-to-Merzouga-Desert-3--1024x683.jpg 1024w, https:\/\/moroccodesertlines.com\/wp-content\/uploads\/2024\/06\/4-Days-Marrakech-to-Merzouga-Desert-3--768x512.jpg 768w\" sizes=\"(max-width: 1080px) 100vw, 1080px\" \/>\t\t\t\t\t\t\t\t\t\t\t\t\t\t\t<\/div>\n\t\t\t\t<\/div>\n\t\t\t\t<div class=\"elementor-element elementor-element-dbabfad elementor-widget elementor-widget-heading\" data-id=\"dbabfad\" data-element_type=\"widget\" data-e-type=\"widget\" data-widget_type=\"heading.default\">\n\t\t\t\t<div class=\"elementor-widget-container\">\n\t\t\t\t\t<h3 class=\"elementor-heading-title elementor-size-default\">4 jours de Marrakech \u00e0 Merzouga<\/h3>\t\t\t\t<\/div>\n\t\t\t\t<\/div>\n\t\t\t\t<div class=\"elementor-element elementor-element-47ccbd7 elementor-align-center elementor-widget elementor-widget-button\" data-id=\"47ccbd7\" data-element_type=\"widget\" data-e-type=\"widget\" data-widget_type=\"button.default\">\n\t\t\t\t<div class=\"elementor-widget-container\">\n\t\t\t\t\t\t\t\t\t<div class=\"elementor-button-wrapper\">\n\t\t\t\t\t<a class=\"elementor-button elementor-button-link elementor-size-sm\" href=\"https:\/\/moroccodesertlines.com\/fr\/circuits-de-4-jours-de-marrakech-a-merzouga\/\">\n\t\t\t\t\t\t<span class=\"elementor-button-content-wrapper\">\n\t\t\t\t\t\t<span class=\"elementor-button-icon\">\n\t\t\t\t<svg aria-hidden=\"true\" class=\"e-font-icon-svg e-fas-external-link-alt\" viewBox=\"0 0 512 512\" xmlns=\"http:\/\/www.w3.org\/2000\/svg\"><path d=\"M432,320H400a16,16,0,0,0-16,16V448H64V128H208a16,16,0,0,0,16-16V80a16,16,0,0,0-16-16H48A48,48,0,0,0,0,112V464a48,48,0,0,0,48,48H400a48,48,0,0,0,48-48V336A16,16,0,0,0,432,320ZM488,0h-128c-21.37,0-32.05,25.91-17,41l35.73,35.73L135,320.37a24,24,0,0,0,0,34L157.67,377a24,24,0,0,0,34,0L435.28,133.32,471,169c15,15,41,4.5,41-17V24A24,24,0,0,0,488,0Z\"><\/path><\/svg>\t\t\t<\/span>\n\t\t\t\t\t\t\t\t\t<span class=\"elementor-button-text\">Lire plus<\/span>\n\t\t\t\t\t<\/span>\n\t\t\t\t\t<\/a>\n\t\t\t\t<\/div>\n\t\t\t\t\t\t\t\t<\/div>\n\t\t\t\t<\/div>\n\t\t\t\t<\/div>\n\t\t<div class=\"elementor-element elementor-element-9010869 e-con-full e-flex e-con e-child\" data-id=\"9010869\" data-element_type=\"container\" data-e-type=\"container\">\n\t\t\t\t<div class=\"elementor-element elementor-element-9d5aea7 elementor-widget elementor-widget-image\" data-id=\"9d5aea7\" data-element_type=\"widget\" data-e-type=\"widget\" data-widget_type=\"image.default\">\n\t\t\t\t<div class=\"elementor-widget-container\">\n\t\t\t\t\t\t\t\t\t\t\t\t\t\t\t<img decoding=\"async\" width=\"1080\" height=\"720\" src=\"https:\/\/moroccodesertlines.com\/wp-content\/uploads\/2024\/06\/4-Days-Marrakech-to-Fes-3-.jpg\" class=\"attachment-full size-full wp-image-1254\" alt=\"\" srcset=\"https:\/\/moroccodesertlines.com\/wp-content\/uploads\/2024\/06\/4-Days-Marrakech-to-Fes-3-.jpg 1080w, https:\/\/moroccodesertlines.com\/wp-content\/uploads\/2024\/06\/4-Days-Marrakech-to-Fes-3--300x200.jpg 300w, https:\/\/moroccodesertlines.com\/wp-content\/uploads\/2024\/06\/4-Days-Marrakech-to-Fes-3--1024x683.jpg 1024w, https:\/\/moroccodesertlines.com\/wp-content\/uploads\/2024\/06\/4-Days-Marrakech-to-Fes-3--768x512.jpg 768w\" sizes=\"(max-width: 1080px) 100vw, 1080px\" \/>\t\t\t\t\t\t\t\t\t\t\t\t\t\t\t<\/div>\n\t\t\t\t<\/div>\n\t\t\t\t<div class=\"elementor-element elementor-element-fbb7dfe elementor-widget elementor-widget-heading\" data-id=\"fbb7dfe\" data-element_type=\"widget\" data-e-type=\"widget\" data-widget_type=\"heading.default\">\n\t\t\t\t<div class=\"elementor-widget-container\">\n\t\t\t\t\t<h3 class=\"elementor-heading-title elementor-size-default\">Circuit de 4 jours de Marrakech \u00e0 F\u00e8s<\/h3>\t\t\t\t<\/div>\n\t\t\t\t<\/div>\n\t\t\t\t<div class=\"elementor-element elementor-element-f9d5033 elementor-align-center elementor-widget elementor-widget-button\" data-id=\"f9d5033\" data-element_type=\"widget\" data-e-type=\"widget\" data-widget_type=\"button.default\">\n\t\t\t\t<div class=\"elementor-widget-container\">\n\t\t\t\t\t\t\t\t\t<div class=\"elementor-button-wrapper\">\n\t\t\t\t\t<a class=\"elementor-button elementor-button-link elementor-size-sm\" href=\"https:\/\/moroccodesertlines.com\/fr\/4-jours-de-marrakech-a-fes\/\">\n\t\t\t\t\t\t<span class=\"elementor-button-content-wrapper\">\n\t\t\t\t\t\t<span class=\"elementor-button-icon\">\n\t\t\t\t<svg aria-hidden=\"true\" class=\"e-font-icon-svg e-fas-external-link-alt\" viewBox=\"0 0 512 512\" xmlns=\"http:\/\/www.w3.org\/2000\/svg\"><path d=\"M432,320H400a16,16,0,0,0-16,16V448H64V128H208a16,16,0,0,0,16-16V80a16,16,0,0,0-16-16H48A48,48,0,0,0,0,112V464a48,48,0,0,0,48,48H400a48,48,0,0,0,48-48V336A16,16,0,0,0,432,320ZM488,0h-128c-21.37,0-32.05,25.91-17,41l35.73,35.73L135,320.37a24,24,0,0,0,0,34L157.67,377a24,24,0,0,0,34,0L435.28,133.32,471,169c15,15,41,4.5,41-17V24A24,24,0,0,0,488,0Z\"><\/path><\/svg>\t\t\t<\/span>\n\t\t\t\t\t\t\t\t\t<span class=\"elementor-button-text\">Lire plus<\/span>\n\t\t\t\t\t<\/span>\n\t\t\t\t\t<\/a>\n\t\t\t\t<\/div>\n\t\t\t\t\t\t\t\t<\/div>\n\t\t\t\t<\/div>\n\t\t\t\t<\/div>\n\t\t<div class=\"elementor-element elementor-element-c018ad6 e-con-full e-flex e-con e-child\" data-id=\"c018ad6\" data-element_type=\"container\" data-e-type=\"container\">\n\t\t\t\t<div class=\"elementor-element elementor-element-db66b19 elementor-widget elementor-widget-image\" data-id=\"db66b19\" data-element_type=\"widget\" data-e-type=\"widget\" data-widget_type=\"image.default\">\n\t\t\t\t<div class=\"elementor-widget-container\">\n\t\t\t\t\t\t\t\t\t\t\t\t\t\t\t<img loading=\"lazy\" decoding=\"async\" width=\"1080\" height=\"720\" src=\"https:\/\/moroccodesertlines.com\/wp-content\/uploads\/2024\/06\/6-days-Marrakech-to-Fes-2.jpg\" class=\"attachment-full size-full wp-image-1264\" alt=\"\" srcset=\"https:\/\/moroccodesertlines.com\/wp-content\/uploads\/2024\/06\/6-days-Marrakech-to-Fes-2.jpg 1080w, https:\/\/moroccodesertlines.com\/wp-content\/uploads\/2024\/06\/6-days-Marrakech-to-Fes-2-300x200.jpg 300w, https:\/\/moroccodesertlines.com\/wp-content\/uploads\/2024\/06\/6-days-Marrakech-to-Fes-2-1024x683.jpg 1024w, https:\/\/moroccodesertlines.com\/wp-content\/uploads\/2024\/06\/6-days-Marrakech-to-Fes-2-768x512.jpg 768w\" sizes=\"(max-width: 1080px) 100vw, 1080px\" \/>\t\t\t\t\t\t\t\t\t\t\t\t\t\t\t<\/div>\n\t\t\t\t<\/div>\n\t\t\t\t<div class=\"elementor-element elementor-element-26d6bc7 elementor-widget elementor-widget-heading\" data-id=\"26d6bc7\" data-element_type=\"widget\" data-e-type=\"widget\" data-widget_type=\"heading.default\">\n\t\t\t\t<div class=\"elementor-widget-container\">\n\t\t\t\t\t<h3 class=\"elementor-heading-title elementor-size-default\">Circuit de 6 jours de Marrakech \u00e0 F\u00e8s<\/h3>\t\t\t\t<\/div>\n\t\t\t\t<\/div>\n\t\t\t\t<div class=\"elementor-element elementor-element-9bb262c elementor-align-center elementor-widget elementor-widget-button\" data-id=\"9bb262c\" data-element_type=\"widget\" data-e-type=\"widget\" data-widget_type=\"button.default\">\n\t\t\t\t<div class=\"elementor-widget-container\">\n\t\t\t\t\t\t\t\t\t<div class=\"elementor-button-wrapper\">\n\t\t\t\t\t<a class=\"elementor-button elementor-button-link elementor-size-sm\" href=\"https:\/\/moroccodesertlines.com\/fr\/6-jours-de-marrakech-a-fes\/\">\n\t\t\t\t\t\t<span class=\"elementor-button-content-wrapper\">\n\t\t\t\t\t\t<span class=\"elementor-button-icon\">\n\t\t\t\t<svg aria-hidden=\"true\" class=\"e-font-icon-svg e-fas-external-link-alt\" viewBox=\"0 0 512 512\" xmlns=\"http:\/\/www.w3.org\/2000\/svg\"><path d=\"M432,320H400a16,16,0,0,0-16,16V448H64V128H208a16,16,0,0,0,16-16V80a16,16,0,0,0-16-16H48A48,48,0,0,0,0,112V464a48,48,0,0,0,48,48H400a48,48,0,0,0,48-48V336A16,16,0,0,0,432,320ZM488,0h-128c-21.37,0-32.05,25.91-17,41l35.73,35.73L135,320.37a24,24,0,0,0,0,34L157.67,377a24,24,0,0,0,34,0L435.28,133.32,471,169c15,15,41,4.5,41-17V24A24,24,0,0,0,488,0Z\"><\/path><\/svg>\t\t\t<\/span>\n\t\t\t\t\t\t\t\t\t<span class=\"elementor-button-text\">Lire plus<\/span>\n\t\t\t\t\t<\/span>\n\t\t\t\t\t<\/a>\n\t\t\t\t<\/div>\n\t\t\t\t\t\t\t\t<\/div>\n\t\t\t\t<\/div>\n\t\t\t\t<\/div>\n\t\t\t\t\t<\/div>\n\t\t\t\t<\/div>\n\t\t\t\t<\/div>\n\t\t","protected":false},"excerpt":{"rendered":"<p>Circuits de Marrakech Circuits de Marrakech L&rsquo;agence Morocco Desert Lines propose diff\u00e9rents circuits dans le d\u00e9sert qui partent de la ville color\u00e9e de Marrakech, menant \u00e0 une exp\u00e9rience inoubliable dans les divers paysages du Sahara marocain, y compris les montagnes de l&rsquo;Atlas, o\u00f9 vous pouvez voir des vues panoramiques \u00e0 couper le souffle, le d\u00e9sert [&hellip;]<\/p>\n","protected":false},"author":1,"featured_media":0,"parent":0,"menu_order":0,"comment_status":"closed","ping_status":"closed","template":"elementor_header_footer","meta":{"footnotes":""},"class_list":["post-1612","page","type-page","status-publish","hentry"],"blocksy_meta":[],"_links":{"self":[{"href":"https:\/\/moroccodesertlines.com\/fr\/wp-json\/wp\/v2\/pages\/1612","targetHints":{"allow":["GET"]}}],"collection":[{"href":"https:\/\/moroccodesertlines.com\/fr\/wp-json\/wp\/v2\/pages"}],"about":[{"href":"https:\/\/moroccodesertlines.com\/fr\/wp-json\/wp\/v2\/types\/page"}],"author":[{"embeddable":true,"href":"https:\/\/moroccodesertlines.com\/fr\/wp-json\/wp\/v2\/users\/1"}],"replies":[{"embeddable":true,"href":"https:\/\/moroccodesertlines.com\/fr\/wp-json\/wp\/v2\/comments?post=1612"}],"version-history":[{"count":4,"href":"https:\/\/moroccodesertlines.com\/fr\/wp-json\/wp\/v2\/pages\/1612\/revisions"}],"predecessor-version":[{"id":1910,"href":"https:\/\/moroccodesertlines.com\/fr\/wp-json\/wp\/v2\/pages\/1612\/revisions\/1910"}],"wp:attachment":[{"href":"https:\/\/moroccodesertlines.com\/fr\/wp-json\/wp\/v2\/media?parent=1612"}],"curies":[{"name":"wp","href":"https:\/\/api.w.org\/{rel}","templated":true}]}}