{"id":1594,"date":"2024-06-01T11:57:27","date_gmt":"2024-06-01T11:57:27","guid":{"rendered":"https:\/\/moroccodesertlines.com\/ciudad-de-tetuan\/"},"modified":"2024-07-11T10:43:16","modified_gmt":"2024-07-11T10:43:16","slug":"ciudad-de-tetuan","status":"publish","type":"page","link":"https:\/\/moroccodesertlines.com\/es\/ciudad-de-tetuan\/","title":{"rendered":"Ciudad de Tetu\u00e1n"},"content":{"rendered":"\t\t<div data-elementor-type=\"wp-page\" data-elementor-id=\"1594\" class=\"elementor elementor-1594 elementor-547\" data-elementor-post-type=\"page\">\n\t\t\t\t<div class=\"elementor-element elementor-element-4d5f140 e-flex e-con-boxed e-con e-parent\" data-id=\"4d5f140\" data-element_type=\"container\" data-e-type=\"container\" data-settings=\"{&quot;background_background&quot;:&quot;classic&quot;}\">\n\t\t\t\t\t<div class=\"e-con-inner\">\n\t\t\t\t<div class=\"elementor-element elementor-element-f18924d elementor-widget elementor-widget-heading\" data-id=\"f18924d\" data-element_type=\"widget\" data-e-type=\"widget\" data-widget_type=\"heading.default\">\n\t\t\t\t<div class=\"elementor-widget-container\">\n\t\t\t\t\t<h1 class=\"elementor-heading-title elementor-size-default\">Ciudad de Tetu\u00e1n<\/h1>\t\t\t\t<\/div>\n\t\t\t\t<\/div>\n\t\t\t\t<div class=\"elementor-element elementor-element-87ab090 elementor-widget elementor-widget-shortcode\" data-id=\"87ab090\" data-element_type=\"widget\" data-e-type=\"widget\" data-widget_type=\"shortcode.default\">\n\t\t\t\t<div class=\"elementor-widget-container\">\n\t\t\t\t\t\t\t<div class=\"elementor-shortcode\"><nav aria-label=\"breadcrumbs\" class=\"rank-math-breadcrumb\"><p><span class=\"last\">Home<\/span><\/p><\/nav><\/div>\n\t\t\t\t\t\t<\/div>\n\t\t\t\t<\/div>\n\t\t\t\t\t<\/div>\n\t\t\t\t<\/div>\n\t\t<div class=\"elementor-element elementor-element-5b6acd6 e-flex e-con-boxed e-con e-parent\" data-id=\"5b6acd6\" data-element_type=\"container\" data-e-type=\"container\">\n\t\t\t\t\t<div class=\"e-con-inner\">\n\t\t<div class=\"elementor-element elementor-element-5b00241 e-con-full e-flex e-con e-child\" data-id=\"5b00241\" data-element_type=\"container\" data-e-type=\"container\">\n\t\t\t\t<\/div>\n\t\t<div class=\"elementor-element elementor-element-3a8b667 e-con-full e-flex e-con e-child\" data-id=\"3a8b667\" data-element_type=\"container\" data-e-type=\"container\">\n\t\t\t\t<div class=\"elementor-element elementor-element-5958df9 elementor-widget elementor-widget-text-editor\" data-id=\"5958df9\" data-element_type=\"widget\" data-e-type=\"widget\" data-widget_type=\"text-editor.default\">\n\t\t\t\t<div class=\"elementor-widget-container\">\n\t\t\t\t\t\t\t\t\t<p>TETU\u00c1N : La hija de Granada, la paloma blanca, son nombres que designan a la ciudad c\u00fabica, blanca, que desde el a\u00f1o 1913 hasta el 1956, fecha de la independencia, fue la capital del protectorado espa\u00f1ol, su deslumbrante medina conjuntamente con la de Chefchauen es la m\u00e1s andalus\u00ed de las medinas marroqu\u00edes, su medina es tambi\u00e9n una de la mejores de todo el pa\u00eds declarada patrimonio cultural por la UNESCO. Durante a\u00f1os se ha hablado espa\u00f1ol en sus calles, pero no solo cuando fue capital del protectorado, se habl\u00f3 cuando se instal\u00f3 en ella la masiva llegada de jud\u00edos a partir del 1492,. Esta ciudad con un imperecedero aroma andalus\u00ed acogi\u00f3 el constante exilio de andalus\u00edes que hu\u00edan del poder cristiano de la actual Espa\u00f1a y Portugal, los refugiados le dieron su principal caracter\u00edstica andalus\u00ed. Una primera hornada fue en el siglo XV y una posterior oleada en el XVI. La hermana de Fez, como tambi\u00e9n se la conoce est\u00e1 a 30 km. kil\u00f3metros de Ceuta, con una buena comunicaci\u00f3n con esta ciudad y con T\u00e1nger pero es la gran desconocida, la ciudad olvidada por el turismo y viajeros.<br \/>\nLo m\u00e1s importante a destacar en la ciudad blanca es su bell\u00edsima medina que va descendiendo suavemente por la monta\u00f1a Jbel Dersa, es asimismo un ciudad con una rica artesan\u00eda, en particular sus bordados que siguen la inspiraci\u00f3n andalus\u00ed, como la m\u00fasica creada all\u00ed y que es una de las grandes ramas de la m\u00fasica andalus\u00ed, la cocina, la arquitectura se les recuerda constantemente la cercan\u00eda espa\u00f1ola y la rica herencia andalus\u00ed. Asimismo Tetu\u00e1n fue anta\u00f1o una gran ciudad de tradici\u00f3n jud\u00eda sefard\u00ed que ha dejado un important\u00edsimo legado de romances y canciones en el jud\u00edo-espa\u00f1ol pero creadas en esta ciudad.<br \/>\nRodeando las murallas los espa\u00f1oles construyeron la ciudad capital del protectorado, son casas t\u00edpicamente espa\u00f1olas con un gusto ornamental por lo neo mud\u00e9jar, en la plaza, al final de lo que fue la gran arteria durante la ocupaci\u00f3n espa\u00f1ola se alza una iglesia en la cual al atardecer todav\u00eda se pueden ver a personas asistir devotamente a los ritos cat\u00f3licos. Hace de frontera entre la ciudad europea y la medina la conocida como plaza Fdan, oficialmente plaza Hassan II. Tetu\u00e1n tiene un peque\u00f1o pero interesante museo arqueol\u00f3gico con piezas romanas de la ciudad de Thamuda, Lixus o Vol\u00fabilis, Tiene otro museo dedicado a la artesan\u00eda, cerca de la puerta bab el Okla ligado a un granadino que vio acertadamente a inicios del siglo XX que el mundo de la artesan\u00eda iba a sufrir una decadencia y cre\u00f3 la escuela de artesanos para preservarla, escuela que todav\u00eda contin\u00faa, se llamaba Bertuchi y todav\u00eda es a\u00f1orado en esa ciudad. Creaci\u00f3n suya fue tambi\u00e9n el llamado actualmente Instituto de Bellas Artes la instituci\u00f3n formativa por antonomasia de los estudios de bellas artes, recientemente en la antigua estaci\u00f3n de tren que la un\u00eda a Ceuta se ha levantado un peque\u00f1o museo de arte contempor\u00e1neo.<br \/>\nParticularmente interesante tambi\u00e9n son los cementerios, cerca de bab Makbara (puerta del cementerio) est\u00e1 el antiguo cementerio jud\u00edo y cercano a \u00e9l un cementerio musulm\u00e1n.<br \/>\nY finalmente cercano a esta ciudad est\u00e1 el gran centro vacacional de sol y playa en rio Martil, o las espectaculares playas mediterr\u00e1neas que envuelven a esta ciudad por descubrir.<\/p>\n\t\t\t\t\t\t\t\t<\/div>\n\t\t\t\t<\/div>\n\t\t\t\t<\/div>\n\t\t\t\t\t<\/div>\n\t\t\t\t<\/div>\n\t\t\t\t<\/div>\n\t\t","protected":false},"excerpt":{"rendered":"<p>Ciudad de Tetu\u00e1n TETU\u00c1N : La hija de Granada, la paloma blanca, son nombres que designan a la ciudad c\u00fabica, blanca, que desde el a\u00f1o 1913 hasta el 1956, fecha de la independencia, fue la capital del protectorado espa\u00f1ol, su deslumbrante medina conjuntamente con la de Chefchauen es la m\u00e1s andalus\u00ed de las medinas marroqu\u00edes, [&hellip;]<\/p>\n","protected":false},"author":1,"featured_media":0,"parent":0,"menu_order":0,"comment_status":"closed","ping_status":"closed","template":"elementor_header_footer","meta":{"footnotes":""},"class_list":["post-1594","page","type-page","status-publish","hentry"],"blocksy_meta":[],"_links":{"self":[{"href":"https:\/\/moroccodesertlines.com\/es\/wp-json\/wp\/v2\/pages\/1594","targetHints":{"allow":["GET"]}}],"collection":[{"href":"https:\/\/moroccodesertlines.com\/es\/wp-json\/wp\/v2\/pages"}],"about":[{"href":"https:\/\/moroccodesertlines.com\/es\/wp-json\/wp\/v2\/types\/page"}],"author":[{"embeddable":true,"href":"https:\/\/moroccodesertlines.com\/es\/wp-json\/wp\/v2\/users\/1"}],"replies":[{"embeddable":true,"href":"https:\/\/moroccodesertlines.com\/es\/wp-json\/wp\/v2\/comments?post=1594"}],"version-history":[{"count":1,"href":"https:\/\/moroccodesertlines.com\/es\/wp-json\/wp\/v2\/pages\/1594\/revisions"}],"predecessor-version":[{"id":1595,"href":"https:\/\/moroccodesertlines.com\/es\/wp-json\/wp\/v2\/pages\/1594\/revisions\/1595"}],"wp:attachment":[{"href":"https:\/\/moroccodesertlines.com\/es\/wp-json\/wp\/v2\/media?parent=1594"}],"curies":[{"name":"wp","href":"https:\/\/api.w.org\/{rel}","templated":true}]}}