{"id":1592,"date":"2024-06-01T11:17:19","date_gmt":"2024-06-01T11:17:19","guid":{"rendered":"https:\/\/moroccodesertlines.com\/ciudad-de-tanger\/"},"modified":"2024-07-11T10:41:11","modified_gmt":"2024-07-11T10:41:11","slug":"ciudad-de-tanger","status":"publish","type":"page","link":"https:\/\/moroccodesertlines.com\/es\/ciudad-de-tanger\/","title":{"rendered":"Ciudad de T\u00e1nger"},"content":{"rendered":"\t\t<div data-elementor-type=\"wp-page\" data-elementor-id=\"1592\" class=\"elementor elementor-1592 elementor-448\" data-elementor-post-type=\"page\">\n\t\t\t\t<div class=\"elementor-element elementor-element-4d5f140 e-flex e-con-boxed e-con e-parent\" data-id=\"4d5f140\" data-element_type=\"container\" data-e-type=\"container\" data-settings=\"{&quot;background_background&quot;:&quot;classic&quot;}\">\n\t\t\t\t\t<div class=\"e-con-inner\">\n\t\t\t\t<div class=\"elementor-element elementor-element-f18924d elementor-widget elementor-widget-heading\" data-id=\"f18924d\" data-element_type=\"widget\" data-e-type=\"widget\" data-widget_type=\"heading.default\">\n\t\t\t\t<div class=\"elementor-widget-container\">\n\t\t\t\t\t<h1 class=\"elementor-heading-title elementor-size-default\">Ciudad de T\u00e1nger<\/h1>\t\t\t\t<\/div>\n\t\t\t\t<\/div>\n\t\t\t\t<div class=\"elementor-element elementor-element-87ab090 elementor-widget elementor-widget-shortcode\" data-id=\"87ab090\" data-element_type=\"widget\" data-e-type=\"widget\" data-widget_type=\"shortcode.default\">\n\t\t\t\t<div class=\"elementor-widget-container\">\n\t\t\t\t\t\t\t<div class=\"elementor-shortcode\"><nav aria-label=\"breadcrumbs\" class=\"rank-math-breadcrumb\"><p><span class=\"last\">Home<\/span><\/p><\/nav><\/div>\n\t\t\t\t\t\t<\/div>\n\t\t\t\t<\/div>\n\t\t\t\t\t<\/div>\n\t\t\t\t<\/div>\n\t\t<div class=\"elementor-element elementor-element-5b6acd6 e-flex e-con-boxed e-con e-parent\" data-id=\"5b6acd6\" data-element_type=\"container\" data-e-type=\"container\">\n\t\t\t\t\t<div class=\"e-con-inner\">\n\t\t<div class=\"elementor-element elementor-element-5b00241 e-con-full e-flex e-con e-child\" data-id=\"5b00241\" data-element_type=\"container\" data-e-type=\"container\">\n\t\t\t\t<\/div>\n\t\t<div class=\"elementor-element elementor-element-3a8b667 e-con-full e-flex e-con e-child\" data-id=\"3a8b667\" data-element_type=\"container\" data-e-type=\"container\">\n\t\t\t\t<div class=\"elementor-element elementor-element-5958df9 elementor-widget elementor-widget-text-editor\" data-id=\"5958df9\" data-element_type=\"widget\" data-e-type=\"widget\" data-widget_type=\"text-editor.default\">\n\t\t\t\t<div class=\"elementor-widget-container\">\n\t\t\t\t\t\t\t\t\tT\u00c1NGER : Es la puerta de Marruecos viniendo de Europa, la que puede todav\u00eda mostrar retales de la anta\u00f1o ciudad internacional durante el protectorado con la reputaci\u00f3n de ser una ciudad de esp\u00edas, traficantes de personas y drogas en esa m\u00edtica y liberal \u00e9poca internacional. La ciudad ha sido im\u00e1n para pintores, Delacroix, Matisse, y escritores como Samuel Becket, Truman Capote, T. Williams o de la generaci\u00f3n Beat como Paul Bowles autor de el cielo protector que residi\u00f3 del 1940 al 1999 y la escritora Jane Bowles ambos murieron en esa ciudad, residente en la ciudad y amigo de estos fue el conocido escritor marroqu\u00ed Mohammed Chukri.\r\nLa antigua ciudad romana de Tingis indica el emplazamiento de la ciudad, su medina, no demasiado grande, sobre la colina hace de mirador hacia la bah\u00eda o las vistas del sur de Espa\u00f1a perfectamente visible pues los escasos 20 kil\u00f3metros hacen que sean visibles incluso las luces a ambos lados del estrecho. Su medina no se encuentra entre las mejores del pa\u00eds, es peque\u00f1a y sin demasiadas cosas a destacar, tiene una catedral y la ciudad es sede obispal, pero lo que no ofrece la ciudad de grandes monumentos o potente medina lo ofrecen sus afamadas playas y para los espa\u00f1oles los recuerdos de de la \u00e9poca del protectorado, de esa \u00e9poca es el desgraciadamente cerrado Teatro Cervantes o una surrealista plaza de toros.\r\nPero T\u00e1nger atesora algunos encantadores museos como el de Carmen Macein con obras de Picasso, Max Erns y Georges Braque. El museo de las Artes Marroqu\u00edes y de las antig\u00fcedades, alojado en el antiguo palacio real del XVII y en \u00e9l se repasa el rico patrimonio artesanal marroqu\u00ed y la rica historia de la ciudad con obras romanas. Tambi\u00e9n tiene T\u00e1nger un peque\u00f1o museo de arte contempor\u00e1neo con obras de autores marroqu\u00edes. Asimismo es de inter\u00e9s visitar tramos de la muralla que rodea la alcazaba, la antigua medina, elementos para visitar son el zoco chico, el fonduc Chejra, caravasar imprescindible en una ciudad musulmana, alrededor de un patio se sit\u00faan las habitaciones en la planta baja para animales y mercanc\u00edas, en la primer planta habitaciones para los hu\u00e9spedes.\r\nSiempre que pueda el visitante ha de permitirse el gozo de disfrutar de sus playas, sean en el lado mediterr\u00e1neo o Atl\u00e1ntico. La ciudad tiene en la actualidad unas importantes infraestructuras hoteleras y un animado repertorio de variada restauraci\u00f3n.\t\t\t\t\t\t\t\t<\/div>\n\t\t\t\t<\/div>\n\t\t\t\t<\/div>\n\t\t\t\t\t<\/div>\n\t\t\t\t<\/div>\n\t\t\t\t<\/div>\n\t\t","protected":false},"excerpt":{"rendered":"<p>Ciudad de T\u00e1nger T\u00c1NGER : Es la puerta de Marruecos viniendo de Europa, la que puede todav\u00eda mostrar retales de la anta\u00f1o ciudad internacional durante el protectorado con la reputaci\u00f3n de ser una ciudad de esp\u00edas, traficantes de personas y drogas en esa m\u00edtica y liberal \u00e9poca internacional. La ciudad ha sido im\u00e1n para pintores, [&hellip;]<\/p>\n","protected":false},"author":1,"featured_media":0,"parent":0,"menu_order":0,"comment_status":"closed","ping_status":"closed","template":"elementor_header_footer","meta":{"footnotes":""},"class_list":["post-1592","page","type-page","status-publish","hentry"],"blocksy_meta":[],"_links":{"self":[{"href":"https:\/\/moroccodesertlines.com\/es\/wp-json\/wp\/v2\/pages\/1592","targetHints":{"allow":["GET"]}}],"collection":[{"href":"https:\/\/moroccodesertlines.com\/es\/wp-json\/wp\/v2\/pages"}],"about":[{"href":"https:\/\/moroccodesertlines.com\/es\/wp-json\/wp\/v2\/types\/page"}],"author":[{"embeddable":true,"href":"https:\/\/moroccodesertlines.com\/es\/wp-json\/wp\/v2\/users\/1"}],"replies":[{"embeddable":true,"href":"https:\/\/moroccodesertlines.com\/es\/wp-json\/wp\/v2\/comments?post=1592"}],"version-history":[{"count":1,"href":"https:\/\/moroccodesertlines.com\/es\/wp-json\/wp\/v2\/pages\/1592\/revisions"}],"predecessor-version":[{"id":1593,"href":"https:\/\/moroccodesertlines.com\/es\/wp-json\/wp\/v2\/pages\/1592\/revisions\/1593"}],"wp:attachment":[{"href":"https:\/\/moroccodesertlines.com\/es\/wp-json\/wp\/v2\/media?parent=1592"}],"curies":[{"name":"wp","href":"https:\/\/api.w.org\/{rel}","templated":true}]}}