{"id":1590,"date":"2024-06-01T11:52:54","date_gmt":"2024-06-01T11:52:54","guid":{"rendered":"https:\/\/moroccodesertlines.com\/ciudad-de-rissani\/"},"modified":"2024-07-11T10:38:04","modified_gmt":"2024-07-11T10:38:04","slug":"ciudad-de-rissani","status":"publish","type":"page","link":"https:\/\/moroccodesertlines.com\/es\/ciudad-de-rissani\/","title":{"rendered":"Ciudad de Rissani"},"content":{"rendered":"\t\t<div data-elementor-type=\"wp-page\" data-elementor-id=\"1590\" class=\"elementor elementor-1590 elementor-542\" data-elementor-post-type=\"page\">\n\t\t\t\t<div class=\"elementor-element elementor-element-4d5f140 e-flex e-con-boxed e-con e-parent\" data-id=\"4d5f140\" data-element_type=\"container\" data-e-type=\"container\" data-settings=\"{&quot;background_background&quot;:&quot;classic&quot;}\">\n\t\t\t\t\t<div class=\"e-con-inner\">\n\t\t\t\t<div class=\"elementor-element elementor-element-f18924d elementor-widget elementor-widget-heading\" data-id=\"f18924d\" data-element_type=\"widget\" data-e-type=\"widget\" data-widget_type=\"heading.default\">\n\t\t\t\t<div class=\"elementor-widget-container\">\n\t\t\t\t\t<h1 class=\"elementor-heading-title elementor-size-default\">Ciudad de Rissani<\/h1>\t\t\t\t<\/div>\n\t\t\t\t<\/div>\n\t\t\t\t<div class=\"elementor-element elementor-element-87ab090 elementor-widget elementor-widget-shortcode\" data-id=\"87ab090\" data-element_type=\"widget\" data-e-type=\"widget\" data-widget_type=\"shortcode.default\">\n\t\t\t\t<div class=\"elementor-widget-container\">\n\t\t\t\t\t\t\t<div class=\"elementor-shortcode\"><nav aria-label=\"breadcrumbs\" class=\"rank-math-breadcrumb\"><p><span class=\"last\">Home<\/span><\/p><\/nav><\/div>\n\t\t\t\t\t\t<\/div>\n\t\t\t\t<\/div>\n\t\t\t\t\t<\/div>\n\t\t\t\t<\/div>\n\t\t<div class=\"elementor-element elementor-element-5b6acd6 e-flex e-con-boxed e-con e-parent\" data-id=\"5b6acd6\" data-element_type=\"container\" data-e-type=\"container\">\n\t\t\t\t\t<div class=\"e-con-inner\">\n\t\t<div class=\"elementor-element elementor-element-5b00241 e-con-full e-flex e-con e-child\" data-id=\"5b00241\" data-element_type=\"container\" data-e-type=\"container\">\n\t\t\t\t<\/div>\n\t\t<div class=\"elementor-element elementor-element-3a8b667 e-con-full e-flex e-con e-child\" data-id=\"3a8b667\" data-element_type=\"container\" data-e-type=\"container\">\n\t\t\t\t<div class=\"elementor-element elementor-element-5958df9 elementor-widget elementor-widget-text-editor\" data-id=\"5958df9\" data-element_type=\"widget\" data-e-type=\"widget\" data-widget_type=\"text-editor.default\">\n\t\t\t\t<div class=\"elementor-widget-container\">\n\t\t\t\t\t\t\t\t\tCapital de la comarca del Tafilalt origen en el siglo XVII de la actual dinast\u00eda, la Alauita e incre\u00edblemente alejada del turismo lo que ha facilitado que haya mantenido todo su sabor antiguo. Es la heredera de la antigua ciudad de Sigilmassa.\r\n\r\nTres veces por semana tiene lugar en el zoco de la ciudad un extraordinario mercado que congrega a una gran poblaci\u00f3n procedente de los alrededores. Es muy recomendable visitar el zoco, nada cargado de estereotipos tur\u00edsticos, \u00a1todo en Rissani huele a autenticidad! El gran patrimonio del Tafilalt, aparte de los espectaculares paisajes, posiblemente los m\u00e1s impresionantes del sur marroqu\u00ed, es que conserva un riqu\u00edsimo patrimonio de arquitectura sobre el terreno que se puede visitar en toda la regi\u00f3n pero que se olvida por completo en los viajes a la regi\u00f3n.\r\n\r\nPALMERAL DE TAFILALT\r\n\r\nTambi\u00e9n llamado la Mesopotamia marroqu\u00ed, en el fondo de un ca\u00f1\u00f3n corre el r\u00edo Ziz con el mayor oasis del pa\u00eds, 800.000 mil palmeras. La vista desde la carretera nacional de Errachidia a Rissani es espectacular.\r\n\r\nSIJILMASSA\r\n\r\nLa capital hist\u00f3rica de Tafilalt lleg\u00f3 a tener 20.000 h. Fue fundada en el siglo VII y fue la capital del primer reino musulm\u00e1n de Marruecos, capital caravanera del recorrido que desde el otro lado del S\u00e1hara llegaba al Mediterr\u00e1neo. Se comerciaba con esclavos, oro, marfil, sal y armas. Cay\u00f3 en el siglo XV entre otras causas por el descubrimiento de oro en Am\u00e9rica.\t\t\t\t\t\t\t\t<\/div>\n\t\t\t\t<\/div>\n\t\t\t\t<\/div>\n\t\t\t\t\t<\/div>\n\t\t\t\t<\/div>\n\t\t\t\t<\/div>\n\t\t","protected":false},"excerpt":{"rendered":"<p>Ciudad de Rissani Capital de la comarca del Tafilalt origen en el siglo XVII de la actual dinast\u00eda, la Alauita e incre\u00edblemente alejada del turismo lo que ha facilitado que haya mantenido todo su sabor antiguo. Es la heredera de la antigua ciudad de Sigilmassa. Tres veces por semana tiene lugar en el zoco de [&hellip;]<\/p>\n","protected":false},"author":1,"featured_media":0,"parent":0,"menu_order":0,"comment_status":"closed","ping_status":"closed","template":"elementor_header_footer","meta":{"footnotes":""},"class_list":["post-1590","page","type-page","status-publish","hentry"],"blocksy_meta":[],"_links":{"self":[{"href":"https:\/\/moroccodesertlines.com\/es\/wp-json\/wp\/v2\/pages\/1590","targetHints":{"allow":["GET"]}}],"collection":[{"href":"https:\/\/moroccodesertlines.com\/es\/wp-json\/wp\/v2\/pages"}],"about":[{"href":"https:\/\/moroccodesertlines.com\/es\/wp-json\/wp\/v2\/types\/page"}],"author":[{"embeddable":true,"href":"https:\/\/moroccodesertlines.com\/es\/wp-json\/wp\/v2\/users\/1"}],"replies":[{"embeddable":true,"href":"https:\/\/moroccodesertlines.com\/es\/wp-json\/wp\/v2\/comments?post=1590"}],"version-history":[{"count":1,"href":"https:\/\/moroccodesertlines.com\/es\/wp-json\/wp\/v2\/pages\/1590\/revisions"}],"predecessor-version":[{"id":1591,"href":"https:\/\/moroccodesertlines.com\/es\/wp-json\/wp\/v2\/pages\/1590\/revisions\/1591"}],"wp:attachment":[{"href":"https:\/\/moroccodesertlines.com\/es\/wp-json\/wp\/v2\/media?parent=1590"}],"curies":[{"name":"wp","href":"https:\/\/api.w.org\/{rel}","templated":true}]}}