{"id":1586,"date":"2024-06-01T11:50:57","date_gmt":"2024-06-01T11:50:57","guid":{"rendered":"https:\/\/moroccodesertlines.com\/ciudad-de-rabat\/"},"modified":"2024-07-11T10:34:55","modified_gmt":"2024-07-11T10:34:55","slug":"ciudad-de-rabat","status":"publish","type":"page","link":"https:\/\/moroccodesertlines.com\/es\/ciudad-de-rabat\/","title":{"rendered":"Ciudad de Rabat"},"content":{"rendered":"\t\t<div data-elementor-type=\"wp-page\" data-elementor-id=\"1586\" class=\"elementor elementor-1586 elementor-537\" data-elementor-post-type=\"page\">\n\t\t\t\t<div class=\"elementor-element elementor-element-4d5f140 e-flex e-con-boxed e-con e-parent\" data-id=\"4d5f140\" data-element_type=\"container\" data-e-type=\"container\" data-settings=\"{&quot;background_background&quot;:&quot;classic&quot;}\">\n\t\t\t\t\t<div class=\"e-con-inner\">\n\t\t\t\t<div class=\"elementor-element elementor-element-f18924d elementor-widget elementor-widget-heading\" data-id=\"f18924d\" data-element_type=\"widget\" data-e-type=\"widget\" data-widget_type=\"heading.default\">\n\t\t\t\t<div class=\"elementor-widget-container\">\n\t\t\t\t\t<h1 class=\"elementor-heading-title elementor-size-default\">Ciudad de Rabat<\/h1>\t\t\t\t<\/div>\n\t\t\t\t<\/div>\n\t\t\t\t<div class=\"elementor-element elementor-element-87ab090 elementor-widget elementor-widget-shortcode\" data-id=\"87ab090\" data-element_type=\"widget\" data-e-type=\"widget\" data-widget_type=\"shortcode.default\">\n\t\t\t\t<div class=\"elementor-widget-container\">\n\t\t\t\t\t\t\t<div class=\"elementor-shortcode\"><nav aria-label=\"breadcrumbs\" class=\"rank-math-breadcrumb\"><p><span class=\"last\">Home<\/span><\/p><\/nav><\/div>\n\t\t\t\t\t\t<\/div>\n\t\t\t\t<\/div>\n\t\t\t\t\t<\/div>\n\t\t\t\t<\/div>\n\t\t<div class=\"elementor-element elementor-element-5b6acd6 e-flex e-con-boxed e-con e-parent\" data-id=\"5b6acd6\" data-element_type=\"container\" data-e-type=\"container\">\n\t\t\t\t\t<div class=\"e-con-inner\">\n\t\t<div class=\"elementor-element elementor-element-5b00241 e-con-full e-flex e-con e-child\" data-id=\"5b00241\" data-element_type=\"container\" data-e-type=\"container\">\n\t\t\t\t<\/div>\n\t\t<div class=\"elementor-element elementor-element-3a8b667 e-con-full e-flex e-con e-child\" data-id=\"3a8b667\" data-element_type=\"container\" data-e-type=\"container\">\n\t\t\t\t<div class=\"elementor-element elementor-element-5958df9 elementor-widget elementor-widget-text-editor\" data-id=\"5958df9\" data-element_type=\"widget\" data-e-type=\"widget\" data-widget_type=\"text-editor.default\">\n\t\t\t\t<div class=\"elementor-widget-container\">\n\t\t\t\t\t\t\t\t\tRabat: Capital de Marruecos desde 1912 y segunda ciudad del pa\u00eds, ciudad administrativa y universitaria.\r\n\r\nAdem\u00e1s, consta de tres zonas, la m\u00e1s antigua situada en el extremo opuesto de la medina es conocida con el nombre de Chellah, de ra\u00edces almohades, m\u00e1s tarde los almohades decidieron convertirla en la capital de su imperio, y al-Andalus form\u00f3 parte de ella.\r\n\r\nAsimismo, esta futura gran ciudad fue rodeada por un enorme per\u00edmetro de murallas, y se inici\u00f3 la construcci\u00f3n de una gran mezquita con su minarete conocida como la Torre Hassan, ambos monumentos a\u00fan son visibles pero nunca fueron terminados debido a la derrota del ej\u00e9rcito almohade en Al-Andalus.\r\n\r\nM\u00e1s, las constantes salidas de los moriscos provocaron que muchos se trasladaran a esta ciudad vac\u00eda, y en la esquina que da al Atl\u00e1ntico, construyeron una muralla, conocida como la muralla andalus\u00ed, que hoy es el per\u00edmetro de la medina de Rabat. De hecho, la ciudad tiene el honor de haber sido declarada Patrimonio de la Humanidad por la UNESCO. Durante el protectorado, la ciudad se dibuj\u00f3, con casas blancas, iglesias y una excelente arquitectura art\u00edstica que a\u00fan perdura.\r\n\r\nMonumentos importantes\r\n\r\nCHELLAH: Es un cementerio desde el siglo XIV rodeado en todo su per\u00edmetro por murallas del siglo XIV.\r\n\r\nBAB EL KIBIR: Puerta almohade monumental del siglo XII que se abre hacia la Kasbah de los Udaya.\r\n\r\nBAB RUAH: Puerta almohade monumental del siglo XII, actualmente sala de exposiciones.\r\n\r\nBAB EL HAD: M\u00e1s reciente, del siglo XVII.\r\n\r\nKasbah de los Udaya: peque\u00f1a ciudad dentro de la ciudad, situada en un promontorio rocoso delimitado por el Atl\u00e1ntico y el r\u00edo Bou Regreg. Entre sus encantadoras callejuelas se encuentra el famoso caf\u00e9 moro con vistas al r\u00edo Bou Regreg, en este per\u00edmetro se encuentra tambi\u00e9n el jard\u00edn andalus\u00ed.\r\n\r\nMURALLAS: Delimitan todo el entorno de lo que debi\u00f3 ser la gran ciudad almohade.\r\n\r\nTorre Hassan: Tercer gran alminar almohade, como la Koutoub\u00eda de Marrakech y la Giralda de Sevilla, Sus dimensiones eran mayores que estos alminares almohades pero qued\u00f3 inacabado y fue construido con piedra arenisca.\r\n\r\nMezquita de Hassan: S\u00f3lo se termin\u00f3 parte de algunos muros y columnas.\r\n\r\nMAUSOLEO DE MOHAMED V: Mohamed V es el padre del actual rey, el mausoleo se encuentra junto a la mezquita Hassan y fue construido a mediados del siglo XX.\r\n\r\nRabat posee un museo arqueol\u00f3gico, as\u00ed como el Museo de Arte Moderno, la catedral de Saint Pierre de 30 a\u00f1os, y avenidas y calles con excelentes edificios decorados que se consideran recuerdos de la ciudad colonial.\t\t\t\t\t\t\t\t<\/div>\n\t\t\t\t<\/div>\n\t\t\t\t<\/div>\n\t\t\t\t\t<\/div>\n\t\t\t\t<\/div>\n\t\t\t\t<\/div>\n\t\t","protected":false},"excerpt":{"rendered":"<p>Ciudad de Rabat Rabat: Capital de Marruecos desde 1912 y segunda ciudad del pa\u00eds, ciudad administrativa y universitaria. Adem\u00e1s, consta de tres zonas, la m\u00e1s antigua situada en el extremo opuesto de la medina es conocida con el nombre de Chellah, de ra\u00edces almohades, m\u00e1s tarde los almohades decidieron convertirla en la capital de su [&hellip;]<\/p>\n","protected":false},"author":1,"featured_media":0,"parent":0,"menu_order":0,"comment_status":"closed","ping_status":"closed","template":"elementor_header_footer","meta":{"footnotes":""},"class_list":["post-1586","page","type-page","status-publish","hentry"],"blocksy_meta":[],"_links":{"self":[{"href":"https:\/\/moroccodesertlines.com\/es\/wp-json\/wp\/v2\/pages\/1586","targetHints":{"allow":["GET"]}}],"collection":[{"href":"https:\/\/moroccodesertlines.com\/es\/wp-json\/wp\/v2\/pages"}],"about":[{"href":"https:\/\/moroccodesertlines.com\/es\/wp-json\/wp\/v2\/types\/page"}],"author":[{"embeddable":true,"href":"https:\/\/moroccodesertlines.com\/es\/wp-json\/wp\/v2\/users\/1"}],"replies":[{"embeddable":true,"href":"https:\/\/moroccodesertlines.com\/es\/wp-json\/wp\/v2\/comments?post=1586"}],"version-history":[{"count":3,"href":"https:\/\/moroccodesertlines.com\/es\/wp-json\/wp\/v2\/pages\/1586\/revisions"}],"predecessor-version":[{"id":1589,"href":"https:\/\/moroccodesertlines.com\/es\/wp-json\/wp\/v2\/pages\/1586\/revisions\/1589"}],"wp:attachment":[{"href":"https:\/\/moroccodesertlines.com\/es\/wp-json\/wp\/v2\/media?parent=1586"}],"curies":[{"name":"wp","href":"https:\/\/api.w.org\/{rel}","templated":true}]}}