{"id":1575,"date":"2024-06-01T11:47:35","date_gmt":"2024-06-01T11:47:35","guid":{"rendered":"https:\/\/moroccodesertlines.com\/ciudad-de-marrakech\/"},"modified":"2024-07-11T10:14:44","modified_gmt":"2024-07-11T10:14:44","slug":"ciudad-de-marrakech","status":"publish","type":"page","link":"https:\/\/moroccodesertlines.com\/es\/ciudad-de-marrakech\/","title":{"rendered":"Ciudad de Marrakech"},"content":{"rendered":"\t\t<div data-elementor-type=\"wp-page\" data-elementor-id=\"1575\" class=\"elementor elementor-1575 elementor-527\" data-elementor-post-type=\"page\">\n\t\t\t\t<div class=\"elementor-element elementor-element-4d5f140 e-flex e-con-boxed e-con e-parent\" data-id=\"4d5f140\" data-element_type=\"container\" data-e-type=\"container\" data-settings=\"{&quot;background_background&quot;:&quot;classic&quot;}\">\n\t\t\t\t\t<div class=\"e-con-inner\">\n\t\t\t\t<div class=\"elementor-element elementor-element-f18924d elementor-widget elementor-widget-heading\" data-id=\"f18924d\" data-element_type=\"widget\" data-e-type=\"widget\" data-widget_type=\"heading.default\">\n\t\t\t\t<div class=\"elementor-widget-container\">\n\t\t\t\t\t<h1 class=\"elementor-heading-title elementor-size-default\">Ciudad de Marrakech<\/h1>\t\t\t\t<\/div>\n\t\t\t\t<\/div>\n\t\t\t\t<div class=\"elementor-element elementor-element-87ab090 elementor-widget elementor-widget-shortcode\" data-id=\"87ab090\" data-element_type=\"widget\" data-e-type=\"widget\" data-widget_type=\"shortcode.default\">\n\t\t\t\t<div class=\"elementor-widget-container\">\n\t\t\t\t\t\t\t<div class=\"elementor-shortcode\"><nav aria-label=\"breadcrumbs\" class=\"rank-math-breadcrumb\"><p><span class=\"last\">Home<\/span><\/p><\/nav><\/div>\n\t\t\t\t\t\t<\/div>\n\t\t\t\t<\/div>\n\t\t\t\t\t<\/div>\n\t\t\t\t<\/div>\n\t\t<div class=\"elementor-element elementor-element-5b6acd6 e-flex e-con-boxed e-con e-parent\" data-id=\"5b6acd6\" data-element_type=\"container\" data-e-type=\"container\">\n\t\t\t\t\t<div class=\"e-con-inner\">\n\t\t<div class=\"elementor-element elementor-element-5b00241 e-con-full e-flex e-con e-child\" data-id=\"5b00241\" data-element_type=\"container\" data-e-type=\"container\">\n\t\t\t\t<\/div>\n\t\t<div class=\"elementor-element elementor-element-3a8b667 e-con-full e-flex e-con e-child\" data-id=\"3a8b667\" data-element_type=\"container\" data-e-type=\"container\">\n\t\t\t\t<div class=\"elementor-element elementor-element-5958df9 elementor-widget elementor-widget-text-editor\" data-id=\"5958df9\" data-element_type=\"widget\" data-e-type=\"widget\" data-widget_type=\"text-editor.default\">\n\t\t\t\t<div class=\"elementor-widget-container\">\n\t\t\t\t\t\t\t\t\t<p>Ciudad fundada en el 1062 por la dinast\u00eda Almoravide se la conoce como \u201cAl Madina al hamra\u201d (la ciudad roja) y dio nombre a todo el pa\u00eds. Pas\u00f3 posteriormente a la dinast\u00eda Almohade, tiempo despu\u00e9s va a atravesar un periodo de decadencia hasta que en el siglo XVI vuelve a ser capital de Marruecos con los Sa\u00e2d\u00edes el periodo acaba en el XVII con el traslado de la capital a Fez. Es la capital tur\u00edstica de Marruecos,<\/p>\n<p>Las murallas: Con un recorrido de 19 km. dos metros de grosor y 9 de alto, fueron construidas en tapial por los almor\u00e1vides, almohades y sa\u00e2dies, conserva diferentes puertas como bab el Jamis, Aghmat, Agnau etc. La Kotubia: Principal monumento de la ciudad y su s\u00edmbolo, conjuntamente con la mezquita del mismo nombre, la levant\u00f3 la dinast\u00eda Almohade en el XII y es hermana de la Giralda y la torre Hassan en Rabat. Tumbas Saadies: Mausoleo de la dinast\u00eda Sa\u00e2di y fuertemente influenciada por el arte nazar\u00ed. Se encuentra al lado de la mezquita de la khasba, cuyo alminar almohade ha servido de modelo para el prototipo de alminar marroqu\u00ed, Palacio Bahia: Construido a finales del XIX, bien conservado, con dos patios y con la presencia de muchos elementos de la rica artesan\u00eda marroqu\u00ed, techos, azulejos, estucos en yeso etc.<br \/>\nPor la tarde tendr\u00e1n la tarde libre en Jamaa el fna: Autentico coraz\u00f3n de la ciudad y la imagen m\u00e1s conocida del Marruecos tur\u00edstico. Todo un espect\u00e1culo se abre frente a nosotros, encantadores de serpientes, cuentacuentos, m\u00fasicas bereberes, echadoras de cartas etc. etc. Un espect\u00e1culo declarado patrimonio oral de la humanidad por la UNESCO. Actualmente por las noches se abren en la plaza multitud de restaurantes ambulantes. Su nombre Jama\u00e2 el Fna (La reuni\u00f3n de los muertos) hace referencia o bien que all\u00ed era donde se exhib\u00edan las cabezas de los ajusticiados o a una mezquita de la zona que se hundi\u00f3. Alojamiento en riad\/hotel.<\/p>\n\t\t\t\t\t\t\t\t<\/div>\n\t\t\t\t<\/div>\n\t\t\t\t<\/div>\n\t\t\t\t\t<\/div>\n\t\t\t\t<\/div>\n\t\t\t\t<\/div>\n\t\t","protected":false},"excerpt":{"rendered":"<p>Ciudad de Marrakech Ciudad fundada en el 1062 por la dinast\u00eda Almoravide se la conoce como \u201cAl Madina al hamra\u201d (la ciudad roja) y dio nombre a todo el pa\u00eds. Pas\u00f3 posteriormente a la dinast\u00eda Almohade, tiempo despu\u00e9s va a atravesar un periodo de decadencia hasta que en el siglo XVI vuelve a ser capital [&hellip;]<\/p>\n","protected":false},"author":1,"featured_media":0,"parent":0,"menu_order":0,"comment_status":"closed","ping_status":"closed","template":"elementor_header_footer","meta":{"footnotes":""},"class_list":["post-1575","page","type-page","status-publish","hentry"],"blocksy_meta":[],"_links":{"self":[{"href":"https:\/\/moroccodesertlines.com\/es\/wp-json\/wp\/v2\/pages\/1575","targetHints":{"allow":["GET"]}}],"collection":[{"href":"https:\/\/moroccodesertlines.com\/es\/wp-json\/wp\/v2\/pages"}],"about":[{"href":"https:\/\/moroccodesertlines.com\/es\/wp-json\/wp\/v2\/types\/page"}],"author":[{"embeddable":true,"href":"https:\/\/moroccodesertlines.com\/es\/wp-json\/wp\/v2\/users\/1"}],"replies":[{"embeddable":true,"href":"https:\/\/moroccodesertlines.com\/es\/wp-json\/wp\/v2\/comments?post=1575"}],"version-history":[{"count":1,"href":"https:\/\/moroccodesertlines.com\/es\/wp-json\/wp\/v2\/pages\/1575\/revisions"}],"predecessor-version":[{"id":1576,"href":"https:\/\/moroccodesertlines.com\/es\/wp-json\/wp\/v2\/pages\/1575\/revisions\/1576"}],"wp:attachment":[{"href":"https:\/\/moroccodesertlines.com\/es\/wp-json\/wp\/v2\/media?parent=1575"}],"curies":[{"name":"wp","href":"https:\/\/api.w.org\/{rel}","templated":true}]}}