{"id":1573,"date":"2024-06-01T11:45:45","date_gmt":"2024-06-01T11:45:45","guid":{"rendered":"https:\/\/moroccodesertlines.com\/ciudad-de-ifran\/"},"modified":"2024-07-11T10:09:02","modified_gmt":"2024-07-11T10:09:02","slug":"ciudad-de-ifran","status":"publish","type":"page","link":"https:\/\/moroccodesertlines.com\/es\/ciudad-de-ifran\/","title":{"rendered":"Ciudad de Ifran"},"content":{"rendered":"\t\t<div data-elementor-type=\"wp-page\" data-elementor-id=\"1573\" class=\"elementor elementor-1573 elementor-516\" data-elementor-post-type=\"page\">\n\t\t\t\t<div class=\"elementor-element elementor-element-4d5f140 e-flex e-con-boxed e-con e-parent\" data-id=\"4d5f140\" data-element_type=\"container\" data-e-type=\"container\" data-settings=\"{&quot;background_background&quot;:&quot;classic&quot;}\">\n\t\t\t\t\t<div class=\"e-con-inner\">\n\t\t\t\t<div class=\"elementor-element elementor-element-f18924d elementor-widget elementor-widget-heading\" data-id=\"f18924d\" data-element_type=\"widget\" data-e-type=\"widget\" data-widget_type=\"heading.default\">\n\t\t\t\t<div class=\"elementor-widget-container\">\n\t\t\t\t\t<h1 class=\"elementor-heading-title elementor-size-default\">Ciudad de Ifran<\/h1>\t\t\t\t<\/div>\n\t\t\t\t<\/div>\n\t\t\t\t<div class=\"elementor-element elementor-element-87ab090 elementor-widget elementor-widget-shortcode\" data-id=\"87ab090\" data-element_type=\"widget\" data-e-type=\"widget\" data-widget_type=\"shortcode.default\">\n\t\t\t\t<div class=\"elementor-widget-container\">\n\t\t\t\t\t\t\t<div class=\"elementor-shortcode\"><nav aria-label=\"breadcrumbs\" class=\"rank-math-breadcrumb\"><p><span class=\"last\">Home<\/span><\/p><\/nav><\/div>\n\t\t\t\t\t\t<\/div>\n\t\t\t\t<\/div>\n\t\t\t\t\t<\/div>\n\t\t\t\t<\/div>\n\t\t<div class=\"elementor-element elementor-element-5b6acd6 e-flex e-con-boxed e-con e-parent\" data-id=\"5b6acd6\" data-element_type=\"container\" data-e-type=\"container\">\n\t\t\t\t\t<div class=\"e-con-inner\">\n\t\t<div class=\"elementor-element elementor-element-5b00241 e-con-full e-flex e-con e-child\" data-id=\"5b00241\" data-element_type=\"container\" data-e-type=\"container\">\n\t\t\t\t<\/div>\n\t\t<div class=\"elementor-element elementor-element-3a8b667 e-con-full e-flex e-con e-child\" data-id=\"3a8b667\" data-element_type=\"container\" data-e-type=\"container\">\n\t\t\t\t<div class=\"elementor-element elementor-element-5958df9 elementor-widget elementor-widget-text-editor\" data-id=\"5958df9\" data-element_type=\"widget\" data-e-type=\"widget\" data-widget_type=\"text-editor.default\">\n\t\t\t\t<div class=\"elementor-widget-container\">\n\t\t\t\t\t\t\t\t\t<p>IFRANE : Llegando por la carretera, si el viajero qued\u00f3 dormido escasos kil\u00f3metros antes de llegar a Ifr\u00e1n al despertarse tendr\u00e1 la impresi\u00f3n de haber quedado transportado m\u00e1gicamente a Europa central, a Suiza. Los tejados son con acusada pendiente y de pizarra negra, la vegetaci\u00f3n propia de esos pa\u00edses y la pulcra limpieza tambi\u00e9n, si es en invierno ver\u00e1 los cedros con nieve y los tejados de pizarra tambi\u00e9n vestidos de blanco, no en balde Ifr\u00e1n est\u00e1 situado a 1.650 metros de altitud.<br \/>\nFue creado por los franceses en el 1929 y es en la actualidad una ciudad de servicios, lugar de residencia de familias adineradas que se trasladan all\u00ed para pasar el t\u00f3rrido verano marroqu\u00ed.<br \/>\nHace pocos a\u00f1os se cre\u00f3 la Universidad Al Akhawayn (la m\u00e1s importante de todo el pa\u00eds y donde se encuentran los alumnos de todas partes del mundo) en sus alrededores se pueden contemplar los bell\u00edsimos bosques de cedros.<\/p>\n\t\t\t\t\t\t\t\t<\/div>\n\t\t\t\t<\/div>\n\t\t\t\t<\/div>\n\t\t\t\t\t<\/div>\n\t\t\t\t<\/div>\n\t\t\t\t<\/div>\n\t\t","protected":false},"excerpt":{"rendered":"<p>Ciudad de Ifran IFRANE : Llegando por la carretera, si el viajero qued\u00f3 dormido escasos kil\u00f3metros antes de llegar a Ifr\u00e1n al despertarse tendr\u00e1 la impresi\u00f3n de haber quedado transportado m\u00e1gicamente a Europa central, a Suiza. Los tejados son con acusada pendiente y de pizarra negra, la vegetaci\u00f3n propia de esos pa\u00edses y la pulcra [&hellip;]<\/p>\n","protected":false},"author":1,"featured_media":0,"parent":0,"menu_order":0,"comment_status":"closed","ping_status":"closed","template":"elementor_header_footer","meta":{"footnotes":""},"class_list":["post-1573","page","type-page","status-publish","hentry"],"blocksy_meta":[],"_links":{"self":[{"href":"https:\/\/moroccodesertlines.com\/es\/wp-json\/wp\/v2\/pages\/1573","targetHints":{"allow":["GET"]}}],"collection":[{"href":"https:\/\/moroccodesertlines.com\/es\/wp-json\/wp\/v2\/pages"}],"about":[{"href":"https:\/\/moroccodesertlines.com\/es\/wp-json\/wp\/v2\/types\/page"}],"author":[{"embeddable":true,"href":"https:\/\/moroccodesertlines.com\/es\/wp-json\/wp\/v2\/users\/1"}],"replies":[{"embeddable":true,"href":"https:\/\/moroccodesertlines.com\/es\/wp-json\/wp\/v2\/comments?post=1573"}],"version-history":[{"count":1,"href":"https:\/\/moroccodesertlines.com\/es\/wp-json\/wp\/v2\/pages\/1573\/revisions"}],"predecessor-version":[{"id":1574,"href":"https:\/\/moroccodesertlines.com\/es\/wp-json\/wp\/v2\/pages\/1573\/revisions\/1574"}],"wp:attachment":[{"href":"https:\/\/moroccodesertlines.com\/es\/wp-json\/wp\/v2\/media?parent=1573"}],"curies":[{"name":"wp","href":"https:\/\/api.w.org\/{rel}","templated":true}]}}