{"id":1571,"date":"2024-06-01T11:41:59","date_gmt":"2024-06-01T11:41:59","guid":{"rendered":"https:\/\/moroccodesertlines.com\/ciudad-de-fez\/"},"modified":"2024-07-11T10:07:04","modified_gmt":"2024-07-11T10:07:04","slug":"ciudad-de-fez","status":"publish","type":"page","link":"https:\/\/moroccodesertlines.com\/es\/ciudad-de-fez\/","title":{"rendered":"Ciudad de Fez"},"content":{"rendered":"\t\t<div data-elementor-type=\"wp-page\" data-elementor-id=\"1571\" class=\"elementor elementor-1571 elementor-511\" data-elementor-post-type=\"page\">\n\t\t\t\t<div class=\"elementor-element elementor-element-4d5f140 e-flex e-con-boxed e-con e-parent\" data-id=\"4d5f140\" data-element_type=\"container\" data-e-type=\"container\" data-settings=\"{&quot;background_background&quot;:&quot;classic&quot;}\">\n\t\t\t\t\t<div class=\"e-con-inner\">\n\t\t\t\t<div class=\"elementor-element elementor-element-f18924d elementor-widget elementor-widget-heading\" data-id=\"f18924d\" data-element_type=\"widget\" data-e-type=\"widget\" data-widget_type=\"heading.default\">\n\t\t\t\t<div class=\"elementor-widget-container\">\n\t\t\t\t\t<h1 class=\"elementor-heading-title elementor-size-default\">Ciudad de Fez<\/h1>\t\t\t\t<\/div>\n\t\t\t\t<\/div>\n\t\t\t\t<div class=\"elementor-element elementor-element-87ab090 elementor-widget elementor-widget-shortcode\" data-id=\"87ab090\" data-element_type=\"widget\" data-e-type=\"widget\" data-widget_type=\"shortcode.default\">\n\t\t\t\t<div class=\"elementor-widget-container\">\n\t\t\t\t\t\t\t<div class=\"elementor-shortcode\"><nav aria-label=\"breadcrumbs\" class=\"rank-math-breadcrumb\"><p><span class=\"last\">Home<\/span><\/p><\/nav><\/div>\n\t\t\t\t\t\t<\/div>\n\t\t\t\t<\/div>\n\t\t\t\t\t<\/div>\n\t\t\t\t<\/div>\n\t\t<div class=\"elementor-element elementor-element-5b6acd6 e-flex e-con-boxed e-con e-parent\" data-id=\"5b6acd6\" data-element_type=\"container\" data-e-type=\"container\">\n\t\t\t\t\t<div class=\"e-con-inner\">\n\t\t<div class=\"elementor-element elementor-element-5b00241 e-con-full e-flex e-con e-child\" data-id=\"5b00241\" data-element_type=\"container\" data-e-type=\"container\">\n\t\t\t\t<\/div>\n\t\t<div class=\"elementor-element elementor-element-3a8b667 e-con-full e-flex e-con e-child\" data-id=\"3a8b667\" data-element_type=\"container\" data-e-type=\"container\">\n\t\t\t\t<div class=\"elementor-element elementor-element-5958df9 elementor-widget elementor-widget-text-editor\" data-id=\"5958df9\" data-element_type=\"widget\" data-e-type=\"widget\" data-widget_type=\"text-editor.default\">\n\t\t\t\t<div class=\"elementor-widget-container\">\n\t\t\t\t\t\t\t\t\t<p>Fes &#8211; Fez : La Atenas del norte, la gran guardiana de la tradiciones, Fez es el contrapunto de Marrakech de forma que es el reverso de la moneda, si la primera es festiva y extrovertida Fez es secreta y discreta, si la primera muestra la sensualidad del cercano desierto y la presencia africana es evidente, Fez es religiosa, es intelectual y centrada en ella misma mir\u00e1ndose siempre en su pasado andalus\u00ed. Si en la primera los rasgos africanos son evidentes esta conserva todav\u00eda su impronta andalus\u00ed no solo en los edificios sino tambi\u00e9n en su m\u00fasica llamada andadus\u00ed, la m\u00fasica cl\u00e1sica por antonomasia en Marruecos, o en las fisonom\u00edas de indudable origen andalus\u00ed que viven en ella. El estilo hispano-marroqu\u00ed de Fez ser\u00e1 el modelo a seguir hasta en la actualidad en todo Marruecos. Desde tiempos muy antiguos de esta ciudad surgieron grandes pol\u00edticos, (todav\u00eda en la actualidad), que rigen el destino de todo el reino. Seg\u00fan la tradici\u00f3n Fez (\u201cF\u00e2s\u201d en \u00e1rabe viene de \u201cfas\u201d, pico, pues seg\u00fan la tradici\u00f3n las tribus n\u00f3madas bereberes entregaron al sult\u00e1n este pico para que trazara el per\u00edmetro de las primeras murallas.<br \/>\nFez es la ciudad que atesora la m\u00e1s antigua, la mayor y mejor medina de todo Marruecos, la m\u00e1s imperial de las ciudades imperiales, la m\u00e1s antigua capital marroqu\u00ed, la que atesora los mejores artesanos de todo el reino, Fez es el coraz\u00f3n de Marruecos. Estos t\u00edtulos bastan para situarla en el nivel que le corresponde, nivel este reconocido asimismo con el magn\u00edfico t\u00edtulo de ser declarada su medina como patrimonio cultural por la UNESCO.<br \/>\nFez fue fundada en el a\u00f1o 808, reci\u00e9n convertido Marruecos al islam por Idris II, sult\u00e1n de la primera dinast\u00eda marroqu\u00ed, la dinast\u00eda Idris\u00ed. En el XIII vuelve a ser otra vez capital marroqu\u00ed con los Merin\u00edes que la dotan de una de sus se\u00f1as de identidad las madrasas (escuelas cor\u00e1nicas) y finalmente en el XIX vuelve a ser de nuevo capital marroqu\u00ed hasta ser destronada definitivamente en el 1912 por el general franc\u00e9s Lyautey durante el protectorado a beneficio de Rabat.<br \/>\nLa ciudad est\u00e1 dividida en dos grandes partes, Fez el Bali (el viejo) y Fez el Jedid (el nuevo). Y Otra parte que es jud\u00eda, En Fez el Bali est\u00e1 precisamente el barrio de los andalus\u00edes, mal llamados de los andaluces porque en esa \u00e9poca Andaluc\u00eda todav\u00eda no exist\u00eda pero si al \u00c1ndalus. Con la conquista cristiana del territorio musulm\u00e1n de la pen\u00ednsula Ib\u00e9rica, much\u00edsimos musulmanes se exiliaron de la actual Espa\u00f1a y Portugal instal\u00e1ndose en esa ciudad y m\u00e1s en concreto en el barrio con su mismo nombre que fundaron ellos. En ese barrio se encuentra la conocida mezquita de los andalus\u00edes.<br \/>\nEn otro barrio cercano se form\u00f3 otro barrio por gentes venidas de la actual ciudad tunecina de Kairauan, el barrio del mismo nombre y en \u00e9l fundaron el mejor edificio de la ciudad la gran mezquita de Qaraouiyyin centro religioso pero tambi\u00e9n de formaci\u00f3n intelectual, el m\u00e1s antiguo de occidente anterior a todas las universidades europeas, con una biblioteca con de m\u00e1s de 30.000 libros esta mezquita es la mayor de todo Marruecos. La mezquita conserva un bello patio de las abluciones que se inspira direct\u00edsimamente del patio de los leones de la Alhambra.<br \/>\nPronto Fez se qued\u00f3 peque\u00f1o y tuvieron que ampliarlo con nuevas murallas, madrasas, y zocos, fueron los Merin\u00edes en el XII los que fundaron Fez el jadid (el nuevo), y a partir del protectorado al sur de Fez el jadid creci\u00f3 la ciudad colonial en el siglo XX. Otro acontecimiento del cual puede enorgullecerse Fez es que conserva el \u201cmarestan\u201d (hospital psiqui\u00e1trico) Sidi Frej del siglo XIV que es el m\u00e1s antiguo hospital psiqui\u00e1trico del mundo, Fez asimismo en el gran centro artesanal con los mejores artesanos de todo el pa\u00eds con magn\u00edficas obras en cer\u00e1mica con su reconocido esmalte azul, sus trabajos en cuero, lat\u00f3n, bronce, madera, las afamadas alfombras etc.<br \/>\nComo era de esperan contiene importantes monumentos, el mejor de todos ellos es su medina antigua, como apunta el escritor Juan Goytislo, es un autentico placer \u201cmedinear\u201d por sus callejas y zocos, son dignos de ver al margen de la mezquita Qaraouiyyin, la mezquita de los andalus\u00edes, las tumbas de la dinast\u00eda Benimer\u00ed en un mont\u00edculo entre olivos, del XVI desgraciadamente en mal estado pero con hermosas vistas sobre la ciudad, Bab Gissa, puerta almohade del XII, la justamente famos\u00edsima calle Mayor (talaa kibira) el conocido mundialmente barrio de los curtidores de pieles y donde destaca especialmente Fez es en el ser una ciudad con numerosas madrasas ( escuelas cor\u00e1nicas) todas posteriores al siglo XII y que contin\u00faan la gran tradici\u00f3n arquitect\u00f3nica andalus\u00ed especialmente interesante es la madrasa Es Sahrij. Finalmente arquitect\u00f3nicamente Fez posee un edificio considerado patrimonio de la humanidad por la UNESCO el \u201cfunduc\u201d (fonda en espa\u00f1ol) el Nejjarin del siglo XVIII es un hermoso edificio que albergaba en su planta baja espacio para las bestias de carga y mercanc\u00edas y en el piso superior las habitaciones de los hu\u00e9spedes.<br \/>\nDecir finalmente que todos los a\u00f1os tiene lugar en su medina el justamente reconocido festival internacional de m\u00fasica religiosa con participantes de todo el planeta que muestras sus diferentes tradiciones musicales de ra\u00edz religiosa.<\/p>\n\t\t\t\t\t\t\t\t<\/div>\n\t\t\t\t<\/div>\n\t\t\t\t<\/div>\n\t\t\t\t\t<\/div>\n\t\t\t\t<\/div>\n\t\t\t\t<\/div>\n\t\t","protected":false},"excerpt":{"rendered":"<p>Ciudad de Fez Fes &#8211; Fez : La Atenas del norte, la gran guardiana de la tradiciones, Fez es el contrapunto de Marrakech de forma que es el reverso de la moneda, si la primera es festiva y extrovertida Fez es secreta y discreta, si la primera muestra la sensualidad del cercano desierto y la [&hellip;]<\/p>\n","protected":false},"author":1,"featured_media":0,"parent":0,"menu_order":0,"comment_status":"closed","ping_status":"closed","template":"elementor_header_footer","meta":{"footnotes":""},"class_list":["post-1571","page","type-page","status-publish","hentry"],"blocksy_meta":[],"_links":{"self":[{"href":"https:\/\/moroccodesertlines.com\/es\/wp-json\/wp\/v2\/pages\/1571","targetHints":{"allow":["GET"]}}],"collection":[{"href":"https:\/\/moroccodesertlines.com\/es\/wp-json\/wp\/v2\/pages"}],"about":[{"href":"https:\/\/moroccodesertlines.com\/es\/wp-json\/wp\/v2\/types\/page"}],"author":[{"embeddable":true,"href":"https:\/\/moroccodesertlines.com\/es\/wp-json\/wp\/v2\/users\/1"}],"replies":[{"embeddable":true,"href":"https:\/\/moroccodesertlines.com\/es\/wp-json\/wp\/v2\/comments?post=1571"}],"version-history":[{"count":1,"href":"https:\/\/moroccodesertlines.com\/es\/wp-json\/wp\/v2\/pages\/1571\/revisions"}],"predecessor-version":[{"id":1572,"href":"https:\/\/moroccodesertlines.com\/es\/wp-json\/wp\/v2\/pages\/1571\/revisions\/1572"}],"wp:attachment":[{"href":"https:\/\/moroccodesertlines.com\/es\/wp-json\/wp\/v2\/media?parent=1571"}],"curies":[{"name":"wp","href":"https:\/\/api.w.org\/{rel}","templated":true}]}}