{"id":1569,"date":"2024-06-01T11:39:01","date_gmt":"2024-06-01T11:39:01","guid":{"rendered":"https:\/\/moroccodesertlines.com\/ciudad-de-essaouira\/"},"modified":"2024-07-09T11:45:17","modified_gmt":"2024-07-09T11:45:17","slug":"ciudad-de-essaouira","status":"publish","type":"page","link":"https:\/\/moroccodesertlines.com\/es\/ciudad-de-essaouira\/","title":{"rendered":"Ciudad de Essaouira"},"content":{"rendered":"\t\t<div data-elementor-type=\"wp-page\" data-elementor-id=\"1569\" class=\"elementor elementor-1569 elementor-500\" data-elementor-post-type=\"page\">\n\t\t\t\t<div class=\"elementor-element elementor-element-4d5f140 e-flex e-con-boxed e-con e-parent\" data-id=\"4d5f140\" data-element_type=\"container\" data-e-type=\"container\" data-settings=\"{&quot;background_background&quot;:&quot;classic&quot;}\">\n\t\t\t\t\t<div class=\"e-con-inner\">\n\t\t\t\t<div class=\"elementor-element elementor-element-f18924d elementor-widget elementor-widget-heading\" data-id=\"f18924d\" data-element_type=\"widget\" data-e-type=\"widget\" data-widget_type=\"heading.default\">\n\t\t\t\t<div class=\"elementor-widget-container\">\n\t\t\t\t\t<h1 class=\"elementor-heading-title elementor-size-default\">Ciudad de Essaouira<\/h1>\t\t\t\t<\/div>\n\t\t\t\t<\/div>\n\t\t\t\t<div class=\"elementor-element elementor-element-87ab090 elementor-widget elementor-widget-shortcode\" data-id=\"87ab090\" data-element_type=\"widget\" data-e-type=\"widget\" data-widget_type=\"shortcode.default\">\n\t\t\t\t<div class=\"elementor-widget-container\">\n\t\t\t\t\t\t\t<div class=\"elementor-shortcode\"><nav aria-label=\"breadcrumbs\" class=\"rank-math-breadcrumb\"><p><span class=\"last\">Home<\/span><\/p><\/nav><\/div>\n\t\t\t\t\t\t<\/div>\n\t\t\t\t<\/div>\n\t\t\t\t\t<\/div>\n\t\t\t\t<\/div>\n\t\t<div class=\"elementor-element elementor-element-5b6acd6 e-flex e-con-boxed e-con e-parent\" data-id=\"5b6acd6\" data-element_type=\"container\" data-e-type=\"container\">\n\t\t\t\t\t<div class=\"e-con-inner\">\n\t\t<div class=\"elementor-element elementor-element-5b00241 e-con-full e-flex e-con e-child\" data-id=\"5b00241\" data-element_type=\"container\" data-e-type=\"container\">\n\t\t\t\t<\/div>\n\t\t<div class=\"elementor-element elementor-element-3a8b667 e-con-full e-flex e-con e-child\" data-id=\"3a8b667\" data-element_type=\"container\" data-e-type=\"container\">\n\t\t\t\t<div class=\"elementor-element elementor-element-5958df9 elementor-widget elementor-widget-text-editor\" data-id=\"5958df9\" data-element_type=\"widget\" data-e-type=\"widget\" data-widget_type=\"text-editor.default\">\n\t\t\t\t<div class=\"elementor-widget-container\">\n\t\t\t\t\t\t\t\t\t<p>ESSAOUIRA: La historia de esta ciudad se remonta al siglo VII cuando los fenicios fundaron un enclave, en el siglo XV los portugueses se instalaron en este enclave fundando la ciudad de Mogador como punto estrat\u00e9gico de control militar, pero el dise\u00f1o de la ciudad actual se debe al sult\u00e1n de la dinast\u00eda alau\u00ed Sidi Mohammed Abd Allah que decidi\u00f3 construir una base naval, pero ah\u00ed comienza la gran particularidad urban\u00edstica de Asilah, el urbanista encargado de dise\u00f1ar la ciudad fue el franc\u00e9s, T. Cornut que hizo una ciudad con su trama urbana y sus bastiones defensivos t\u00edpicos de una ciudad europea.<\/p>\n<p>Las calles del centro son rectil\u00edneas como en una ciudad europea y todas las torres, murallas y puertas est\u00e1n construidas con los estilos de cualquier ciudad europea del siglo XVIII lo que produce en el visitante una extra\u00f1a sensaci\u00f3n de no saber d\u00f3nde est\u00e1, si en Europa o en Marruecos.<\/p>\n<p>Adem\u00e1s, los contrastes de esta bella ciudad mar\u00edtima contin\u00faan, el primer recinto de murallas es puramente europeo el segundo recinto es ya puramente marroqu\u00ed, y las arterias principales son occidentales superpuestas a estas est\u00e1n las callejuelas de una medina.<\/p>\n<p>La ciudad conserva todo el recinto amurallado del siglo XVIII con tres puertas, Bab Sebta, Bab Marrakech y Bab Dukhala a las que hay que a\u00f1adir las imponentes torres llamadas Sqalas, el puerto y la ciudad antigua. A partir del siglo XVIII, el 40% del tr\u00e1fico mar\u00edtimo pasaba por Essaouira, de donde llegaban las mercanc\u00edas procedentes del \u00c1frica negra para ser embarcadas con destino a los grandes pa\u00edses europeos.<\/p>\n<p>Desde la fundaci\u00f3n de la ciudad hasta la creaci\u00f3n del estado de Israel, Essaouira cont\u00f3 con una importante y activa comunidad jud\u00eda, lo que se puede comprobar visitando su famoso cementerio. En el pasado, tambi\u00e9n en el centro del Mellah (barrio jud\u00edo), esta comunidad fabricaba las famosas joyas.<\/p>\n<p>Pero pronto el brillo de la ciudad desaparecer\u00e1, Essaurira, \u00abla bella durmiente\u00bb como se la conocer\u00e1 m\u00e1s tarde esperaba un \u00abdespertar\u00bb, energ\u00eda para ponerla en el lugar que se merec\u00eda&#8230; tanta belleza blanca de cal y azul de ventanas, puertas, y oc\u00e9ano<\/p>\n<p>El primer despertar vendr\u00e1 con las comunidades hippies inglesas y americanas, hablar\u00e1n y publicitar\u00e1n la ciudad algo que el gran guitarrista Jimi Hendrix hizo como nadie, un habitual de la ciudad.<\/p>\n<p>De esa \u00e9poca es tambi\u00e9n la aparici\u00f3n de un estilo pict\u00f3rico particular, a medio camino entre el mundo (naif), el arte (brut), y un cierto esoterismo, algunos de estos pintores dicen que trabajan bajo los efectos \u00abnarcotizantes\u00bb de los sonidos embriagadores de la m\u00fasica gnaoua de origen africano, una de las grandes m\u00fasicas marroqu\u00edes considerada m\u00fasica curativa.<\/p>\n<p>Otro elemento que ha dado fama imperecedera a la ciudad son sus ebanistas, antes de la llegada del turismo eran la principal fuente de ingresos. Son muy famosos por su magistral trabajo siguiendo la antigua t\u00e9cnica de la taracea andalus\u00ed, realizan cofres, marcos, e instrumentos musicales con la base de madera de thuja y madera de \u00e9bano, n\u00e1car, etc.<\/p>\n<p>Actualmente, la ciudad es un para\u00edso para los surfistas, la ciudad est\u00e1 enclavada en un lugar geogr\u00e1fico donde los vientos son constantes lo que provoca olas apreciadas por los surfistas que vienen de todos los rincones del planeta. La buena comunicaci\u00f3n con la cercana Marrakech ha hecho que la vieja \u00abbella durmiente\u00bb haya despertado por fin y muestre sus fabulosos encantos a innumerables turistas de todos los rincones y pa\u00edses.<\/p>\n<p>Adem\u00e1s de su medina encalada, destacan las murallas del siglo XVIII, sus dos torres, el peque\u00f1o museo etnogr\u00e1fico Sidi Mohammed ben Abd Allah, la galer\u00eda Damgaard y sus hermosas playas. Tambi\u00e9n cabe destacar la gran cantidad de buenos restaurantes especializados en pescado, y por \u00faltimo se\u00f1alar la an\u00e9cdota de que cerca del puerto hay una iglesia donde los domingos tocan sus campanas para llamar a los feligreses a la misa dominical, siguiendo un escrupuloso orden, un domingo en franc\u00e9s, otro en ingl\u00e9s, otro en alem\u00e1n.<\/p>\n\t\t\t\t\t\t\t\t<\/div>\n\t\t\t\t<\/div>\n\t\t\t\t<\/div>\n\t\t\t\t\t<\/div>\n\t\t\t\t<\/div>\n\t\t\t\t<\/div>\n\t\t","protected":false},"excerpt":{"rendered":"<p>Ciudad de Essaouira ESSAOUIRA: La historia de esta ciudad se remonta al siglo VII cuando los fenicios fundaron un enclave, en el siglo XV los portugueses se instalaron en este enclave fundando la ciudad de Mogador como punto estrat\u00e9gico de control militar, pero el dise\u00f1o de la ciudad actual se debe al sult\u00e1n de la [&hellip;]<\/p>\n","protected":false},"author":1,"featured_media":0,"parent":0,"menu_order":0,"comment_status":"closed","ping_status":"closed","template":"elementor_header_footer","meta":{"footnotes":""},"class_list":["post-1569","page","type-page","status-publish","hentry"],"blocksy_meta":[],"_links":{"self":[{"href":"https:\/\/moroccodesertlines.com\/es\/wp-json\/wp\/v2\/pages\/1569","targetHints":{"allow":["GET"]}}],"collection":[{"href":"https:\/\/moroccodesertlines.com\/es\/wp-json\/wp\/v2\/pages"}],"about":[{"href":"https:\/\/moroccodesertlines.com\/es\/wp-json\/wp\/v2\/types\/page"}],"author":[{"embeddable":true,"href":"https:\/\/moroccodesertlines.com\/es\/wp-json\/wp\/v2\/users\/1"}],"replies":[{"embeddable":true,"href":"https:\/\/moroccodesertlines.com\/es\/wp-json\/wp\/v2\/comments?post=1569"}],"version-history":[{"count":1,"href":"https:\/\/moroccodesertlines.com\/es\/wp-json\/wp\/v2\/pages\/1569\/revisions"}],"predecessor-version":[{"id":1570,"href":"https:\/\/moroccodesertlines.com\/es\/wp-json\/wp\/v2\/pages\/1569\/revisions\/1570"}],"wp:attachment":[{"href":"https:\/\/moroccodesertlines.com\/es\/wp-json\/wp\/v2\/media?parent=1569"}],"curies":[{"name":"wp","href":"https:\/\/api.w.org\/{rel}","templated":true}]}}