{"id":1547,"date":"2024-06-01T11:35:36","date_gmt":"2024-06-01T11:35:36","guid":{"rendered":"https:\/\/moroccodesertlines.com\/ciudad-de-chefchaouen\/"},"modified":"2024-07-09T10:52:06","modified_gmt":"2024-07-09T10:52:06","slug":"ciudad-de-chefchaouen","status":"publish","type":"page","link":"https:\/\/moroccodesertlines.com\/es\/ciudad-de-chefchaouen\/","title":{"rendered":"Ciudad de Chefchaouen"},"content":{"rendered":"\t\t<div data-elementor-type=\"wp-page\" data-elementor-id=\"1547\" class=\"elementor elementor-1547 elementor-484\" data-elementor-post-type=\"page\">\n\t\t\t\t<div class=\"elementor-element elementor-element-4d5f140 e-flex e-con-boxed e-con e-parent\" data-id=\"4d5f140\" data-element_type=\"container\" data-e-type=\"container\" data-settings=\"{&quot;background_background&quot;:&quot;classic&quot;}\">\n\t\t\t\t\t<div class=\"e-con-inner\">\n\t\t\t\t<div class=\"elementor-element elementor-element-f18924d elementor-widget elementor-widget-heading\" data-id=\"f18924d\" data-element_type=\"widget\" data-e-type=\"widget\" data-widget_type=\"heading.default\">\n\t\t\t\t<div class=\"elementor-widget-container\">\n\t\t\t\t\t<h1 class=\"elementor-heading-title elementor-size-default\">Ciudad de Chefchaouen<\/h1>\t\t\t\t<\/div>\n\t\t\t\t<\/div>\n\t\t\t\t<div class=\"elementor-element elementor-element-87ab090 elementor-widget elementor-widget-shortcode\" data-id=\"87ab090\" data-element_type=\"widget\" data-e-type=\"widget\" data-widget_type=\"shortcode.default\">\n\t\t\t\t<div class=\"elementor-widget-container\">\n\t\t\t\t\t\t\t<div class=\"elementor-shortcode\"><nav aria-label=\"breadcrumbs\" class=\"rank-math-breadcrumb\"><p><span class=\"last\">Home<\/span><\/p><\/nav><\/div>\n\t\t\t\t\t\t<\/div>\n\t\t\t\t<\/div>\n\t\t\t\t\t<\/div>\n\t\t\t\t<\/div>\n\t\t<div class=\"elementor-element elementor-element-5b6acd6 e-flex e-con-boxed e-con e-parent\" data-id=\"5b6acd6\" data-element_type=\"container\" data-e-type=\"container\">\n\t\t\t\t\t<div class=\"e-con-inner\">\n\t\t<div class=\"elementor-element elementor-element-5b00241 e-con-full e-flex e-con e-child\" data-id=\"5b00241\" data-element_type=\"container\" data-e-type=\"container\">\n\t\t\t\t<\/div>\n\t\t<div class=\"elementor-element elementor-element-3a8b667 e-con-full e-flex e-con e-child\" data-id=\"3a8b667\" data-element_type=\"container\" data-e-type=\"container\">\n\t\t\t\t<div class=\"elementor-element elementor-element-5958df9 elementor-widget elementor-widget-text-editor\" data-id=\"5958df9\" data-element_type=\"widget\" data-e-type=\"widget\" data-widget_type=\"text-editor.default\">\n\t\t\t\t<div class=\"elementor-widget-container\">\n\t\t\t\t\t\t\t\t\t<p>La Perla del Rif: peque\u00f1a ciudad completamente encalada, con su t\u00edpico azul que la ha hecho famosa en todo el mundo, tambi\u00e9n es la \u00fanica ciudad de todo Marruecos con tejados de teja heredados de su pasado lo que la convierte en la m\u00e1s andalus\u00ed de todas las ciudades marroqu\u00edes. Adem\u00e1s, conserva el per\u00edmetro de las murallas medievales de su medina con diferentes puertas, la m\u00e1s importante es Bab la Ain, una Kasbah del siglo XV-XVII que actualmente es visitable y contiene el museo etnogr\u00e1fico de la ciudad, y<\/p>\n<p>la plaza Uta el-Hammam, en el coraz\u00f3n de la ciudad, que tambi\u00e9n cuenta con una mezquita del siglo XV con un minarete octogonal, cerca de esta plaza existe un formidable local (espacio tradicional en las medinas \u00e1rabes con habitaciones alrededor del patio, las de la planta baja para los caballos y las mercanc\u00edas, sin embargo, la planta superior para los hu\u00e9spedes) utilizado actualmente como espacio de venta de artesan\u00eda local.<\/p>\n<p>Chefchaouen fue fundada en el siglo XV por la dinast\u00eda Idris\u00ed y tuvo un fuerte crecimiento con la poblaci\u00f3n morisca y jud\u00eda que hu\u00eda de la actual Espa\u00f1a en el siglo XV tras la ca\u00edda de Granada. La ciudad cuenta con innumerables telares. que le dieron fama en la fabricaci\u00f3n de telas para las chilabas, tambi\u00e9n tiene numerosas callejuelas con encanto a cada cual m\u00e1s evocadora y bella mezquita. Cerca de la puerta de Bab el Ansar se encuentra el Ras el Ma, de donde nace el r\u00edo Lau.<\/p>\n<p>La ciudad tuvo una gran importancia durante el protectorado espa\u00f1ol, a partir de esa \u00e9poca el barrio espa\u00f1ol se separ\u00f3 discretamente de la medina tradicional. Hoy es un importante centro tur\u00edstico tanto para la poblaci\u00f3n marroqu\u00ed como para la extranjera. Incomprensiblemente, la ciudad a\u00fan no ha sido declarada Patrimonio de la Humanidad.<\/p>\n\t\t\t\t\t\t\t\t<\/div>\n\t\t\t\t<\/div>\n\t\t\t\t<\/div>\n\t\t\t\t\t<\/div>\n\t\t\t\t<\/div>\n\t\t\t\t<\/div>\n\t\t","protected":false},"excerpt":{"rendered":"<p>Ciudad de Chefchaouen La Perla del Rif: peque\u00f1a ciudad completamente encalada, con su t\u00edpico azul que la ha hecho famosa en todo el mundo, tambi\u00e9n es la \u00fanica ciudad de todo Marruecos con tejados de teja heredados de su pasado lo que la convierte en la m\u00e1s andalus\u00ed de todas las ciudades marroqu\u00edes. Adem\u00e1s, conserva [&hellip;]<\/p>\n","protected":false},"author":1,"featured_media":0,"parent":0,"menu_order":0,"comment_status":"closed","ping_status":"closed","template":"elementor_header_footer","meta":{"footnotes":""},"class_list":["post-1547","page","type-page","status-publish","hentry"],"blocksy_meta":[],"_links":{"self":[{"href":"https:\/\/moroccodesertlines.com\/es\/wp-json\/wp\/v2\/pages\/1547","targetHints":{"allow":["GET"]}}],"collection":[{"href":"https:\/\/moroccodesertlines.com\/es\/wp-json\/wp\/v2\/pages"}],"about":[{"href":"https:\/\/moroccodesertlines.com\/es\/wp-json\/wp\/v2\/types\/page"}],"author":[{"embeddable":true,"href":"https:\/\/moroccodesertlines.com\/es\/wp-json\/wp\/v2\/users\/1"}],"replies":[{"embeddable":true,"href":"https:\/\/moroccodesertlines.com\/es\/wp-json\/wp\/v2\/comments?post=1547"}],"version-history":[{"count":3,"href":"https:\/\/moroccodesertlines.com\/es\/wp-json\/wp\/v2\/pages\/1547\/revisions"}],"predecessor-version":[{"id":1550,"href":"https:\/\/moroccodesertlines.com\/es\/wp-json\/wp\/v2\/pages\/1547\/revisions\/1550"}],"wp:attachment":[{"href":"https:\/\/moroccodesertlines.com\/es\/wp-json\/wp\/v2\/media?parent=1547"}],"curies":[{"name":"wp","href":"https:\/\/api.w.org\/{rel}","templated":true}]}}