{"id":1543,"date":"2024-06-01T11:31:51","date_gmt":"2024-06-01T11:31:51","guid":{"rendered":"https:\/\/moroccodesertlines.com\/ciudad-de-casablanca\/"},"modified":"2024-07-09T10:50:17","modified_gmt":"2024-07-09T10:50:17","slug":"ciudad-de-casablanca","status":"publish","type":"page","link":"https:\/\/moroccodesertlines.com\/es\/ciudad-de-casablanca\/","title":{"rendered":"Ciudad de Casablanca"},"content":{"rendered":"\t\t<div data-elementor-type=\"wp-page\" data-elementor-id=\"1543\" class=\"elementor elementor-1543 elementor-476\" data-elementor-post-type=\"page\">\n\t\t\t\t<div class=\"elementor-element elementor-element-4d5f140 e-flex e-con-boxed e-con e-parent\" data-id=\"4d5f140\" data-element_type=\"container\" data-e-type=\"container\" data-settings=\"{&quot;background_background&quot;:&quot;classic&quot;}\">\n\t\t\t\t\t<div class=\"e-con-inner\">\n\t\t\t\t<div class=\"elementor-element elementor-element-f18924d elementor-widget elementor-widget-heading\" data-id=\"f18924d\" data-element_type=\"widget\" data-e-type=\"widget\" data-widget_type=\"heading.default\">\n\t\t\t\t<div class=\"elementor-widget-container\">\n\t\t\t\t\t<h1 class=\"elementor-heading-title elementor-size-default\">Ciudad de Casablanca<\/h1>\t\t\t\t<\/div>\n\t\t\t\t<\/div>\n\t\t\t\t<div class=\"elementor-element elementor-element-87ab090 elementor-widget elementor-widget-shortcode\" data-id=\"87ab090\" data-element_type=\"widget\" data-e-type=\"widget\" data-widget_type=\"shortcode.default\">\n\t\t\t\t<div class=\"elementor-widget-container\">\n\t\t\t\t\t\t\t<div class=\"elementor-shortcode\"><nav aria-label=\"breadcrumbs\" class=\"rank-math-breadcrumb\"><p><span class=\"last\">Home<\/span><\/p><\/nav><\/div>\n\t\t\t\t\t\t<\/div>\n\t\t\t\t<\/div>\n\t\t\t\t\t<\/div>\n\t\t\t\t<\/div>\n\t\t<div class=\"elementor-element elementor-element-5b6acd6 e-flex e-con-boxed e-con e-parent\" data-id=\"5b6acd6\" data-element_type=\"container\" data-e-type=\"container\">\n\t\t\t\t\t<div class=\"e-con-inner\">\n\t\t<div class=\"elementor-element elementor-element-5b00241 e-con-full e-flex e-con e-child\" data-id=\"5b00241\" data-element_type=\"container\" data-e-type=\"container\">\n\t\t\t\t<\/div>\n\t\t<div class=\"elementor-element elementor-element-3a8b667 e-con-full e-flex e-con e-child\" data-id=\"3a8b667\" data-element_type=\"container\" data-e-type=\"container\">\n\t\t\t\t<div class=\"elementor-element elementor-element-5958df9 elementor-widget elementor-widget-text-editor\" data-id=\"5958df9\" data-element_type=\"widget\" data-e-type=\"widget\" data-widget_type=\"text-editor.default\">\n\t\t\t\t<div class=\"elementor-widget-container\">\n\t\t\t\t\t\t\t\t\tCasablanca, en \u00e1rabe Dar-al-Beida, su nombre no proviene del espa\u00f1ol, sino del portugu\u00e9s, ya que en 1770 un terremoto destruy\u00f3 un asentamiento portugu\u00e9s cercano llamado Casa Branca, entonces los habitantes se trasladaron al nuevo asentamiento creado por el sult\u00e1n Mohammed III y conservaron el nombre, m\u00e1s tarde los espa\u00f1oles crearon un puerto y pusieron el nombre de Casablanca a la ciudad. Es, por tanto, una ciudad sin un pasado poderoso, la poblaci\u00f3n de la ciudad en 1860 era de 8.000h. 20.000 en 1907 en 1930 ya son 106.000, hoy es la mayor ciudad marroqu\u00ed con m\u00e1s de 4 millones.\r\n\r\nEl visitante que no espere encontrar una gran medina la encontrar\u00e1, pero diminuta y sin inter\u00e9s, Casablanca es el motor econ\u00f3mico del pa\u00eds, el mayor puerto de \u00c1frica, la gran ciudad industrial. Casablanca huye de los t\u00f3picos de lo que se espera de una ciudad marroqu\u00ed, y a menudo uno no sabe de qu\u00e9 lado del estrecho se encuentra.\r\n\r\nGrandes arterias y avenidas arboladas dibujan la contemporaneidad de rascacielos y edificios de arquitectura contempor\u00e1nea. Casablanca se compone de tres m\u00f3dulos, la peque\u00f1a medina, que va desde el puerto hasta la plaza de las Naciones Unidas, medina que muestra c\u00f3mo era la ciudad cuando los franceses pensaron en ella y la ampliaron hasta convertirla en el mayor puerto marroqu\u00ed durante el protectorado.\r\n\r\nPrecisamente el protectorado dot\u00f3 a esta ciudad de su segundo m\u00f3dulo y el m\u00e1s atractivo en t\u00e9rminos tur\u00edsticos. la ciudad creada por los franceses. Aunque suene extra\u00f1o, Casablanca es una de las ciudades con mayor patrimonio arquitect\u00f3nico y de decoraci\u00f3n art\u00edstica ornamental del mundo.\r\n\r\nLos grandes arquitectos franceses no se atrevieron a construir con el reci\u00e9n descubierto hormig\u00f3n armado, no lo vieron tan conveniente en las grandes ciudades francesas llenas de historia y decidieron experimentar con el ensanche de Casablanca, fue una gran suerte para esta ciudad blanca, se convirti\u00f3 durante a\u00f1os en el gran laboratorio de investigaci\u00f3n para los mejores arquitectos y urbanistas de Francia y los mejores dise\u00f1adores italianos. Avenidas aireadas y racionales, edificios de decoraci\u00f3n art\u00edstica de varias alturas, hermosas calles y plazas, un espacio administrativo central impecable con todas las necesidades de una ciudad moderna de principios del siglo XX con el mercado, correos, ayuntamiento, palacio de justicia, una imponente iglesia, anta\u00f1o dedicada al Coraz\u00f3n de Jes\u00fas y ahora para usos expositivos, \u00a1todo arte de dise\u00f1o!\r\n\r\nPasear por esta ciudad es visitar un museo de este estilo arquitect\u00f3nico, y la vista se posa en fachadas, barandillas, dise\u00f1os de puertas y elementos decorativos, todo en un impecable estilo art\u00edstico. Lejos del centro, otro inmenso edificio de \u00e9poca es el antiguo matadero.\r\n\r\nPor \u00faltimo, est\u00e1 la ciudad creada tras la independencia, con interminables calles atestadas de coches como cualquier otra ciudad europea, con presencia de grandes marcas, galer\u00edas de arte contempor\u00e1neo y bares donde se puede beber alcohol. En esta ciudad, muchos hombres de negocios europeos se apresuran con sus coches de cristales tintados para participar en una reuni\u00f3n, asistir a un encuentro internacional o visitar una feria.\r\n\r\nEn Casablanca, como ya hemos indicado, lo que se impone al turista es recorrer la ciudad creada por los franceses entre 1912 y 1940, pasear por el gran parque llamado de la Liga \u00c1rabe, visitar el Museo del Juda\u00edsmo, \u00fanico museo de cultura jud\u00eda en un pa\u00eds musulm\u00e1n, contemplar la Vila des Arts, un encantador espacio expositivo para la difusi\u00f3n de las vanguardias art\u00edsticas en el contenedor de una villa Art D\u00e9co.\r\n\r\nOtra Casablanca tambi\u00e9n puede interesar al visitante, el nuevo medio de comunicaci\u00f3n conocido como el Hubus, es toda una creaci\u00f3n de los a\u00f1os veinte pero con un acertado aroma a medina tradicional. En Casablanca lo que se ofrece al visitante es una mirada inesperada al pa\u00eds fuera de t\u00f3picos, la cara m\u00e1s contempor\u00e1nea de todo Marruecos.\r\n\r\nPara los turistas, hace unos a\u00f1os se a\u00f1adi\u00f3 un nuevo elemento a visitar, la nueva e inmensa mezquita Hassan II justo al borde del mar con un inmenso haz de luz l\u00e1ser que indica la direcci\u00f3n hacia La Meca, esta es una de las poqu\u00edsimas mezquitas visitables por no musulmanes en todo Marruecos, el resto debido a una prohibici\u00f3n, no cor\u00e1nica, sino del poder colonial franc\u00e9s, impide a los no musulmanes acceder a ella.\r\n\r\nLa mezquita Hassan II permite la entrada a los no musulmanes siempre que no coincida con las horas de oraci\u00f3n. Por \u00faltimo, tambi\u00e9n es recomendable pasear por las numerosas playas y acantilados de sus alrededores y degustar la excelente cocina marinera de su inmejorable oferta gastron\u00f3mica.\t\t\t\t\t\t\t\t<\/div>\n\t\t\t\t<\/div>\n\t\t\t\t<\/div>\n\t\t\t\t\t<\/div>\n\t\t\t\t<\/div>\n\t\t\t\t<\/div>\n\t\t","protected":false},"excerpt":{"rendered":"<p>Ciudad de Casablanca Casablanca, en \u00e1rabe Dar-al-Beida, su nombre no proviene del espa\u00f1ol, sino del portugu\u00e9s, ya que en 1770 un terremoto destruy\u00f3 un asentamiento portugu\u00e9s cercano llamado Casa Branca, entonces los habitantes se trasladaron al nuevo asentamiento creado por el sult\u00e1n Mohammed III y conservaron el nombre, m\u00e1s tarde los espa\u00f1oles crearon un puerto [&hellip;]<\/p>\n","protected":false},"author":1,"featured_media":0,"parent":0,"menu_order":0,"comment_status":"closed","ping_status":"closed","template":"elementor_header_footer","meta":{"footnotes":""},"class_list":["post-1543","page","type-page","status-publish","hentry"],"blocksy_meta":[],"_links":{"self":[{"href":"https:\/\/moroccodesertlines.com\/es\/wp-json\/wp\/v2\/pages\/1543","targetHints":{"allow":["GET"]}}],"collection":[{"href":"https:\/\/moroccodesertlines.com\/es\/wp-json\/wp\/v2\/pages"}],"about":[{"href":"https:\/\/moroccodesertlines.com\/es\/wp-json\/wp\/v2\/types\/page"}],"author":[{"embeddable":true,"href":"https:\/\/moroccodesertlines.com\/es\/wp-json\/wp\/v2\/users\/1"}],"replies":[{"embeddable":true,"href":"https:\/\/moroccodesertlines.com\/es\/wp-json\/wp\/v2\/comments?post=1543"}],"version-history":[{"count":3,"href":"https:\/\/moroccodesertlines.com\/es\/wp-json\/wp\/v2\/pages\/1543\/revisions"}],"predecessor-version":[{"id":1546,"href":"https:\/\/moroccodesertlines.com\/es\/wp-json\/wp\/v2\/pages\/1543\/revisions\/1546"}],"wp:attachment":[{"href":"https:\/\/moroccodesertlines.com\/es\/wp-json\/wp\/v2\/media?parent=1543"}],"curies":[{"name":"wp","href":"https:\/\/api.w.org\/{rel}","templated":true}]}}