{"id":1539,"date":"2024-06-01T11:29:58","date_gmt":"2024-06-01T11:29:58","guid":{"rendered":"https:\/\/moroccodesertlines.com\/ciudad-de-agadir\/"},"modified":"2024-07-09T10:45:53","modified_gmt":"2024-07-09T10:45:53","slug":"ciudad-de-agadir","status":"publish","type":"page","link":"https:\/\/moroccodesertlines.com\/es\/ciudad-de-agadir\/","title":{"rendered":"Ciudad de Agadir"},"content":{"rendered":"\t\t<div data-elementor-type=\"wp-page\" data-elementor-id=\"1539\" class=\"elementor elementor-1539 elementor-471\" data-elementor-post-type=\"page\">\n\t\t\t\t<div class=\"elementor-element elementor-element-4d5f140 e-flex e-con-boxed e-con e-parent\" data-id=\"4d5f140\" data-element_type=\"container\" data-e-type=\"container\" data-settings=\"{&quot;background_background&quot;:&quot;classic&quot;}\">\n\t\t\t\t\t<div class=\"e-con-inner\">\n\t\t\t\t<div class=\"elementor-element elementor-element-f18924d elementor-widget elementor-widget-heading\" data-id=\"f18924d\" data-element_type=\"widget\" data-e-type=\"widget\" data-widget_type=\"heading.default\">\n\t\t\t\t<div class=\"elementor-widget-container\">\n\t\t\t\t\t<h1 class=\"elementor-heading-title elementor-size-default\">Ciudad de Agadir<\/h1>\t\t\t\t<\/div>\n\t\t\t\t<\/div>\n\t\t\t\t<div class=\"elementor-element elementor-element-87ab090 elementor-widget elementor-widget-shortcode\" data-id=\"87ab090\" data-element_type=\"widget\" data-e-type=\"widget\" data-widget_type=\"shortcode.default\">\n\t\t\t\t<div class=\"elementor-widget-container\">\n\t\t\t\t\t\t\t<div class=\"elementor-shortcode\"><nav aria-label=\"breadcrumbs\" class=\"rank-math-breadcrumb\"><p><span class=\"last\">Home<\/span><\/p><\/nav><\/div>\n\t\t\t\t\t\t<\/div>\n\t\t\t\t<\/div>\n\t\t\t\t\t<\/div>\n\t\t\t\t<\/div>\n\t\t<div class=\"elementor-element elementor-element-5b6acd6 e-flex e-con-boxed e-con e-parent\" data-id=\"5b6acd6\" data-element_type=\"container\" data-e-type=\"container\">\n\t\t\t\t\t<div class=\"e-con-inner\">\n\t\t<div class=\"elementor-element elementor-element-5b00241 e-con-full e-flex e-con e-child\" data-id=\"5b00241\" data-element_type=\"container\" data-e-type=\"container\">\n\t\t\t\t<\/div>\n\t\t<div class=\"elementor-element elementor-element-3a8b667 e-con-full e-flex e-con e-child\" data-id=\"3a8b667\" data-element_type=\"container\" data-e-type=\"container\">\n\t\t\t\t<div class=\"elementor-element elementor-element-5958df9 elementor-widget elementor-widget-text-editor\" data-id=\"5958df9\" data-element_type=\"widget\" data-e-type=\"widget\" data-widget_type=\"text-editor.default\">\n\t\t\t\t<div class=\"elementor-widget-container\">\n\t\t\t\t\t\t\t\t\t<p>AGADIR: La ciudad no tiene los encantos de las otras ciudades marroqu\u00edes, una antigua medina, monumentos, todo en ella fue destruido en el terremoto de 1960, junto a ella se dise\u00f1\u00f3 otra ciudad, pero esta falta de patrimonio no ha impedido que esta moderna ciudad se haya convertido en la segunda m\u00e1s tur\u00edstica de todo el pa\u00eds solo por detr\u00e1s de Marrakech.<\/p>\n<p>La fama y su importancia tur\u00edstica vendr\u00e1 por los 9 km. de su incre\u00edble playa bien resguardada, segura y su clima m\u00e1s incre\u00edble que hace que las temperaturas pasen de poco m\u00e1s de cero a no superar los 30, a eso hay que sumarle una de las ofertas gastron\u00f3micas y hoteleras m\u00e1s potentes de todo el pa\u00eds.<\/p>\n<p>En sus calles y avenidas se pueden escuchar todas las lenguas de la vieja Europa y todos los rasgos f\u00edsicos europeos.<\/p>\n<p>Se puede visitar el museo municipal del patrimonio amazigh (bereber), as\u00ed como los restos de las murallas de la antigua medina devastada por el terremoto. Agadir es tambi\u00e9n la puerta del gran desierto que se abre en su frente sur, el oc\u00e9ano de arena se abre cerca de sus avenidas junto al mar, sus bares, restaurantes y hoteles.<\/p>\n\t\t\t\t\t\t\t\t<\/div>\n\t\t\t\t<\/div>\n\t\t\t\t<\/div>\n\t\t\t\t\t<\/div>\n\t\t\t\t<\/div>\n\t\t\t\t<\/div>\n\t\t","protected":false},"excerpt":{"rendered":"<p>Ciudad de Agadir AGADIR: La ciudad no tiene los encantos de las otras ciudades marroqu\u00edes, una antigua medina, monumentos, todo en ella fue destruido en el terremoto de 1960, junto a ella se dise\u00f1\u00f3 otra ciudad, pero esta falta de patrimonio no ha impedido que esta moderna ciudad se haya convertido en la segunda m\u00e1s [&hellip;]<\/p>\n","protected":false},"author":1,"featured_media":0,"parent":0,"menu_order":0,"comment_status":"closed","ping_status":"closed","template":"elementor_header_footer","meta":{"footnotes":""},"class_list":["post-1539","page","type-page","status-publish","hentry"],"blocksy_meta":[],"_links":{"self":[{"href":"https:\/\/moroccodesertlines.com\/es\/wp-json\/wp\/v2\/pages\/1539","targetHints":{"allow":["GET"]}}],"collection":[{"href":"https:\/\/moroccodesertlines.com\/es\/wp-json\/wp\/v2\/pages"}],"about":[{"href":"https:\/\/moroccodesertlines.com\/es\/wp-json\/wp\/v2\/types\/page"}],"author":[{"embeddable":true,"href":"https:\/\/moroccodesertlines.com\/es\/wp-json\/wp\/v2\/users\/1"}],"replies":[{"embeddable":true,"href":"https:\/\/moroccodesertlines.com\/es\/wp-json\/wp\/v2\/comments?post=1539"}],"version-history":[{"count":3,"href":"https:\/\/moroccodesertlines.com\/es\/wp-json\/wp\/v2\/pages\/1539\/revisions"}],"predecessor-version":[{"id":1542,"href":"https:\/\/moroccodesertlines.com\/es\/wp-json\/wp\/v2\/pages\/1539\/revisions\/1542"}],"wp:attachment":[{"href":"https:\/\/moroccodesertlines.com\/es\/wp-json\/wp\/v2\/media?parent=1539"}],"curies":[{"name":"wp","href":"https:\/\/api.w.org\/{rel}","templated":true}]}}